{"id":10,"date":"2020-11-17T21:23:21","date_gmt":"2020-11-17T19:23:21","guid":{"rendered":"https:\/\/www.dianagubas.com\/wp\/?page_id=10"},"modified":"2022-05-03T16:59:49","modified_gmt":"2022-05-03T14:59:49","slug":"povestea-mea","status":"publish","type":"page","link":"https:\/\/www.dianagubas.com\/en\/povestea-mea\/","title":{"rendered":"My Story"},"content":{"rendered":"<p>[et_pb_section fb_built=&#8221;1&#8243; disabled_on=&#8221;off|off|off&#8221; module_id=&#8221;custom-header&#8221; module_class=&#8221;transparent-menu&#8221; _builder_version=&#8221;4.17.3&#8243; _module_preset=&#8221;default&#8221; background_image=&#8221;https:\/\/www.dianagubas.com\/new\/wp-content\/uploads\/2020\/12\/DANC5710-Edit-scaled.jpg&#8221; width=&#8221;100%&#8221; max_width=&#8221;100%&#8221; module_alignment=&#8221;center&#8221; custom_margin=&#8221;0px||0px||true|false&#8221; custom_padding=&#8221;36px||36px||true|false&#8221; global_colors_info=&#8221;{}&#8221;][et_pb_row _builder_version=&#8221;4.16&#8243; _module_preset=&#8221;default&#8221; global_colors_info=&#8221;{}&#8221;][et_pb_column type=&#8221;4_4&#8243; _builder_version=&#8221;4.16&#8243; _module_preset=&#8221;default&#8221; global_colors_info=&#8221;{}&#8221;][et_pb_text _builder_version=&#8221;4.16&#8243; _module_preset=&#8221;default&#8221; header_text_align=&#8221;center&#8221; header_text_color=&#8221;#FFFFFF&#8221; width=&#8221;96%&#8221; module_alignment=&#8221;center&#8221; custom_margin=&#8221;35%||||false|false&#8221; global_colors_info=&#8221;{}&#8221;]<\/p>\n<h1 style=\"text-align: center;\">Ne putem descoperi doar atunci<br \/>c\u00e2nd ne conect\u0103m cu sinele!<\/h1>\n<p><img decoding=\"async\" class=\"aligncenter wp-image-49760 size-large\" src=\"https:\/\/www.dianagubas.com\/new\/wp-content\/uploads\/2021\/06\/simbol_white.svg\" alt=\"\" width=\"80\" \/><\/p>\n<p>[\/et_pb_text][\/et_pb_column][\/et_pb_row][\/et_pb_section][et_pb_section fb_built=&#8221;1&#8243; _builder_version=&#8221;4.16&#8243; _module_preset=&#8221;default&#8221; global_colors_info=&#8221;{}&#8221;][et_pb_row column_structure=&#8221;1_4,3_4&#8243; _builder_version=&#8221;4.16&#8243; _module_preset=&#8221;default&#8221; global_colors_info=&#8221;{}&#8221;][et_pb_column type=&#8221;1_4&#8243; _builder_version=&#8221;4.16&#8243; _module_preset=&#8221;default&#8221; global_colors_info=&#8221;{}&#8221;][et_pb_image src=&#8221;https:\/\/www.dianagubas.com\/new\/wp-content\/uploads\/2020\/12\/DANC5244-Edit-2-667&#215;1000.jpg&#8221; title_text=&#8221;DANC5244-Edit-2&#8243; _builder_version=&#8221;4.16&#8243; _module_preset=&#8221;default&#8221; global_colors_info=&#8221;{}&#8221;][\/et_pb_image][\/et_pb_column][et_pb_column type=&#8221;3_4&#8243; _builder_version=&#8221;4.16&#8243; _module_preset=&#8221;default&#8221; global_colors_info=&#8221;{}&#8221;][et_pb_text _builder_version=&#8221;4.16&#8243; _module_preset=&#8221;default&#8221; global_colors_info=&#8221;{}&#8221;]<\/p>\n<h5>\u00ce\u021aI MUL\u021aUMESC PENTRU INTERESUL DE A M\u0102 CUNOA\u0218TE MAI BINE!<\/h5>\n<p>Eu sunt Diana \u0219i sunt fericit\u0103 c\u0103 te afli aici, pentru c\u0103 asta \u00eenseamn\u0103 c\u0103 e\u0219ti gata pentru o c\u0103l\u0103torie c\u0103tre \u201emai bine\u201d \u00eempreun\u0103 cu mine.<\/p>\n<p>Ca s\u0103 ai o idee despre parcursul meu, am absolvit Academia de Educa\u021bie Fizic\u0103 \u0219i Sport din Bucure\u0219ti cu specializarea \u00een kinetoterapie. \u00centotdeauna am fost pasionat\u0103 de s\u0103n\u0103tate, iar experien\u021bele \u00een via\u021b\u0103 \u00eentotdeauna m-au adus pe aceast\u0103 cale. \u00cendr\u0103znesc s\u0103 cred c\u0103 domeniul m-a ales pe mine \u0219i viceversa. Am lucrat 11 ani \u00een centre spa pe vapoare de croazier\u0103, ceea ce mi-a oferit \u0219i \u0219ansa de a colinda prin mai toat\u0103 lumea.<\/p>\n<p>\u00cen prezent, locuiesc \u00een Bra\u0219ov \u00eenconjurat\u0103 de o familie minunat\u0103 \u0219i un cerc de prieteni pe m\u0103sur\u0103. Jobul meu full-time de mam\u0103 a unei feti\u021be curioase \u0219i energice de 8 ani \u00eemi las\u0103, din fericire, suficient timp pentru a-mi explora \u00een continuare pasiunile. Astfel, \u00een 2017 am descoperit uleiurile esen\u021biale doTerra, iar dup\u0103 o documentare ca la carte, am \u00eenceput s\u0103 le folosim cu to\u021bii sub toate formele: aromatic, topic \u0219i intern. Propriet\u0103\u021bile \u0219i eficien\u021ba testat\u0103 m-au determinat s\u0103 le recomand mai departe \u0219i s\u0103 aprofundez subiectul, iar \u00een 2019 m-am specializat \u0219i \u00een Aromaterapie.<\/p>\n<p>Particip constant la conferin\u021be sus\u021binute de exper\u021bi locali \u0219i interna\u021bionali \u00een Aromaterapie, pentru a fi la curent cu toate nout\u0103\u021bile \u0219i pentru a m\u0103 asigura c\u0103 ofer cele mai bune recomand\u0103ri de uleiuri esen\u021biale doTerra. Consider c\u0103 procesul de dezvoltare a propriei persoane nu se opre\u0219te niciodat\u0103, iar acest lucru se reflect\u0103 \u00een fiecare nivel al activit\u0103\u021bii mele.<\/p>\n<\/p>\n<h3>Diana Guba\u0219<\/h3>\n<h5>Aromatherapeut &amp; Holistic Therapist<\/h5>\n<p>[\/et_pb_text][\/et_pb_column][\/et_pb_row][\/et_pb_section][et_pb_section fb_built=&#8221;1&#8243; _builder_version=&#8221;4.16&#8243; _module_preset=&#8221;default&#8221; background_enable_color=&#8221;off&#8221; background_image=&#8221;https:\/\/www.dianagubas.com\/new\/wp-content\/uploads\/2020\/12\/DianaGubas_Website-03-1-scaled.jpg&#8221; global_colors_info=&#8221;{}&#8221;][et_pb_row _builder_version=&#8221;4.16&#8243; _module_preset=&#8221;default&#8221; global_colors_info=&#8221;{}&#8221;][et_pb_column type=&#8221;4_4&#8243; _builder_version=&#8221;4.16&#8243; _module_preset=&#8221;default&#8221; global_colors_info=&#8221;{}&#8221;][et_pb_gallery gallery_ids=&#8221;575,477,464,460,577&#8243; dbdb_version=&#8221;3.8.4&#8243; show_title_and_caption=&#8221;off&#8221; show_pagination=&#8221;off&#8221; _builder_version=&#8221;4.16&#8243; _module_preset=&#8221;default&#8221; global_colors_info=&#8221;{}&#8221;][\/et_pb_gallery][\/et_pb_column][\/et_pb_row][\/et_pb_section][et_pb_section fb_built=&#8221;1&#8243; _builder_version=&#8221;4.16&#8243; _module_preset=&#8221;default&#8221; border_width_top=&#8221;1px&#8221; border_color_top=&#8221;#e3e0df&#8221; global_colors_info=&#8221;{}&#8221;][et_pb_row column_structure=&#8221;1_2,1_2&#8243; module_class=&#8221;border-up-down&#8221; _builder_version=&#8221;4.16&#8243; _module_preset=&#8221;default&#8221; global_colors_info=&#8221;{}&#8221;][et_pb_column type=&#8221;1_2&#8243; _builder_version=&#8221;4.16&#8243; _module_preset=&#8221;default&#8221; global_colors_info=&#8221;{}&#8221;][et_pb_text _builder_version=&#8221;4.16&#8243; _module_preset=&#8221;default&#8221; global_colors_info=&#8221;{}&#8221;]<\/p>\n<h5>CINE E OMUL DIANA<\/h5>\n<p>Pentru c\u0103 diplomele \u0219i studiile nu sunt concludente \u00een cunoa\u0219terea profund\u0103, hai s\u0103 \u00ee\u021bi povestesc pu\u021bin despre cine sunt cu adev\u0103rat \u0219i cum am ajuns aici.<\/p>\n<p>\u00centotdeauna am fost pasionat\u0103 de natur\u0103, s\u0103n\u0103tate, nutri\u021bie, spiritualitate \u0219i modalit\u0103\u021bile prin care putem atinge idealul de minte s\u0103n\u0103toas\u0103 \u00eentr-un corp la fel de s\u0103n\u0103tos. \u00cemi investesc tot timpul \u0219i energia \u00een dezvoltarea personal\u0103 \u0219i documentarea pe temele care m\u0103 intereseaz\u0103, astfel \u00eenc\u00e2t s\u0103 pot \u00eemp\u0103rt\u0103\u0219i informa\u021bii valoroase cu cei care \u00eemi \u00eemp\u0103rt\u0103\u0219esc viziunea.<\/p>\n<p>[\/et_pb_text][\/et_pb_column][et_pb_column type=&#8221;1_2&#8243; _builder_version=&#8221;4.16&#8243; _module_preset=&#8221;default&#8221; global_colors_info=&#8221;{}&#8221;][et_pb_image src=&#8221;https:\/\/www.dianagubas.com\/new\/wp-content\/uploads\/2020\/12\/DANC5854-Edit-750&#215;500.jpg&#8221; title_text=&#8221;DANC5854-Edit&#8221; _builder_version=&#8221;4.16&#8243; _module_preset=&#8221;default&#8221; border_radii=&#8221;on|10px|10px|10px|10px&#8221; global_colors_info=&#8221;{}&#8221;][\/et_pb_image][et_pb_text _builder_version=&#8221;4.16&#8243; _module_preset=&#8221;default&#8221; global_colors_info=&#8221;{}&#8221;]<\/p>\n<p>Nu am optat aleatoriu pentru uleiurile esen\u021biale \u0219i produsele doTerra. Le-am ales pentru c\u0103 efectele pozitive ale acestora sunt dovedite \u0219i cred cu t\u0103rie c\u0103 ne pot ajuta s\u0103 atingem bun\u0103starea fizic\u0103 \u0219i emo\u021bional\u0103, \u00een combina\u021bie cu obiceiuri s\u0103n\u0103toase. Sunt aici pentru a te ajuta s\u0103 g\u0103se\u0219ti solu\u021bii organice pliate perfect pe nevoile tale \u0219i ale familiei tale, \u00eentruc\u00e2t natura e antidotul pentru o gam\u0103 larg\u0103 de nereguli ale organismului.<\/p>\n<p>Cred cu t\u0103rie c\u0103 ne putem descoperi doar atunci c\u00e2nd ne conect\u0103m cu sinele \u0219i c\u0103 natura e cel mai puternic accelerator \u00een acest proces profund. Aspira\u021bia mea s\u0103 inspir c\u00e2t mai mul\u021bi oameni s\u0103 se \u00eentoarc\u0103 la natur\u0103 \u0219i s\u0103 ating\u0103 armonia sublim\u0103 cu ajutorul ei.<br \/>Sunt recunosc\u0103toare c\u0103 fac parte din marele proiect doTerra \u0219i c\u0103 pot contribui la \u00eembun\u0103t\u0103\u021birea vie\u021bii at\u00e2tor oameni, pic\u0103tur\u0103 parfumat\u0103 cu pic\u0103tur\u0103 parfumat\u0103.<\/p>\n<p><img loading=\"lazy\" decoding=\"async\" class=\"wp-image-50284 alignnone size-full\" src=\"https:\/\/www.dianagubas.com\/new\/wp-content\/uploads\/2021\/08\/doterra_logo-uai-258x53-1.png\" alt=\"\" width=\"258\" height=\"53\" srcset=\"https:\/\/www.dianagubas.com\/new\/wp-content\/uploads\/2021\/08\/doterra_logo-uai-258x53-1.png 258w, https:\/\/www.dianagubas.com\/new\/wp-content\/uploads\/2021\/08\/doterra_logo-uai-258x53-1-18x4.png 18w\" sizes=\"(max-width: 258px) 100vw, 258px\" \/><\/p>\n<p>[\/et_pb_text][\/et_pb_column][\/et_pb_row][\/et_pb_section][et_pb_section fb_built=&#8221;1&#8243; _builder_version=&#8221;4.16&#8243; _module_preset=&#8221;default&#8221; background_color=&#8221;#d4c88b&#8221; global_colors_info=&#8221;{}&#8221;][et_pb_row column_structure=&#8221;1_2,1_2&#8243; _builder_version=&#8221;4.16&#8243; _module_preset=&#8221;default&#8221; global_colors_info=&#8221;{}&#8221;][et_pb_column type=&#8221;1_2&#8243; _builder_version=&#8221;4.16&#8243; _module_preset=&#8221;default&#8221; global_colors_info=&#8221;{}&#8221;][et_pb_image src=&#8221;https:\/\/www.dianagubas.com\/new\/wp-content\/uploads\/2020\/12\/16&#215;9-1600&#215;900-reed-diffuser-us-en-web.jpg&#8221; title_text=&#8221;16&#215;9-1600&#215;900-reed-diffuser-us-en-web&#8221; _builder_version=&#8221;4.16&#8243; _module_preset=&#8221;default&#8221; global_colors_info=&#8221;{}&#8221;][\/et_pb_image][\/et_pb_column][et_pb_column type=&#8221;1_2&#8243; _builder_version=&#8221;4.16&#8243; _module_preset=&#8221;default&#8221; global_colors_info=&#8221;{}&#8221;][et_pb_text _builder_version=&#8221;4.16&#8243; _module_preset=&#8221;default&#8221; global_colors_info=&#8221;{}&#8221;]<\/p>\n<h5>AROMATHERAPY BY D\u014cTERRA<\/h5>\n<p class=\"heading-text\">&#8221; Bucur\u0103-te de darul p\u0103m\u00e2ntului \u0219i include aceste produse cu propriet\u0103\u021bi uimitoare \u00een via\u021ba ta.<\/p>\n<p>[\/et_pb_text][et_pb_button button_url=&#8221;\/creare-cont-doterra\/#membru&#8221; button_text=&#8221;Vreau cont d\u014dTERRA&#8221; _builder_version=&#8221;4.16&#8243; _module_preset=&#8221;default&#8221; global_colors_info=&#8221;{}&#8221;][\/et_pb_button][et_pb_button button_url=&#8221;\/creare-cont-doterra\/&#8221; button_text=&#8221;De ce sa \u00eemi fac cont d\u014dTERRA?&#8221; _builder_version=&#8221;4.16&#8243; _module_preset=&#8221;default&#8221; custom_button=&#8221;on&#8221; button_text_size=&#8221;16px&#8221; button_text_color=&#8221;#151515&#8243; button_bg_color=&#8221;RGBA(0,0,0,0)&#8221; button_border_color=&#8221;#151515&#8243; button_font=&#8221;|||on|||||&#8221; button_use_icon=&#8221;off&#8221; global_colors_info=&#8221;{}&#8221; button_bg_color__hover_enabled=&#8221;on|hover&#8221; button_bg_color__hover=&#8221;#151515&#8243; button_bg_enable_color__hover=&#8221;on&#8221; button_text_color__hover_enabled=&#8221;on|hover&#8221; button_text_color__hover=&#8221;#ffffff&#8221;][\/et_pb_button][\/et_pb_column][\/et_pb_row][\/et_pb_section][et_pb_section fb_built=&#8221;1&#8243; _builder_version=&#8221;4.16&#8243; _module_preset=&#8221;default&#8221; global_colors_info=&#8221;{}&#8221;][et_pb_row column_structure=&#8221;1_4,3_4&#8243; _builder_version=&#8221;4.16&#8243; _module_preset=&#8221;default&#8221; global_colors_info=&#8221;{}&#8221;][et_pb_column type=&#8221;1_4&#8243; _builder_version=&#8221;4.16&#8243; _module_preset=&#8221;default&#8221; global_colors_info=&#8221;{}&#8221;][et_pb_text _builder_version=&#8221;4.16&#8243; _module_preset=&#8221;default&#8221; global_colors_info=&#8221;{}&#8221;]<\/p>\n<p class=\"heading-text\">Las\u0103 natura s\u0103 hr\u0103neasc\u0103 lumea ta interioar\u0103!<\/p>\n<h5>DESCOPER\u0102 MAI MULTE PE <br \/>\nINSTAGRAM &#038; FACEBOOK<\/h5>\n<p>[\/et_pb_text][\/et_pb_column][et_pb_column type=&#8221;3_4&#8243; _builder_version=&#8221;4.16&#8243; _module_preset=&#8221;default&#8221; global_colors_info=&#8221;{}&#8221;][et_pb_code _builder_version=&#8221;4.16&#8243; _module_preset=&#8221;default&#8221; global_colors_info=&#8221;{}&#8221;][instagram-feed][\/et_pb_code][\/et_pb_column][\/et_pb_row][\/et_pb_section]<\/p>\n","protected":false},"excerpt":{"rendered":"<p>Ne putem descoperi doar atuncic\u00e2nd ne conect\u0103m cu sinele! \u00ce\u021aI MUL\u021aUMESC PENTRU INTERESUL DE A M\u0102 CUNOA\u0218TE MAI BINE! Eu sunt Diana \u0219i sunt fericit\u0103 c\u0103 te afli aici, pentru c\u0103 asta \u00eenseamn\u0103 c\u0103 e\u0219ti gata pentru o c\u0103l\u0103torie c\u0103tre \u201emai bine\u201d \u00eempreun\u0103 cu mine. Ca s\u0103 ai o idee despre parcursul meu, am absolvit [&hellip;]<\/p>\n","protected":false},"author":1,"featured_media":578,"parent":0,"menu_order":0,"comment_status":"closed","ping_status":"closed","template":"","meta":{"_acf_changed":false,"_et_pb_use_builder":"on","_et_pb_old_content":"[vc_row row_height_percent=\"0\" overlay_alpha=\"50\" gutter_size=\"3\" column_width_percent=\"100\" shift_y=\"0\" z_index=\"0\" desktop_visibility=\"yes\" medium_visibility=\"yes\" mobile_visibility=\"yes\"][vc_column width=\"1\/4\"][\/vc_column][vc_column column_width_percent=\"100\" align_horizontal=\"align_center\" gutter_size=\"3\" overlay_alpha=\"50\" shift_x=\"0\" shift_y=\"0\" shift_y_down=\"0\" z_index=\"0\" medium_width=\"0\" mobile_width=\"0\" width=\"1\/2\"][vc_custom_heading heading_semantic=\"h6\" text_font=\"font-191838\" text_size=\"h6\" text_weight=\"400\" text_transform=\"uppercase\" text_space=\"fontspace-775570\"]Coming Soon[\/vc_custom_heading][vc_empty_space empty_h=\"2\" medium_visibility=\"yes\" mobile_visibility=\"yes\"][\/vc_column][vc_column width=\"1\/4\"][\/vc_column][\/vc_row][vc_row unlock_row_content=\"yes\" row_height_percent=\"0\" override_padding=\"yes\" h_padding=\"2\" top_padding=\"3\" bottom_padding=\"3\" overlay_alpha=\"50\" gutter_size=\"3\" column_width_percent=\"100\" shift_y=\"0\" z_index=\"0\"][vc_column column_width_percent=\"100\" gutter_size=\"3\" overlay_alpha=\"50\" shift_x=\"0\" shift_y=\"0\" shift_y_down=\"0\" z_index=\"0\" medium_width=\"4\" mobile_width=\"0\" width=\"2\/6\"][vc_single_image media=\"575\" media_width_percent=\"100\" shape=\"img-round\" radius=\"lg\" css_animation=\"alpha-anim\"][vc_empty_space empty_h=\"1\"][\/vc_column][vc_column column_width_percent=\"100\" gutter_size=\"3\" overlay_alpha=\"50\" shift_x=\"0\" shift_y=\"0\" shift_y_down=\"0\" z_index=\"0\" medium_visibility=\"yes\" medium_width=\"0\" mobile_visibility=\"yes\" mobile_width=\"0\" width=\"1\/6\"][\/vc_column][vc_column column_width_percent=\"100\" gutter_size=\"0\" overlay_alpha=\"50\" shift_x=\"0\" shift_y=\"0\" shift_y_down=\"0\" z_index=\"0\" medium_width=\"4\" mobile_width=\"0\" width=\"3\/6\"][vc_custom_heading heading_semantic=\"h6\" text_font=\"font-191838\" text_size=\"h6\" text_weight=\"400\" text_transform=\"uppercase\" text_height=\"fontheight-122900\" text_space=\"fontspace-775570\" css_animation=\"alpha-anim\" animation_delay=\"100\" desktop_visibility=\"yes\" medium_visibility=\"yes\"]\u00ce\u021bi mul\u021bumesc pentru interesul de a m\u0103 cunoa\u0219te mai bine![\/vc_custom_heading][vc_empty_space empty_h=\"1\"][vc_custom_heading heading_semantic=\"h6\" text_font=\"font-191838\" text_size=\"h6\" text_weight=\"400\" text_transform=\"uppercase\" text_height=\"fontheight-122900\" text_space=\"fontspace-775570\" css_animation=\"alpha-anim\" animation_delay=\"100\" mobile_visibility=\"yes\"]\u00ce\u021bi mul\u021bumesc pentru interesul de a m\u0103 cunoa\u0219te mai bine![\/vc_custom_heading][vc_empty_space empty_h=\"2\"][vc_custom_heading heading_semantic=\"h4\" text_font=\"font-667502\" text_size=\"h4\" text_weight=\"400\" css_animation=\"alpha-anim\" animation_delay=\"200\"]Eu sunt Diana \u0219i sunt fericit\u0103 c\u0103 te afli aici, pentru c\u0103 asta \u00eenseamn\u0103 c\u0103 e\u0219ti gata pentru o c\u0103l\u0103torie c\u0103tre \u201emai bine\u201d \u00eempreun\u0103 cu mine.[\/vc_custom_heading][vc_empty_space empty_h=\"1\"][vc_custom_heading heading_semantic=\"h4\" text_font=\"font-667502\" text_size=\"h4\" text_weight=\"400\" css_animation=\"alpha-anim\" animation_delay=\"300\"]Ca s\u0103 ai o idee despre parcursul meu, am absolvit Academia de Educa\u021bie Fizic\u0103 \u0219i Sport din Bucure\u0219ti cu specializarea \u00een kinetoterapie. \u00centotdeauna am fost pasionat\u0103 de s\u0103n\u0103tate, iar experien\u021bele \u00een via\u021b\u0103 \u00eentotdeauna m-au adus pe aceast\u0103 cale. \u00cendr\u0103znesc s\u0103 cred c\u0103 domeniul m-a ales pe mine \u0219i viceversa. Am lucrat 11 ani \u00een centre spa pe vapoare de croazier\u0103, ceea ce mi-a oferit \u0219i \u0219ansa de a colinda prin mai toat\u0103 lumea.[\/vc_custom_heading][vc_empty_space empty_h=\"1\"][vc_custom_heading heading_semantic=\"h4\" text_font=\"font-667502\" text_size=\"h4\" text_weight=\"400\" css_animation=\"alpha-anim\" animation_delay=\"300\"]\u00cen prezent, locuiesc \u00een Bra\u0219ov \u00eenconjurat\u0103 de o familie minunat\u0103 \u0219i un cerc de prieteni pe m\u0103sur\u0103. Jobul meu full-time de mam\u0103 a unei feti\u021be curioase \u0219i energice de 8 ani \u00eemi las\u0103, din fericire, suficient timp pentru a-mi explora \u00een continuare pasiunile. Astfel, \u00een 2017 am descoperit uleiurile esen\u021biale doTerra, iar dup\u0103 o documentare ca la carte, am \u00eenceput s\u0103 le folosim cu to\u021bii sub toate formele: aromatic, topic \u0219i intern. Propriet\u0103\u021bile \u0219i eficien\u021ba testat\u0103 m-au determinat s\u0103 le recomand mai departe \u0219i s\u0103 aprofundez subiectul, iar \u00een 2019 m-am specializat \u0219i \u00een Aromaterapie.[\/vc_custom_heading][vc_empty_space empty_h=\"1\"][vc_custom_heading heading_semantic=\"h4\" text_font=\"font-667502\" text_size=\"h4\" text_weight=\"400\" css_animation=\"alpha-anim\" animation_delay=\"300\"]Particip constant la conferin\u021be sus\u021binute de exper\u021bi locali \u0219i interna\u021bionali \u00een Aromaterapie, pentru a fi la curent cu toate nout\u0103\u021bile \u0219i pentru a m\u0103 asigura c\u0103 ofer cele mai bune recomand\u0103ri de uleiuri esen\u021biale doTerra. Consider c\u0103 procesul de dezvoltare a propriei persoane nu se opre\u0219te niciodat\u0103, iar acest lucru se reflect\u0103 \u00een fiecare nivel al activit\u0103\u021bii mele.[\/vc_custom_heading][vc_empty_space empty_h=\"2\"][vc_custom_heading heading_semantic=\"h3\" text_font=\"font-695850\" text_size=\"h3\" text_weight=\"400\" sub_lead=\"small\" sub_reduced=\"yes\" css_animation=\"alpha-anim\" animation_delay=\"300\" subheading=\"Aromatherapeut & Holistic Therapist\"]Diana Guba\u0219[\/vc_custom_heading][vc_empty_space empty_h=\"1\"][\/vc_column][\/vc_row][vc_row unlock_row_content=\"yes\" row_height_percent=\"0\" back_color=\"accent\" back_image=\"917\" parallax=\"yes\" overlay_alpha=\"50\" gutter_size=\"3\" column_width_percent=\"100\" shift_y=\"0\" z_index=\"0\"][vc_column width=\"1\/1\"][vc_gallery el_id=\"gallery-178577\" type=\"carousel\" random=\"yes\" medias=\"577,464,477,460,575\" explode_albums=\"yes\" carousel_lg=\"4\" carousel_md=\"3\" carousel_sm=\"2\" gutter_size=\"3\" media_items=\"media|nolink|original\" carousel_interval=\"5000\" carousel_navspeed=\"1000\" carousel_loop=\"yes\" stage_padding=\"0\" single_shape=\"round\" radius=\"lg\" single_overlay_opacity=\"1\" single_padding=\"2\" single_border=\"yes\" single_css_animation=\"alpha-anim\" single_animation_first=\"yes\"][\/vc_column][\/vc_row][vc_row unlock_row_content=\"yes\" row_height_percent=\"0\" override_padding=\"yes\" h_padding=\"2\" top_padding=\"3\" bottom_padding=\"3\" overlay_alpha=\"50\" gutter_size=\"3\" column_width_percent=\"100\" shift_y=\"0\" z_index=\"0\"][vc_column column_width_percent=\"100\" gutter_size=\"0\" overlay_alpha=\"50\" shift_x=\"0\" shift_y=\"0\" shift_y_down=\"0\" z_index=\"0\" medium_width=\"4\" mobile_width=\"0\" width=\"2\/6\"][vc_custom_heading heading_semantic=\"h6\" text_font=\"font-191838\" text_size=\"h6\" text_weight=\"400\" text_transform=\"uppercase\" text_space=\"fontspace-775570\" css_animation=\"alpha-anim\" animation_delay=\"100\"]Cine e omul Diana[\/vc_custom_heading][vc_empty_space empty_h=\"2\"][vc_custom_heading heading_semantic=\"h4\" text_font=\"font-667502\" text_size=\"h4\" text_weight=\"400\" css_animation=\"alpha-anim\" animation_delay=\"300\"]Pentru c\u0103 diplomele \u0219i studiile nu sunt concludente \u00een cunoa\u0219terea profund\u0103, hai s\u0103 \u00ee\u021bi povestesc pu\u021bin despre cine sunt cu adev\u0103rat \u0219i cum am ajuns aici.[\/vc_custom_heading][vc_empty_space empty_h=\"1\"][vc_custom_heading heading_semantic=\"h4\" text_font=\"font-667502\" text_size=\"h4\" text_weight=\"400\" css_animation=\"alpha-anim\" animation_delay=\"300\"]\u00centotdeauna am fost pasionat\u0103 de natur\u0103, s\u0103n\u0103tate, nutri\u021bie, spiritualitate \u0219i modalit\u0103\u021bile prin care putem atinge idealul de minte s\u0103n\u0103toas\u0103 \u00eentr-un corp la fel de s\u0103n\u0103tos. \u00cemi investesc tot timpul \u0219i energia \u00een dezvoltarea personal\u0103 \u0219i documentarea pe temele care m\u0103 intereseaz\u0103, astfel \u00eenc\u00e2t s\u0103 pot \u00eemp\u0103rt\u0103\u0219i informa\u021bii valoroase cu cei care \u00eemi \u00eemp\u0103rt\u0103\u0219esc viziunea. [\/vc_custom_heading][\/vc_column][vc_column column_width_percent=\"100\" gutter_size=\"0\" overlay_alpha=\"50\" shift_x=\"0\" shift_y=\"0\" shift_y_down=\"0\" z_index=\"0\" medium_visibility=\"yes\" medium_width=\"0\" mobile_width=\"0\" width=\"1\/6\"][\/vc_column][vc_column column_width_percent=\"100\" gutter_size=\"0\" overlay_alpha=\"50\" shift_x=\"0\" shift_y=\"0\" shift_y_down=\"0\" z_index=\"0\" medium_width=\"4\" mobile_width=\"0\" width=\"3\/6\"][vc_single_image media=\"747\" media_width_percent=\"100\" shape=\"img-round\" radius=\"lg\" css_animation=\"alpha-anim\"][vc_empty_space empty_h=\"2\"][vc_custom_heading heading_semantic=\"h4\" text_font=\"font-667502\" text_size=\"h4\" text_weight=\"400\" css_animation=\"alpha-anim\" animation_delay=\"300\"]Nu am optat aleatoriu pentru uleiurile esen\u021biale \u0219i produsele doTerra. Le-am ales pentru c\u0103 efectele pozitive ale acestora sunt dovedite \u0219i cred cu t\u0103rie c\u0103 ne pot ajuta s\u0103 atingem bun\u0103starea fizic\u0103 \u0219i emo\u021bional\u0103, \u00een combina\u021bie cu obiceiuri s\u0103n\u0103toase. Sunt aici pentru a te ajuta s\u0103 g\u0103se\u0219ti solu\u021bii organice pliate perfect pe nevoile tale \u0219i ale familiei tale, \u00eentruc\u00e2t natura e antidotul pentru o gam\u0103 larg\u0103 de nereguli ale organismului. [\/vc_custom_heading][vc_empty_space empty_h=\"1\"][vc_custom_heading heading_semantic=\"h4\" text_font=\"font-667502\" text_size=\"h4\" text_weight=\"400\" css_animation=\"alpha-anim\" animation_delay=\"300\"]Cred cu t\u0103rie c\u0103 ne putem descoperi doar atunci c\u00e2nd ne conect\u0103m cu sinele \u0219i c\u0103 natura e cel mai puternic accelerator \u00een acest proces profund. Aspira\u021bia mea s\u0103 inspir c\u00e2t mai mul\u021bi oameni s\u0103 se \u00eentoarc\u0103 la natur\u0103 \u0219i s\u0103 ating\u0103 armonia sublim\u0103 cu ajutorul ei. [\/vc_custom_heading][vc_custom_heading heading_semantic=\"h4\" text_font=\"font-667502\" text_size=\"h4\" text_weight=\"400\" css_animation=\"alpha-anim\" animation_delay=\"300\"]Sunt recunosc\u0103toare c\u0103 fac parte din marele proiect doTerra \u0219i c\u0103 pot contribui la \u00eembun\u0103t\u0103\u021birea vie\u021bii at\u00e2tor oameni, pic\u0103tur\u0103 parfumat\u0103 cu pic\u0103tur\u0103 parfumat\u0103. [\/vc_custom_heading][vc_empty_space empty_h=\"2\"][vc_single_image media=\"808\" media_width_use_pixel=\"yes\" css_animation=\"alpha-anim\" media_width_pixel=\"100\"][\/vc_column][\/vc_row]","_et_gb_content_width":"","inline_featured_image":false,"footnotes":""},"class_list":["post-10","page","type-page","status-publish","has-post-thumbnail","hentry"],"acf":[],"_links":{"self":[{"href":"https:\/\/www.dianagubas.com\/en\/wp-json\/wp\/v2\/pages\/10","targetHints":{"allow":["GET"]}}],"collection":[{"href":"https:\/\/www.dianagubas.com\/en\/wp-json\/wp\/v2\/pages"}],"about":[{"href":"https:\/\/www.dianagubas.com\/en\/wp-json\/wp\/v2\/types\/page"}],"author":[{"embeddable":true,"href":"https:\/\/www.dianagubas.com\/en\/wp-json\/wp\/v2\/users\/1"}],"replies":[{"embeddable":true,"href":"https:\/\/www.dianagubas.com\/en\/wp-json\/wp\/v2\/comments?post=10"}],"version-history":[{"count":94,"href":"https:\/\/www.dianagubas.com\/en\/wp-json\/wp\/v2\/pages\/10\/revisions"}],"predecessor-version":[{"id":52041,"href":"https:\/\/www.dianagubas.com\/en\/wp-json\/wp\/v2\/pages\/10\/revisions\/52041"}],"wp:featuredmedia":[{"embeddable":true,"href":"https:\/\/www.dianagubas.com\/en\/wp-json\/wp\/v2\/media\/578"}],"wp:attachment":[{"href":"https:\/\/www.dianagubas.com\/en\/wp-json\/wp\/v2\/media?parent=10"}],"curies":[{"name":"wp","href":"https:\/\/api.w.org\/{rel}","templated":true}]}}