{"id":1315,"date":"2021-01-19T15:38:33","date_gmt":"2021-01-19T13:38:33","guid":{"rendered":"https:\/\/www.dianagubas.com\/?page_id=1315"},"modified":"2021-12-10T15:12:43","modified_gmt":"2021-12-10T13:12:43","slug":"sustine-scoala-libera-waldorf-sophia","status":"publish","type":"page","link":"https:\/\/www.dianagubas.com\/en\/proiecte-colaborari\/sustine-scoala-libera-waldorf-sophia\/","title":{"rendered":"Support Waldorf Sophia School"},"content":{"rendered":"<p>[et_pb_section fb_built=&#8221;1&#8243; fullwidth=&#8221;on&#8221; _builder_version=&#8221;4.10.3&#8243; _module_preset=&#8221;default&#8221; background_image=&#8221;https:\/\/www.dianagubas.com\/new\/wp-content\/uploads\/2021\/01\/hero-bg-1.jpg&#8221; global_colors_info=&#8221;{}&#8221;][et_pb_fullwidth_post_title meta=&#8221;off&#8221; featured_image=&#8221;off&#8221; _builder_version=&#8221;4.10.3&#8243; _module_preset=&#8221;default&#8221; title_text_color=&#8221;#FFFFFF&#8221; custom_margin=&#8221;||||false|false&#8221; custom_padding=&#8221;20%||||false|false&#8221; link_option_url=&#8221;https:\/\/waldorfsophia.ro\/&#8221; link_option_url_new_window=&#8221;on&#8221; global_colors_info=&#8221;{}&#8221;][\/et_pb_fullwidth_post_title][\/et_pb_section][et_pb_section fb_built=&#8221;1&#8243; _builder_version=&#8221;3.22&#8243; global_colors_info=&#8221;{}&#8221;][et_pb_row _builder_version=&#8221;3.25&#8243; background_size=&#8221;initial&#8221; background_position=&#8221;top_left&#8221; background_repeat=&#8221;repeat&#8221; global_colors_info=&#8221;{}&#8221;][et_pb_column type=&#8221;4_4&#8243; _builder_version=&#8221;3.25&#8243; custom_padding=&#8221;|||&#8221; global_colors_info=&#8221;{}&#8221; custom_padding__hover=&#8221;|||&#8221;][et_pb_text _builder_version=&#8221;4.10.3&#8243; background_size=&#8221;initial&#8221; background_position=&#8221;top_left&#8221; background_repeat=&#8221;repeat&#8221; global_colors_info=&#8221;{}&#8221;]<\/p>\n<p>Putem s\u0103 le insufl\u0103m copiilor no\u0219tri dragostea pentru oameni \u0219i pentru natur\u0103, putem s\u0103 \u00eei sprijinim \u00een misiunea lor de a-\u0219i fructifica darurile mai departe \u00een lume \u0219i s\u0103 fie oameni integri \u0219i armonio\u0219i.<\/p>\n<p>\u0218coala Primar\u0103 Liber\u0103 Waldorf Sophia sus\u021bine \u0219i dezvolt\u0103 individualitatea fiec\u0103rui copil prin c\u0103ldura inimii, claritatea g\u00e2ndirii \u0219i for\u021ba ac\u021biunii cu sens, pornind de la nevoile reale specifice fiec\u0103rei v\u00e2rste.<\/p>\n<p>[\/et_pb_text][et_pb_button button_url=&#8221;https:\/\/waldorfsophia.ro\/personal-waldorf-sophia\/&#8221; url_new_window=&#8221;on&#8221; button_text=&#8221;AFLA MAI MULTE&#8221; _builder_version=&#8221;4.14.2&#8243; _module_preset=&#8221;default&#8221; hover_enabled=&#8221;0&#8243; global_colors_info=&#8221;{}&#8221; sticky_enabled=&#8221;0&#8243;][\/et_pb_button][\/et_pb_column][\/et_pb_row][\/et_pb_section]<\/p>\n","protected":false},"excerpt":{"rendered":"<p>Putem s\u0103 le insufl\u0103m copiilor no\u0219tri dragostea pentru oameni \u0219i pentru natur\u0103, putem s\u0103 \u00eei sprijinim \u00een misiunea lor de a-\u0219i fructifica darurile mai departe \u00een lume \u0219i s\u0103 fie oameni integri \u0219i armonio\u0219i. \u0218coala Primar\u0103 Liber\u0103 Waldorf Sophia sus\u021bine \u0219i dezvolt\u0103 individualitatea fiec\u0103rui copil prin c\u0103ldura inimii, claritatea g\u00e2ndirii \u0219i for\u021ba ac\u021biunii cu sens, [&hellip;]<\/p>\n","protected":false},"author":1,"featured_media":1325,"parent":12,"menu_order":0,"comment_status":"closed","ping_status":"closed","template":"","meta":{"_acf_changed":false,"_et_pb_use_builder":"on","_et_pb_old_content":"<p>[vc_row row_height_percent=\"0\" override_padding=\"yes\" h_padding=\"7\" top_padding=\"2\" bottom_padding=\"3\" overlay_alpha=\"50\" gutter_size=\"3\" column_width_percent=\"100\" shift_y=\"0\" z_index=\"0\" shape_dividers=\"\"][vc_column column_width_percent=\"90\" gutter_size=\"3\" overlay_alpha=\"50\" shift_x=\"0\" shift_y=\"0\" shift_y_down=\"0\" z_index=\"0\" medium_width=\"0\" mobile_width=\"0\"][vc_single_image media=\"1348\" media_width_percent=\"100\" shape=\"img-round\" radius=\"lg\"][\/vc_column][\/vc_row][vc_row row_height_percent=\"0\" override_padding=\"yes\" h_padding=\"2\" top_padding=\"2\" bottom_padding=\"5\" overlay_alpha=\"50\" gutter_size=\"4\" column_width_percent=\"100\" shift_y=\"0\" z_index=\"0\"][vc_column column_width_percent=\"100\" gutter_size=\"2\" overlay_alpha=\"50\" shift_x=\"0\" shift_y=\"0\" shift_y_down=\"0\" z_index=\"0\" medium_width=\"0\" mobile_width=\"0\" width=\"1\/2\"][vc_single_image dynamic=\"yes\" media_width_percent=\"100\" media_ratio=\"three-two\" shape=\"img-round\" radius=\"lg\" css_animation=\"alpha-anim\"][vc_custom_heading heading_semantic=\"h6\" text_font=\"font-191838\" text_size=\"h6\" text_weight=\"400\" text_transform=\"uppercase\" text_space=\"fontspace-775570\" css_animation=\"alpha-anim\" animation_delay=\"100\"]<a href=\"https:\/\/waldorfsophia.ro\" target=\"_blank\" rel=\"noopener noreferrer\">waldorfsophia.ro<\/a>[\/vc_custom_heading][\/vc_column][vc_column width=\"1\/2\"][vc_single_image media=\"1317\" media_width_use_pixel=\"yes\" css_animation=\"alpha-anim\" media_width_pixel=\"200\"][vc_custom_heading text_font=\"font-695850\" text_weight=\"400\" css_animation=\"alpha-anim\" animation_delay=\"200\"]Putem s\u0103 le insufl\u0103m copiilor no\u0219tri dragostea pentru oameni \u0219i pentru natur\u0103, putem s\u0103 \u00eei sprijinim \u00een misiunea lor de a-\u0219i fructifica darurile mai departe \u00een lume \u0219i s\u0103 fie oameni integri \u0219i armonio\u0219i.[\/vc_custom_heading][vc_custom_heading text_font=\"font-695850\" text_weight=\"400\" css_animation=\"alpha-anim\" animation_delay=\"300\"]\u0218coala Primar\u0103 Liber\u0103 Waldorf Sophia sus\u021bine \u0219i dezvolt\u0103 individualitatea fiec\u0103rui copil prin c\u0103ldura inimii, claritatea g\u00e2ndirii \u0219i for\u021ba ac\u021biunii cu sens, pornind de la nevoile reale specifice fiec\u0103rei v\u00e2rste.[\/vc_custom_heading][vc_button button_color=\"color-199706\" radius=\"btn-circle\" border_width=\"0\" css_animation=\"alpha-anim\" animation_delay=\"400\" link=\"url:https%3A%2F%2Fwaldorfsophia.ro%2Fdoneaza%2F|target:_blank\"]Doneaz\u0103[\/vc_button][\/vc_column][\/vc_row][vc_row row_height_percent=\"0\" override_padding=\"yes\" h_padding=\"7\" top_padding=\"2\" bottom_padding=\"3\" overlay_alpha=\"50\" gutter_size=\"3\" column_width_percent=\"100\" shift_y=\"0\" z_index=\"0\"][vc_column column_width_percent=\"90\" gutter_size=\"3\" overlay_alpha=\"50\" shift_x=\"0\" shift_y=\"0\" shift_y_down=\"0\" z_index=\"0\" medium_width=\"0\" mobile_width=\"0\"][vc_separator sep_color=\"color-960674\" el_width=\"100%\" el_height=\"1\"][uncode_share layout=\"multiple\" no_back=\"yes\"][\/vc_column][\/vc_row]<\/p>","_et_gb_content_width":"","inline_featured_image":false,"footnotes":""},"class_list":["post-1315","page","type-page","status-publish","has-post-thumbnail","hentry"],"acf":[],"_links":{"self":[{"href":"https:\/\/www.dianagubas.com\/en\/wp-json\/wp\/v2\/pages\/1315","targetHints":{"allow":["GET"]}}],"collection":[{"href":"https:\/\/www.dianagubas.com\/en\/wp-json\/wp\/v2\/pages"}],"about":[{"href":"https:\/\/www.dianagubas.com\/en\/wp-json\/wp\/v2\/types\/page"}],"author":[{"embeddable":true,"href":"https:\/\/www.dianagubas.com\/en\/wp-json\/wp\/v2\/users\/1"}],"replies":[{"embeddable":true,"href":"https:\/\/www.dianagubas.com\/en\/wp-json\/wp\/v2\/comments?post=1315"}],"version-history":[{"count":15,"href":"https:\/\/www.dianagubas.com\/en\/wp-json\/wp\/v2\/pages\/1315\/revisions"}],"predecessor-version":[{"id":51696,"href":"https:\/\/www.dianagubas.com\/en\/wp-json\/wp\/v2\/pages\/1315\/revisions\/51696"}],"up":[{"embeddable":true,"href":"https:\/\/www.dianagubas.com\/en\/wp-json\/wp\/v2\/pages\/12"}],"wp:featuredmedia":[{"embeddable":true,"href":"https:\/\/www.dianagubas.com\/en\/wp-json\/wp\/v2\/media\/1325"}],"wp:attachment":[{"href":"https:\/\/www.dianagubas.com\/en\/wp-json\/wp\/v2\/media?parent=1315"}],"curies":[{"name":"wp","href":"https:\/\/api.w.org\/{rel}","templated":true}]}}