{"id":14,"date":"2020-11-17T21:23:44","date_gmt":"2020-11-17T19:23:44","guid":{"rendered":"https:\/\/www.dianagubas.com\/wp\/?page_id=14"},"modified":"2021-08-08T16:35:26","modified_gmt":"2021-08-08T14:35:26","slug":"jurnal","status":"publish","type":"page","link":"https:\/\/www.dianagubas.com\/en\/jurnal\/","title":{"rendered":"Journal"},"content":{"rendered":"<p>[et_pb_section fb_built=&#8221;1&#8243; _builder_version=&#8221;4.9.10&#8243; _module_preset=&#8221;default&#8221;][et_pb_row _builder_version=&#8221;4.9.10&#8243; _module_preset=&#8221;default&#8221;][et_pb_column type=&#8221;4_4&#8243; _builder_version=&#8221;4.9.10&#8243; _module_preset=&#8221;default&#8221;][et_pb_text _builder_version=&#8221;4.9.10&#8243; _module_preset=&#8221;default&#8221; hover_enabled=&#8221;0&#8243; sticky_enabled=&#8221;0&#8243;]<\/p>\n<h5 style=\"text-align: center;\">JURNAL &amp; ARTICOLE<\/h5>\n<h2 style=\"text-align: center;\">Cu fiecare cuv\u00e2nt scris \u00eemi propun s\u0103 fiu <br \/> mai aproape de tine!<\/h2>\n<p>[\/et_pb_text][\/et_pb_column][\/et_pb_row][\/et_pb_section][et_pb_section fb_built=&#8221;1&#8243; _builder_version=&#8221;4.9.10&#8243; _module_preset=&#8221;default&#8221;][et_pb_row _builder_version=&#8221;4.9.10&#8243; _module_preset=&#8221;default&#8221;][et_pb_column type=&#8221;4_4&#8243; _builder_version=&#8221;4.9.10&#8243; _module_preset=&#8221;default&#8221;][et_pb_blog fullwidth=&#8221;off&#8221; show_more=&#8221;on&#8221; show_author=&#8221;off&#8221; show_categories=&#8221;off&#8221; _builder_version=&#8221;4.9.10&#8243; _module_preset=&#8221;default&#8221;][\/et_pb_blog][\/et_pb_column][\/et_pb_row][\/et_pb_section]<\/p>\n","protected":false},"excerpt":{"rendered":"<p>JURNAL &amp; ARTICOLE Cu fiecare cuv\u00e2nt scris \u00eemi propun s\u0103 fiu mai aproape de tine!<\/p>","protected":false},"author":1,"featured_media":0,"parent":0,"menu_order":0,"comment_status":"closed","ping_status":"closed","template":"","meta":{"_acf_changed":false,"_et_pb_use_builder":"on","_et_pb_old_content":"<p>[vc_row row_height_percent=\"0\" overlay_alpha=\"50\" gutter_size=\"3\" column_width_percent=\"100\" shift_y=\"0\" z_index=\"0\" desktop_visibility=\"yes\" medium_visibility=\"yes\" mobile_visibility=\"yes\"][vc_column width=\"1\/4\"][\/vc_column][vc_column column_width_percent=\"100\" align_horizontal=\"align_center\" gutter_size=\"3\" overlay_alpha=\"50\" shift_x=\"0\" shift_y=\"0\" shift_y_down=\"0\" z_index=\"0\" medium_width=\"0\" mobile_width=\"0\" width=\"1\/2\"][vc_custom_heading text_font=\"font-695850\" text_weight=\"400\" css_animation=\"alpha-anim\" animation_delay=\"300\" desktop_visibility=\"yes\" medium_visibility=\"yes\" mobile_visibility=\"yes\"]Journal & Articole[\/vc_custom_heading][vc_custom_heading heading_semantic=\"h6\" text_font=\"font-191838\" text_size=\"h6\" text_weight=\"400\" text_transform=\"uppercase\" text_space=\"fontspace-775570\"]Cu fiecare cuv\u00e2nt scris \u00eemi propun s\u0103 fiu mai aproape de tine![\/vc_custom_heading][vc_empty_space empty_h=\"2\" medium_visibility=\"yes\" mobile_visibility=\"yes\"][\/vc_column][vc_column width=\"1\/4\"][\/vc_column][\/vc_row][vc_row row_height_percent=\"0\" override_padding=\"yes\" h_padding=\"2\" top_padding=\"3\" bottom_padding=\"2\" overlay_alpha=\"50\" gutter_size=\"3\" column_width_percent=\"100\" shift_y=\"0\" z_index=\"0\"][vc_column column_width_percent=\"100\" align_horizontal=\"align_center\" gutter_size=\"3\" overlay_alpha=\"50\" shift_x=\"0\" shift_y=\"0\" shift_y_down=\"0\" z_index=\"0\" medium_width=\"1\" mobile_visibility=\"yes\" mobile_width=\"0\" width=\"1\/4\"][\/vc_column][vc_column column_width_percent=\"100\" align_horizontal=\"align_center\" gutter_size=\"3\" overlay_alpha=\"50\" shift_x=\"0\" shift_y=\"0\" shift_y_down=\"0\" z_index=\"0\" medium_width=\"5\" mobile_width=\"0\" width=\"1\/2\"][vc_custom_heading heading_semantic=\"h6\" text_font=\"font-191838\" text_size=\"h6\" text_weight=\"400\" text_transform=\"uppercase\" text_space=\"fontspace-775570\" css_animation=\"alpha-anim\" animation_delay=\"300\"]Jurnal & Articole[\/vc_custom_heading][vc_custom_heading text_font=\"font-695850\" text_weight=\"400\" css_animation=\"alpha-anim\" animation_delay=\"100\"]Cu fiecare cuv\u00e2nt scris \u00eemi propun s\u0103 fiu mai aproape de tine![\/vc_custom_heading][vc_empty_space empty_h=\"2\"][\/vc_column][vc_column column_width_percent=\"100\" gutter_size=\"3\" overlay_alpha=\"50\" shift_x=\"0\" shift_y=\"0\" shift_y_down=\"0\" z_index=\"0\" medium_width=\"1\" mobile_visibility=\"yes\" mobile_width=\"0\" width=\"1\/4\"][\/vc_column][\/vc_row][vc_row row_height_percent=\"0\" override_padding=\"yes\" h_padding=\"2\" top_padding=\"2\" bottom_padding=\"3\" overlay_alpha=\"50\" gutter_size=\"3\" column_width_percent=\"100\" shift_y=\"0\" z_index=\"0\" shape_dividers=\"\"][vc_column width=\"1\/1\"][uncode_block id=\"94\" inside_column=\"yes\"][\/vc_column][\/vc_row]<\/p>","_et_gb_content_width":"","inline_featured_image":false,"footnotes":""},"class_list":["post-14","page","type-page","status-publish","hentry"],"acf":[],"_links":{"self":[{"href":"https:\/\/www.dianagubas.com\/en\/wp-json\/wp\/v2\/pages\/14","targetHints":{"allow":["GET"]}}],"collection":[{"href":"https:\/\/www.dianagubas.com\/en\/wp-json\/wp\/v2\/pages"}],"about":[{"href":"https:\/\/www.dianagubas.com\/en\/wp-json\/wp\/v2\/types\/page"}],"author":[{"embeddable":true,"href":"https:\/\/www.dianagubas.com\/en\/wp-json\/wp\/v2\/users\/1"}],"replies":[{"embeddable":true,"href":"https:\/\/www.dianagubas.com\/en\/wp-json\/wp\/v2\/comments?post=14"}],"version-history":[{"count":28,"href":"https:\/\/www.dianagubas.com\/en\/wp-json\/wp\/v2\/pages\/14\/revisions"}],"predecessor-version":[{"id":50522,"href":"https:\/\/www.dianagubas.com\/en\/wp-json\/wp\/v2\/pages\/14\/revisions\/50522"}],"wp:attachment":[{"href":"https:\/\/www.dianagubas.com\/en\/wp-json\/wp\/v2\/media?parent=14"}],"curies":[{"name":"wp","href":"https:\/\/api.w.org\/{rel}","templated":true}]}}