{"id":16,"date":"2020-11-17T21:23:50","date_gmt":"2020-11-17T19:23:50","guid":{"rendered":"https:\/\/www.dianagubas.com\/wp\/?page_id=16"},"modified":"2021-08-09T14:27:15","modified_gmt":"2021-08-09T12:27:15","slug":"contact","status":"publish","type":"page","link":"https:\/\/www.dianagubas.com\/en\/contact\/","title":{"rendered":"Contact"},"content":{"rendered":"<p>[et_pb_section fb_built=&#8221;1&#8243; _builder_version=&#8221;4.9.10&#8243; _module_preset=&#8221;default&#8221;][et_pb_row _builder_version=&#8221;4.9.10&#8243; _module_preset=&#8221;default&#8221;][et_pb_column type=&#8221;4_4&#8243; _builder_version=&#8221;4.9.10&#8243; _module_preset=&#8221;default&#8221;][et_pb_text _builder_version=&#8221;4.9.10&#8243; _module_preset=&#8221;default&#8221;]<\/p>\n<h5 style=\"text-align: center;\">CONTACT<\/h5>\n<h2 style=\"text-align: center;\">Am g\u0103sit fericirea venind \u00een ajutor cu informa\u021bia<br \/>potrivit\u0103 la momentul potrivit!<\/h2>\n<p>[\/et_pb_text][et_pb_image src=&#8221;https:\/\/www.dianagubas.com\/new\/wp-content\/uploads\/2021\/06\/simbol_brown.svg&#8221; title_text=&#8221;simbol_brown&#8221; align=&#8221;center&#8221; _builder_version=&#8221;4.9.10&#8243; _module_preset=&#8221;default&#8221; width=&#8221;100px&#8221; custom_margin=&#8221;2%||2%||true|false&#8221;][\/et_pb_image][\/et_pb_column][\/et_pb_row][\/et_pb_section][et_pb_section fb_built=&#8221;1&#8243; _builder_version=&#8221;4.9.10&#8243; _module_preset=&#8221;default&#8221;][et_pb_row column_structure=&#8221;1_2,1_2&#8243; _builder_version=&#8221;4.9.10&#8243; _module_preset=&#8221;default&#8221;][et_pb_column type=&#8221;1_2&#8243; _builder_version=&#8221;4.9.10&#8243; _module_preset=&#8221;default&#8221;][et_pb_text admin_label=&#8221;Text&#8221; _builder_version=&#8221;4.9.10&#8243; _module_preset=&#8221;default&#8221;]<\/p>\n<p style=\"text-align: center;\">Te invit s\u0103 ne conect\u0103m aici!<\/p>\n<h5 style=\"text-align: center;\">TELEFON<\/h5>\n<p style=\"text-align: center;\"><a href=\"tel:+40749921680\">+40 749 921 680<\/a><\/p>\n<h5 style=\"text-align: center;\">EMAIL<\/h5>\n<p style=\"text-align: center;\"><a href=\"mailto:contact@dianagubas.com\">contact@dianagubas.com<\/a><\/p>\n<h5 style=\"text-align: center;\">FOLLOW ME<\/h5>\n<p style=\"text-align: center;\"><a href=\"https:\/\/www.instagram.com\/dianagubas\/\" target=\"_blank\" rel=\"noopener nofollow\">Instagram<\/a> &amp; <a href=\"https:\/\/www.facebook.com\/dianagubasaromaterapeut\/\" target=\"_blank\" rel=\"noopener nofollow\">Facebook<\/a><\/p>\n<p>[\/et_pb_text][\/et_pb_column][et_pb_column type=&#8221;1_2&#8243; _builder_version=&#8221;4.9.10&#8243; _module_preset=&#8221;default&#8221;][et_pb_image src=&#8221;https:\/\/www.dianagubas.com\/new\/wp-content\/uploads\/2020\/12\/DANC5196-Web-667&#215;1000.jpg&#8221; title_text=&#8221;DANC5196-Web&#8221; url=&#8221;\/proiecte-colaborari\/fundatia-healing-hands\/&#8221; _builder_version=&#8221;4.9.10&#8243; _module_preset=&#8221;default&#8221; border_radii=&#8221;on|10px|10px|10px|10px&#8221;][\/et_pb_image][\/et_pb_column][\/et_pb_row][et_pb_row _builder_version=&#8221;4.9.10&#8243; _module_preset=&#8221;default&#8221;][et_pb_column type=&#8221;4_4&#8243; _builder_version=&#8221;4.9.10&#8243; _module_preset=&#8221;default&#8221;][et_pb_text _builder_version=&#8221;4.9.10&#8243; _module_preset=&#8221;default&#8221;]<\/p>\n<h5 style=\"text-align: center;\">SESIUNE PRIVAT\u0102 \/ GRATUIT\u0102 \/ 30 MINUTE<\/h5>\n<p style=\"text-align: center;\">\u00censcrie-te la o sesiune privat\u0103 cu Diana.<\/p>\n<p>[\/et_pb_text][et_pb_image src=&#8221;https:\/\/www.dianagubas.com\/new\/wp-content\/uploads\/2021\/06\/simbol_brown.svg&#8221; title_text=&#8221;simbol_brown&#8221; align=&#8221;center&#8221; _builder_version=&#8221;4.9.10&#8243; _module_preset=&#8221;default&#8221; width=&#8221;100px&#8221; custom_margin=&#8221;2%||2%||true|false&#8221;][\/et_pb_image][et_pb_contact_form email=&#8221;contact@dianagubas.com&#8221; custom_message=&#8221;%%Nume%% %%Prenume%%||et_pb_line_break_holder||%%Email%%||et_pb_line_break_holder||%%Mobil%%||et_pb_line_break_holder||Doresc sa fiu contactat prin: %%Contact%%||et_pb_line_break_holder||%%Mesaj%%&#8221; use_redirect=&#8221;on&#8221; redirect_url=&#8221;\/multumesc\/&#8221; submit_button_text=&#8221;REZERV\u0102 ACUM&#8221; _builder_version=&#8221;4.9.10&#8243; _module_preset=&#8221;default&#8221; global_module=&#8221;50557&#8243; saved_tabs=&#8221;all&#8221;][et_pb_contact_field field_id=&#8221;Nume&#8221; field_title=&#8221;Nume&#8221; min_length=&#8221;3&#8243; allowed_symbols=&#8221;letters&#8221; _builder_version=&#8221;4.9.10&#8243; button_text_size__hover_enabled=&#8221;off&#8221; button_one_text_size__hover_enabled=&#8221;off&#8221; button_two_text_size__hover_enabled=&#8221;off&#8221; button_text_color__hover_enabled=&#8221;off&#8221; button_one_text_color__hover_enabled=&#8221;off&#8221; button_two_text_color__hover_enabled=&#8221;off&#8221; button_border_width__hover_enabled=&#8221;off&#8221; button_one_border_width__hover_enabled=&#8221;off&#8221; button_two_border_width__hover_enabled=&#8221;off&#8221; button_border_color__hover_enabled=&#8221;off&#8221; button_one_border_color__hover_enabled=&#8221;off&#8221; button_two_border_color__hover_enabled=&#8221;off&#8221; button_border_radius__hover_enabled=&#8221;off&#8221; button_one_border_radius__hover_enabled=&#8221;off&#8221; button_two_border_radius__hover_enabled=&#8221;off&#8221; button_letter_spacing__hover_enabled=&#8221;off&#8221; button_one_letter_spacing__hover_enabled=&#8221;off&#8221; button_two_letter_spacing__hover_enabled=&#8221;off&#8221; button_bg_color__hover_enabled=&#8221;off&#8221; button_one_bg_color__hover_enabled=&#8221;off&#8221; button_two_bg_color__hover_enabled=&#8221;off&#8221;][\/et_pb_contact_field][et_pb_contact_field field_id=&#8221;Prenume&#8221; field_title=&#8221;Prenume&#8221; min_length=&#8221;3&#8243; allowed_symbols=&#8221;letters&#8221; _builder_version=&#8221;4.9.10&#8243; button_text_size__hover_enabled=&#8221;off&#8221; button_one_text_size__hover_enabled=&#8221;off&#8221; button_two_text_size__hover_enabled=&#8221;off&#8221; button_text_color__hover_enabled=&#8221;off&#8221; button_one_text_color__hover_enabled=&#8221;off&#8221; button_two_text_color__hover_enabled=&#8221;off&#8221; button_border_width__hover_enabled=&#8221;off&#8221; button_one_border_width__hover_enabled=&#8221;off&#8221; button_two_border_width__hover_enabled=&#8221;off&#8221; button_border_color__hover_enabled=&#8221;off&#8221; button_one_border_color__hover_enabled=&#8221;off&#8221; button_two_border_color__hover_enabled=&#8221;off&#8221; button_border_radius__hover_enabled=&#8221;off&#8221; button_one_border_radius__hover_enabled=&#8221;off&#8221; button_two_border_radius__hover_enabled=&#8221;off&#8221; button_letter_spacing__hover_enabled=&#8221;off&#8221; button_one_letter_spacing__hover_enabled=&#8221;off&#8221; button_two_letter_spacing__hover_enabled=&#8221;off&#8221; button_bg_color__hover_enabled=&#8221;off&#8221; button_one_bg_color__hover_enabled=&#8221;off&#8221; button_two_bg_color__hover_enabled=&#8221;off&#8221;][\/et_pb_contact_field][et_pb_contact_field field_id=&#8221;Email&#8221; field_title=&#8221;Adres\u0103 Email&#8221; field_type=&#8221;email&#8221; _builder_version=&#8221;4.9.10&#8243; button_text_size__hover_enabled=&#8221;off&#8221; button_one_text_size__hover_enabled=&#8221;off&#8221; button_two_text_size__hover_enabled=&#8221;off&#8221; button_text_color__hover_enabled=&#8221;off&#8221; button_one_text_color__hover_enabled=&#8221;off&#8221; button_two_text_color__hover_enabled=&#8221;off&#8221; button_border_width__hover_enabled=&#8221;off&#8221; button_one_border_width__hover_enabled=&#8221;off&#8221; button_two_border_width__hover_enabled=&#8221;off&#8221; button_border_color__hover_enabled=&#8221;off&#8221; button_one_border_color__hover_enabled=&#8221;off&#8221; button_two_border_color__hover_enabled=&#8221;off&#8221; button_border_radius__hover_enabled=&#8221;off&#8221; button_one_border_radius__hover_enabled=&#8221;off&#8221; button_two_border_radius__hover_enabled=&#8221;off&#8221; button_letter_spacing__hover_enabled=&#8221;off&#8221; button_one_letter_spacing__hover_enabled=&#8221;off&#8221; button_two_letter_spacing__hover_enabled=&#8221;off&#8221; button_bg_color__hover_enabled=&#8221;off&#8221; button_one_bg_color__hover_enabled=&#8221;off&#8221; button_two_bg_color__hover_enabled=&#8221;off&#8221;][\/et_pb_contact_field][et_pb_contact_field field_id=&#8221;Mobil&#8221; field_title=&#8221;Mobil&#8221; min_length=&#8221;10&#8243; allowed_symbols=&#8221;numbers&#8221; required_mark=&#8221;off&#8221; _builder_version=&#8221;4.9.10&#8243; button_text_size__hover_enabled=&#8221;off&#8221; button_one_text_size__hover_enabled=&#8221;off&#8221; button_two_text_size__hover_enabled=&#8221;off&#8221; button_text_color__hover_enabled=&#8221;off&#8221; button_one_text_color__hover_enabled=&#8221;off&#8221; button_two_text_color__hover_enabled=&#8221;off&#8221; button_border_width__hover_enabled=&#8221;off&#8221; button_one_border_width__hover_enabled=&#8221;off&#8221; button_two_border_width__hover_enabled=&#8221;off&#8221; button_border_color__hover_enabled=&#8221;off&#8221; button_one_border_color__hover_enabled=&#8221;off&#8221; button_two_border_color__hover_enabled=&#8221;off&#8221; button_border_radius__hover_enabled=&#8221;off&#8221; button_one_border_radius__hover_enabled=&#8221;off&#8221; button_two_border_radius__hover_enabled=&#8221;off&#8221; button_letter_spacing__hover_enabled=&#8221;off&#8221; button_one_letter_spacing__hover_enabled=&#8221;off&#8221; button_two_letter_spacing__hover_enabled=&#8221;off&#8221; button_bg_color__hover_enabled=&#8221;off&#8221; button_one_bg_color__hover_enabled=&#8221;off&#8221; button_two_bg_color__hover_enabled=&#8221;off&#8221;][\/et_pb_contact_field][et_pb_contact_field field_id=&#8221;Contact&#8221; field_title=&#8221;Cum dore\u0219ti s\u0103 te contactez?&#8221; field_type=&#8221;select&#8221; select_options=&#8221;%91{%22value%22:%22Email%22,%22checked%22:0,%22dragID%22:-1},{%22value%22:%22Mobil%22,%22checked%22:0,%22dragID%22:0},{%22value%22:%22WhatsApp%22,%22checked%22:0,%22dragID%22:1}%93&#8243; _builder_version=&#8221;4.9.10&#8243; button_text_size__hover_enabled=&#8221;off&#8221; button_one_text_size__hover_enabled=&#8221;off&#8221; button_two_text_size__hover_enabled=&#8221;off&#8221; button_text_color__hover_enabled=&#8221;off&#8221; button_one_text_color__hover_enabled=&#8221;off&#8221; button_two_text_color__hover_enabled=&#8221;off&#8221; button_border_width__hover_enabled=&#8221;off&#8221; button_one_border_width__hover_enabled=&#8221;off&#8221; button_two_border_width__hover_enabled=&#8221;off&#8221; button_border_color__hover_enabled=&#8221;off&#8221; button_one_border_color__hover_enabled=&#8221;off&#8221; button_two_border_color__hover_enabled=&#8221;off&#8221; button_border_radius__hover_enabled=&#8221;off&#8221; button_one_border_radius__hover_enabled=&#8221;off&#8221; button_two_border_radius__hover_enabled=&#8221;off&#8221; button_letter_spacing__hover_enabled=&#8221;off&#8221; button_one_letter_spacing__hover_enabled=&#8221;off&#8221; button_two_letter_spacing__hover_enabled=&#8221;off&#8221; button_bg_color__hover_enabled=&#8221;off&#8221; button_one_bg_color__hover_enabled=&#8221;off&#8221; button_two_bg_color__hover_enabled=&#8221;off&#8221;][\/et_pb_contact_field][et_pb_contact_field field_id=&#8221;Mesaj&#8221; field_title=&#8221;Mesaj&#8221; field_type=&#8221;text&#8221; fullwidth_field=&#8221;on&#8221; _builder_version=&#8221;4.9.10&#8243; button_text_size__hover_enabled=&#8221;off&#8221; button_one_text_size__hover_enabled=&#8221;off&#8221; button_two_text_size__hover_enabled=&#8221;off&#8221; button_text_color__hover_enabled=&#8221;off&#8221; button_one_text_color__hover_enabled=&#8221;off&#8221; button_two_text_color__hover_enabled=&#8221;off&#8221; button_border_width__hover_enabled=&#8221;off&#8221; button_one_border_width__hover_enabled=&#8221;off&#8221; button_two_border_width__hover_enabled=&#8221;off&#8221; button_border_color__hover_enabled=&#8221;off&#8221; button_one_border_color__hover_enabled=&#8221;off&#8221; button_two_border_color__hover_enabled=&#8221;off&#8221; button_border_radius__hover_enabled=&#8221;off&#8221; button_one_border_radius__hover_enabled=&#8221;off&#8221; button_two_border_radius__hover_enabled=&#8221;off&#8221; button_letter_spacing__hover_enabled=&#8221;off&#8221; button_one_letter_spacing__hover_enabled=&#8221;off&#8221; button_two_letter_spacing__hover_enabled=&#8221;off&#8221; button_bg_color__hover_enabled=&#8221;off&#8221; button_one_bg_color__hover_enabled=&#8221;off&#8221; button_two_bg_color__hover_enabled=&#8221;off&#8221;][\/et_pb_contact_field][\/et_pb_contact_form][\/et_pb_column][\/et_pb_row][\/et_pb_section]<\/p>\n","protected":false},"excerpt":{"rendered":"<p>CONTACT Am g\u0103sit fericirea venind \u00een ajutor cu informa\u021biapotrivit\u0103 la momentul potrivit!Te invit s\u0103 ne conect\u0103m aici! TELEFON +40 749 921 680 EMAIL contact@dianagubas.com FOLLOW ME Instagram &amp; FacebookSESIUNE PRIVAT\u0102 \/ GRATUIT\u0102 \/ 30 MINUTE \u00censcrie-te la o sesiune privat\u0103 cu Diana.<\/p>","protected":false},"author":1,"featured_media":0,"parent":0,"menu_order":0,"comment_status":"closed","ping_status":"closed","template":"","meta":{"_acf_changed":false,"_et_pb_use_builder":"on","_et_pb_old_content":"[vc_row row_height_percent=\"0\" override_padding=\"yes\" h_padding=\"2\" top_padding=\"3\" bottom_padding=\"2\" overlay_alpha=\"50\" gutter_size=\"3\" column_width_percent=\"100\" shift_y=\"0\" z_index=\"0\"][vc_column column_width_percent=\"100\" align_horizontal=\"align_center\" gutter_size=\"3\" overlay_alpha=\"50\" shift_x=\"0\" shift_y=\"0\" shift_y_down=\"0\" z_index=\"0\" medium_width=\"1\" mobile_visibility=\"yes\" mobile_width=\"0\" width=\"1\/4\"][\/vc_column][vc_column column_width_percent=\"100\" align_horizontal=\"align_center\" gutter_size=\"3\" overlay_alpha=\"50\" shift_x=\"0\" shift_y=\"0\" shift_y_down=\"0\" z_index=\"0\" medium_width=\"5\" mobile_width=\"0\" width=\"1\/2\"][vc_custom_heading auto_text=\"yes\" heading_semantic=\"h6\" text_font=\"font-191838\" text_size=\"h6\" text_weight=\"400\" text_transform=\"uppercase\" text_space=\"fontspace-775570\" css_animation=\"alpha-anim\" animation_delay=\"300\"]Contact[\/vc_custom_heading][vc_custom_heading text_font=\"font-695850\" text_weight=\"400\" css_animation=\"alpha-anim\" animation_delay=\"100\"]Am g\u0103sit fericirea venind \u00een ajutor cu informa\u021bia potrivit\u0103 la momentul potrivit![\/vc_custom_heading][vc_empty_space empty_h=\"2\"][vc_single_image media=\"41\" media_width_use_pixel=\"yes\" alignment=\"center\" css_animation=\"alpha-anim\" media_width_pixel=\"80\"][\/vc_column][vc_column column_width_percent=\"100\" gutter_size=\"3\" overlay_alpha=\"50\" shift_x=\"0\" shift_y=\"0\" shift_y_down=\"0\" z_index=\"0\" medium_width=\"1\" mobile_visibility=\"yes\" mobile_width=\"0\" width=\"1\/4\"][\/vc_column][\/vc_row][vc_row row_height_percent=\"0\" overlay_alpha=\"50\" gutter_size=\"3\" column_width_percent=\"100\" shift_y=\"0\" z_index=\"0\"][vc_column width=\"1\/6\"][\/vc_column][vc_column column_width_percent=\"100\" position_vertical=\"middle\" align_horizontal=\"align_center\" gutter_size=\"1\" overlay_alpha=\"50\" shift_x=\"0\" shift_y=\"0\" shift_y_down=\"0\" z_index=\"0\" medium_width=\"0\" mobile_width=\"0\" width=\"2\/6\"][vc_custom_heading heading_semantic=\"h3\" text_font=\"font-667502\" text_size=\"h3\" text_weight=\"400\"]Te invit s\u0103 ne conect\u0103m aici![\/vc_custom_heading][vc_empty_space empty_h=\"1\"][vc_custom_heading heading_semantic=\"h6\" text_font=\"font-191838\" text_size=\"h6\" text_weight=\"400\" text_transform=\"uppercase\" text_space=\"fontspace-775570\"]Telefon[\/vc_custom_heading][vc_custom_heading heading_semantic=\"h4\" text_font=\"font-667502\" text_size=\"h4\" text_weight=\"400\"]<a href=\"tel:+40749921680\">+40 749 921 680<\/a>[\/vc_custom_heading][vc_empty_space empty_h=\"0\"][vc_custom_heading heading_semantic=\"h6\" text_font=\"font-191838\" text_size=\"h6\" text_weight=\"400\" text_transform=\"uppercase\" text_space=\"fontspace-775570\"]Email[\/vc_custom_heading][vc_custom_heading heading_semantic=\"h4\" text_font=\"font-667502\" text_size=\"h4\" text_weight=\"400\"]<a href=\"mailto:contact@dianagubas.com\" target=\"_blank\" rel=\"noopener noreferrer\">contact@dianagubas.com<\/a>[\/vc_custom_heading][vc_empty_space empty_h=\"1\"][vc_custom_heading heading_semantic=\"h6\" text_font=\"font-191838\" text_size=\"h6\" text_weight=\"400\" text_transform=\"uppercase\" text_space=\"fontspace-775570\"]Follow me[\/vc_custom_heading][vc_custom_heading heading_semantic=\"h4\" text_font=\"font-667502\" text_size=\"h4\" text_weight=\"400\"]<a href=\"https:\/\/www.instagram.com\/dianagubas\/\" target=\"_blank\" rel=\"noopener noreferrer\">Instagram<\/a> & <a href=\"https:\/\/www.facebook.com\/Diana-Guba\u0219-111732817400291\" target=\"_blank\" rel=\"noopener noreferrer\">Facebook<\/a>[\/vc_custom_heading][\/vc_column][vc_column width=\"2\/6\"][vc_single_image media=\"464\" media_width_percent=\"100\" shape=\"img-round\" radius=\"lg\"][\/vc_column][vc_column width=\"1\/6\"][\/vc_column][\/vc_row][vc_row row_height_percent=\"0\" override_padding=\"yes\" h_padding=\"2\" top_padding=\"3\" bottom_padding=\"2\" overlay_alpha=\"50\" gutter_size=\"3\" column_width_percent=\"100\" shift_y=\"0\" z_index=\"0\"][vc_column column_width_percent=\"100\" align_horizontal=\"align_center\" gutter_size=\"3\" overlay_alpha=\"50\" shift_x=\"0\" shift_y=\"0\" shift_y_down=\"0\" z_index=\"0\" medium_width=\"1\" mobile_visibility=\"yes\" mobile_width=\"0\" width=\"1\/4\"][\/vc_column][vc_column column_width_percent=\"100\" align_horizontal=\"align_center\" gutter_size=\"3\" overlay_alpha=\"50\" shift_x=\"0\" shift_y=\"0\" shift_y_down=\"0\" z_index=\"0\" medium_width=\"5\" mobile_width=\"0\" width=\"1\/2\"][vc_custom_heading heading_semantic=\"h6\" text_font=\"font-191838\" text_size=\"h6\" text_weight=\"400\" text_transform=\"uppercase\" text_space=\"fontspace-775570\" css_animation=\"alpha-anim\" animation_delay=\"300\"]Sesiune Privat\u0103 \/ Gratuit\u0103 \/ 30 minute[\/vc_custom_heading][vc_custom_heading text_font=\"font-695850\" text_weight=\"400\" css_animation=\"alpha-anim\" animation_delay=\"100\"]\u00censcrie-te la o sesiune privat\u0103 cu Diana.[\/vc_custom_heading][vc_empty_space empty_h=\"2\"][vc_single_image media=\"41\" media_width_use_pixel=\"yes\" alignment=\"center\" css_animation=\"alpha-anim\" media_width_pixel=\"80\"][\/vc_column][vc_column column_width_percent=\"100\" gutter_size=\"3\" overlay_alpha=\"50\" shift_x=\"0\" shift_y=\"0\" shift_y_down=\"0\" z_index=\"0\" medium_width=\"1\" mobile_visibility=\"yes\" mobile_width=\"0\" width=\"1\/4\"][\/vc_column][\/vc_row][vc_row row_height_percent=\"0\" override_padding=\"yes\" h_padding=\"2\" top_padding=\"2\" bottom_padding=\"3\" overlay_alpha=\"50\" gutter_size=\"3\" column_width_percent=\"100\" shift_y=\"0\" z_index=\"0\"][vc_column column_width_percent=\"100\" align_horizontal=\"align_center\" gutter_size=\"3\" overlay_alpha=\"50\" shift_x=\"0\" shift_y=\"0\" shift_y_down=\"0\" z_index=\"0\" medium_width=\"1\" mobile_visibility=\"yes\" mobile_width=\"0\" width=\"1\/4\"][\/vc_column][vc_column column_width_percent=\"100\" gutter_size=\"3\" overlay_alpha=\"50\" shift_x=\"0\" shift_y=\"0\" shift_y_down=\"0\" z_index=\"0\" medium_width=\"5\" mobile_width=\"0\" width=\"1\/2\"][contact-form-7 id=\"7\" html_class=\"default-underline\"][\/vc_column][vc_column column_width_percent=\"100\" gutter_size=\"3\" overlay_alpha=\"50\" shift_x=\"0\" shift_y=\"0\" shift_y_down=\"0\" z_index=\"0\" medium_width=\"1\" mobile_visibility=\"yes\" mobile_width=\"0\" width=\"1\/4\"][\/vc_column][\/vc_row]","_et_gb_content_width":"","inline_featured_image":false,"footnotes":""},"class_list":["post-16","page","type-page","status-publish","hentry"],"acf":[],"_links":{"self":[{"href":"https:\/\/www.dianagubas.com\/en\/wp-json\/wp\/v2\/pages\/16","targetHints":{"allow":["GET"]}}],"collection":[{"href":"https:\/\/www.dianagubas.com\/en\/wp-json\/wp\/v2\/pages"}],"about":[{"href":"https:\/\/www.dianagubas.com\/en\/wp-json\/wp\/v2\/types\/page"}],"author":[{"embeddable":true,"href":"https:\/\/www.dianagubas.com\/en\/wp-json\/wp\/v2\/users\/1"}],"replies":[{"embeddable":true,"href":"https:\/\/www.dianagubas.com\/en\/wp-json\/wp\/v2\/comments?post=16"}],"version-history":[{"count":51,"href":"https:\/\/www.dianagubas.com\/en\/wp-json\/wp\/v2\/pages\/16\/revisions"}],"predecessor-version":[{"id":50558,"href":"https:\/\/www.dianagubas.com\/en\/wp-json\/wp\/v2\/pages\/16\/revisions\/50558"}],"wp:attachment":[{"href":"https:\/\/www.dianagubas.com\/en\/wp-json\/wp\/v2\/media?parent=16"}],"curies":[{"name":"wp","href":"https:\/\/api.w.org\/{rel}","templated":true}]}}