{"id":51551,"date":"2021-12-07T19:56:23","date_gmt":"2021-12-07T17:56:23","guid":{"rendered":"https:\/\/www.dianagubas.com\/?page_id=51551"},"modified":"2026-04-18T08:29:47","modified_gmt":"2026-04-18T06:29:47","slug":"creare-cont-doterra","status":"publish","type":"page","link":"https:\/\/www.dianagubas.com\/en\/creare-cont-doterra\/","title":{"rendered":"Creare cont doTERRA"},"content":{"rendered":"<p>[et_pb_section fb_built=&#8221;1&#8243; _builder_version=&#8221;4.16&#8243; _module_preset=&#8221;default&#8221; global_colors_info=&#8221;{}&#8221;][et_pb_row _builder_version=&#8221;4.16&#8243; _module_preset=&#8221;default&#8221; global_colors_info=&#8221;{}&#8221;][et_pb_column type=&#8221;4_4&#8243; _builder_version=&#8221;4.16&#8243; _module_preset=&#8221;default&#8221; global_colors_info=&#8221;{}&#8221;][et_pb_text _builder_version=&#8221;4.16&#8243; _module_preset=&#8221;default&#8221; global_colors_info=&#8221;{}&#8221;]<\/p>\n<h2>Creare cont d\u014dTERRA &#8211; Avantaje<\/h2>\n<p>Cand am cunoscut\u00a0 doTerra, nu am dormit o luna, decat cateva ore pe noapte. De atunci continui alergarea, dar \u201cmai profesionist\u201d, in sensul ca de atunci am fost la cel putin 5 congrese internationale, cateva team-buildinguri, m-am specializat in Aromaterapie cu Diploma Internationala, si aplic zilnic aceste uleiuri si produse d\u014dTERRA in practica, atat in familia mea, a prietenilor si a celor care cauta raspunsuri folosind ceia de putem numi \u201cGOD\u201dS MEDICINE\u201d, adica folosind puterea naturii din uleiurile esentiale d\u014dTERRA.<\/p>\n<p>Eram atat de impresionata de lumea pe care tocmai o descoperisem si doream si inca doresc sa impartasesc cu toata lumea aceasta practica si experienta a mea. Mai jos gasiti un video explicativ, insa puteti citi si <a href=\"https:\/\/www.dianagubas.com\/interviu-ziarul-news\/\" target=\"_blank\" rel=\"noopener\">interviul pentru Ziarul National<\/a>, unde impartasesc viziunea mea.<\/p>\n<p>[\/et_pb_text][et_pb_video src=&#8221;https:\/\/youtu.be\/XkMWm_qdsGA&#8221; _builder_version=&#8221;4.16&#8243; _module_preset=&#8221;default&#8221; global_colors_info=&#8221;{}&#8221;][\/et_pb_video][et_pb_text _builder_version=&#8221;4.16&#8243; _module_preset=&#8221;default&#8221; global_colors_info=&#8221;{}&#8221;]<\/p>\n<p>In general, dupa ce impartasesc aceste cunostinte in lectiile si testarile mele, implicit vin si intrebari: \u201cvreau sa-mi achizi\u021bionez produse doTerra, cum pot \u00eentra \u00een posesia lor? \u0218i cum as pute face ca sa cumpar cat mai avantajos? Ce avantaje am dac\u0103 \u00eemi fac un cont? \u201c<\/p>\n<p>Ei bine \u00ee\u021bi voi r\u0103spunde la fiecare \u00eentrebare pe care o primesc \u0219i vom parcurge \u00eempreun\u0103 toate informa\u021biile de care tu ai nevoie pentru a \u00een\u021belege sistemul de comenzi \u0219i \u00eenscrieri \u00een d\u014dTERRA si avantajele tale prin \u00eenscrierea cu un cont doTERRA pe numele tau.<\/p>\n<p><strong>Daca vrei s\u0103 achizi\u021bionezi uleiurile\u00a0 esen\u021biale cu reduceri \u00eentre 25-55% (pret de depozit), s\u0103 ai acces la toate promo\u021biile, la produse gratis, este necesar sa \u00ee\u021bi creezi un cont d\u014dTERRA.<\/strong><\/p>\n<p>[\/et_pb_text][\/et_pb_column][\/et_pb_row][\/et_pb_section][et_pb_section fb_built=&#8221;1&#8243; _builder_version=&#8221;4.16&#8243; _module_preset=&#8221;default&#8221; background_enable_color=&#8221;off&#8221; background_image=&#8221;https:\/\/www.dianagubas.com\/new\/wp-content\/uploads\/2020\/12\/DianaGubas_Website-03-1-scaled.jpg&#8221; global_colors_info=&#8221;{}&#8221;][et_pb_row _builder_version=&#8221;4.16&#8243; _module_preset=&#8221;default&#8221; global_colors_info=&#8221;{}&#8221;][et_pb_column type=&#8221;4_4&#8243; _builder_version=&#8221;4.16&#8243; _module_preset=&#8221;default&#8221; global_colors_info=&#8221;{}&#8221;][et_pb_text _builder_version=&#8221;4.17.3&#8243; _module_preset=&#8221;default&#8221; background_layout=&#8221;dark&#8221; global_colors_info=&#8221;{}&#8221;]<\/p>\n<h3>De ce este foarte important cum utilizam produsele d\u014dTERRA<\/h3>\n<p>Aici intervin eu, cu toata experienta mea de viata, din mai multe domenii. Iti recomand sa imi citesti interviul, care este putin mai jos, dupa poza mea. Asa o sa ma cunosti mai bine, vezi daca rezonezi cu valorile mele, si vezi cum privesc eu aceasta lume minunata a Aromaterapiei.<\/p>\n<p>Eu nu vand produse d\u014dTERRA, ca atunci cand cumperi ceva dintr-o farmacie, sau magazine naturiste, eu <strong>te voi \u00eenva\u021ba cum sa ajungi la un stil de viata in balanta, un stil de viata sanatos<\/strong>, schimbari treptate nu radicale, si tot ce trebuie ca tu sa \u0219tii despre uleiurile doTerra, unde iti vor fi ele de ajutor si modul lor de utilizare c\u00e2t mai eficient \u0219i \u00een siguran\u021b\u0103. Vom parcurge \u00eempreun\u0103 toate etapele ini\u021bierii tale \u0219i vei avea sprijin complet!<\/p>\n<p><strong>Vreau sa ma asigur ca ai \u00een\u021beles ca acest kit, sau altele, de pe situl meu, vin \u0219i cu consultanta personalizata tie si familiei tale.<\/strong><\/p>\n<p>[\/et_pb_text][\/et_pb_column][\/et_pb_row][\/et_pb_section][et_pb_section fb_built=&#8221;1&#8243; custom_padding_last_edited=&#8221;on|desktop&#8221; disabled_on=&#8221;off|off|off&#8221; admin_label=&#8221;section&#8221; module_class=&#8221;free-barber&#8221; _builder_version=&#8221;4.16&#8243; background_image=&#8221;\/wp-content\/plugins\/Divi-Ultimate-Plugin\/images\/barber-background.jpg&#8221; custom_padding=&#8221;68px|12px|68px|12px&#8221; custom_padding_tablet=&#8221;&#8221; custom_padding_phone=&#8221;&#8221; custom_css_main_element=&#8221;background-repeat: repeat!important;||background-size: 100%;&#8221; global_colors_info=&#8221;{}&#8221;][et_pb_row admin_label=&#8221;row&#8221; _builder_version=&#8221;4.16&#8243; background_size=&#8221;initial&#8221; background_position=&#8221;top_left&#8221; background_repeat=&#8221;repeat&#8221; global_colors_info=&#8221;{}&#8221;][et_pb_column type=&#8221;4_4&#8243; _builder_version=&#8221;4.16&#8243; custom_padding=&#8221;|||&#8221; custom_padding_tablet=&#8221;|||&#8221; custom_padding_phone=&#8221;|||&#8221; custom_padding_last_edited=&#8221;on|desktop&#8221; global_colors_info=&#8221;{}&#8221; padding_phone=&#8221;|||&#8221; padding_tablet=&#8221;|||&#8221; padding_last_edited=&#8221;on|desktop&#8221; custom_padding__hover=&#8221;|||&#8221;][et_pb_text admin_label=&#8221;Text&#8221; module_class=&#8221;free-header-top-text&#8221; _builder_version=&#8221;4.16&#8243; text_font=&#8221;|on|||&#8221; background_size=&#8221;initial&#8221; background_position=&#8221;top_left&#8221; background_repeat=&#8221;repeat&#8221; custom_margin=&#8221;||12px|&#8221; custom_margin_tablet=&#8221;||0px|&#8221; custom_padding=&#8221;||0px|&#8221; custom_padding_tablet=&#8221;||15px|&#8221; saved_tabs=&#8221;all&#8221; global_colors_info=&#8221;{}&#8221;]<\/p>\n<p>CREARE CONT doTERRA<\/p>\n<p>[\/et_pb_text][et_pb_cta title=&#8221;Beneficii&#8221; admin_label=&#8221;Call To Action&#8221; module_class=&#8221;free-header&#8221; _builder_version=&#8221;4.16&#8243; header_font=&#8221;|on|||&#8221; use_background_color=&#8221;off&#8221; background_size=&#8221;initial&#8221; background_position=&#8221;top_left&#8221; background_repeat=&#8221;repeat&#8221; text_orientation=&#8221;left&#8221; background_layout=&#8221;light&#8221; custom_margin=&#8221;||0px|&#8221; saved_tabs=&#8221;all&#8221; global_colors_info=&#8221;{}&#8221; button_text_size__hover_enabled=&#8221;off&#8221; button_one_text_size__hover_enabled=&#8221;off&#8221; button_two_text_size__hover_enabled=&#8221;off&#8221; button_text_color__hover_enabled=&#8221;off&#8221; button_one_text_color__hover_enabled=&#8221;off&#8221; button_two_text_color__hover_enabled=&#8221;off&#8221; button_border_width__hover_enabled=&#8221;off&#8221; button_one_border_width__hover_enabled=&#8221;off&#8221; button_two_border_width__hover_enabled=&#8221;off&#8221; button_border_color__hover_enabled=&#8221;off&#8221; button_one_border_color__hover_enabled=&#8221;off&#8221; button_two_border_color__hover_enabled=&#8221;off&#8221; button_border_radius__hover_enabled=&#8221;off&#8221; button_one_border_radius__hover_enabled=&#8221;off&#8221; button_two_border_radius__hover_enabled=&#8221;off&#8221; button_letter_spacing__hover_enabled=&#8221;off&#8221; button_one_letter_spacing__hover_enabled=&#8221;off&#8221; button_two_letter_spacing__hover_enabled=&#8221;off&#8221; button_bg_color__hover_enabled=&#8221;off&#8221; button_one_bg_color__hover_enabled=&#8221;off&#8221; button_two_bg_color__hover_enabled=&#8221;off&#8221;][\/et_pb_cta][et_pb_text admin_label=&#8221;Text&#8221; _builder_version=&#8221;4.16&#8243; background_size=&#8221;initial&#8221; background_position=&#8221;top_left&#8221; background_repeat=&#8221;repeat&#8221; global_colors_info=&#8221;{}&#8221;]<\/p>\n<p>Prin crearea unui cont doTERRA te vei alatura unei comunitati vibrante, vie, balansata emotional, gata sa te integreze si sa invatam impreuna. Ne suntem alaturi si crestem impreuna prin educa\u021bie online, atat generala, cat si personalizata. Vei primi materiale informative pentru un stil de viata s\u0103n\u0103tos si pentru rezolvarea problemelor de sanatate cu ajutorul uleiurilor esentiale.\u00a0<\/p>\n<p>[\/et_pb_text][et_pb_text admin_label=&#8221;Text&#8221; _builder_version=&#8221;4.19.4&#8243; text_font=&#8221;|on|||&#8221; text_text_color=&#8221;#595959&#8243; text_font_size=&#8221;13px&#8221; background_size=&#8221;initial&#8221; background_position=&#8221;top_left&#8221; background_repeat=&#8221;repeat&#8221; global_colors_info=&#8221;{}&#8221;]<\/p>\n<ul style=\"list-style-type: circle;\">\n<li>aplicatii practice, usor de folosit, direct de pe telefonul tau<\/li>\n<li>zoom pe teme specifice saptamanale, cat tu sa te poti bucura de cunostinte si comunitatea mea<\/li>\n<li>oferte \u0219i reduceri d\u014dTERRA aferente contului tau personal<\/li>\n<li>\u00ee\u021bi vei putea achizi\u021biona produsele doar dac\u0103 \u0219i c\u00e2nd ai nevoie, fara sa fii obligat de nimic<\/li>\n<li>garantia calit\u0103\u021bii produselor expediate direct de\u00a0 produc\u0103tor, nu prin intermediari<\/li>\n<li>propriul birou\u00a0 \u0219i magazin virtual \u00een care vei putea avea acces la call center specializat in limba romana<\/li>\n<li>taxele de livrare 8.33 \u20ac \u00ee\u021bi vor fi rambursate integral \u00een puncte 7PV, pe care le vei putea valorifica \u00een\u00a0 produse gratuite<\/li>\n<li>lunar ai posibilitatea sa te bucuri de produse gratuite. Dupa ce iti faci contul te voi invata cum sa primesti lunar un produs gratis.<\/li>\n<li>de aproximativ 3 ori pe an, te vei bucura \u0219i r\u0103sfa\u021b\u0103 de produse gratuite prin (BOGO) Buy One Get One, pl\u0103te\u0219ti un produs \u0219i vei primi altul gratuit.<\/li>\n<li>daca \u00ee\u021bi vei dori ca toate produsele pe care le achizi\u021bionezi de la doTerra, sa iti fie gratuite 100% te voi \u00eendruma cu drag.<\/li>\n<\/ul>\n<p>[\/et_pb_text][\/et_pb_column][\/et_pb_row][\/et_pb_section][et_pb_section fb_built=&#8221;1&#8243; _builder_version=&#8221;4.16&#8243; _module_preset=&#8221;default&#8221; background_color=&#8221;#d4c88b&#8221; global_colors_info=&#8221;{}&#8221;][et_pb_row column_structure=&#8221;1_2,1_2&#8243; _builder_version=&#8221;4.16&#8243; _module_preset=&#8221;default&#8221; global_colors_info=&#8221;{}&#8221;][et_pb_column type=&#8221;1_2&#8243; _builder_version=&#8221;4.16&#8243; _module_preset=&#8221;default&#8221; global_colors_info=&#8221;{}&#8221;][et_pb_image src=&#8221;https:\/\/www.dianagubas.com\/new\/wp-content\/uploads\/2021\/12\/creare-cont-doterra-dg.jpg&#8221; alt=&#8221;Creare cont doTERRA&#8221; title_text=&#8221;creare-cont-doterra-dg&#8221; _builder_version=&#8221;4.16&#8243; _module_preset=&#8221;default&#8221; global_colors_info=&#8221;{}&#8221;][\/et_pb_image][\/et_pb_column][et_pb_column type=&#8221;1_2&#8243; _builder_version=&#8221;4.16&#8243; _module_preset=&#8221;default&#8221; global_colors_info=&#8221;{}&#8221;][et_pb_text _builder_version=&#8221;4.16&#8243; _module_preset=&#8221;default&#8221; global_colors_info=&#8221;{}&#8221;]<\/p>\n<h5>INTREBARI FRECVENTE (CREARE CONT d\u014dTERRA):<\/h5>\n<p>[\/et_pb_text][et_pb_accordion _builder_version=&#8221;4.16&#8243; _module_preset=&#8221;default&#8221; global_colors_info=&#8221;{}&#8221;][et_pb_accordion_item title=&#8221;Imi permit produsele d\u014dTERRA? Nu sunt prea scumpe pentru mine?&#8221; open=&#8221;on&#8221; _builder_version=&#8221;4.16&#8243; _module_preset=&#8221;default&#8221; global_colors_info=&#8221;{}&#8221;]<\/p>\n<p>Un kit este o investitie in sanatatea ta, insa sa stii ca uleiurile esentiale iti salveaza bani si timp. Pentru o simpla raceala, in loc sa iti iei liber de la munca sa mergi la doctor pentru reteta pentru tine sau copiii tai, reteta cumparata plus consultatia, benzina consumata, adunate vor fi anual mai scumpe decat atunci cand stii si ai pe ce pune mana in casa. Plus ca uleiurile esentiale iti fac preventie . Nu mai vorbim de stresul unei mame( vorbesc din experienta), cand copilul se imbolnaveste si te simti neputincioasa si dependent de o consultatie, care nu intotdeauna poate fi facuta imediat.<\/p>\n<p>[\/et_pb_accordion_item][et_pb_accordion_item title=&#8221;Daca imi fac cont d\u014dTERRA, trebuie sa comand lunar? &#8221; _builder_version=&#8221;4.16&#8243; _module_preset=&#8221;default&#8221; global_colors_info=&#8221;{}&#8221; open=&#8221;off&#8221;]<\/p>\n<p><strong>NU<\/strong>. Ai libertate totala. Poti sa faci comenzi c\u00e2nd ai nevoie, de ce ai nevoie \u0219i c\u00e2t ai nevoie! Daca cei apropia\u021bi \u00ee\u0219i vor dori \u0219i ei sa comande \u0219i astfel sa se \u00eenscrie si ei cu un cont, atunci ei vor beneficia de reduceri semnificative, iar tu vei face primul pas spre a ob\u021bine uleiurile \u00een mod gratuit.<\/p>\n<p>[\/et_pb_accordion_item][et_pb_accordion_item title=&#8221;Trebuie sa vand uleiuri? &#8221; _builder_version=&#8221;4.16&#8243; _module_preset=&#8221;default&#8221; global_colors_info=&#8221;{}&#8221; open=&#8221;off&#8221;]<\/p>\n<p><strong>NU<\/strong>. E\u0219ti liber sa faci comenzi \u00een calitate de cump\u0103r\u0103tor oric\u00e2t vei avea nevoie. Dac\u0103 \u00ee\u021bi vei dori sa \u00eemp\u0103rt\u0103\u0219e\u0219ti \u0219i celorla\u021bi atunci vei avea si aceasta op\u021biune, dar nu facem vanzari, ci educam, nu umblam cu uleiurile in geanta, decat pentru a fi testate sau pentru a le da cadou!<\/p>\n<p>[\/et_pb_accordion_item][et_pb_accordion_item title=&#8221;Cum procedez daca prietenii mei vor si ei uleiuri?&#8221; _builder_version=&#8221;4.16&#8243; _module_preset=&#8221;default&#8221; global_colors_info=&#8221;{}&#8221; open=&#8221;off&#8221;]<\/p>\n<p>Atunci tu ii vei putea \u00eenscrie cu ajutorul linkului tau personal. \u0218i pentru c\u0103 \u00eei introduci \u00een lumea uleiurilor ei invata ca si tine la inceput, iar doTerra te recompenseaza cu comisioane, astfel incat uleiurile tale si produsele d\u014dTERRA iubite de tine, poti sa ti le cumperi din comisionul primit pentru ca vrei sa faci bine cuiva!<\/p>\n<p>[\/et_pb_accordion_item][\/et_pb_accordion][\/et_pb_column][\/et_pb_row][\/et_pb_section]<\/p>\n","protected":false},"excerpt":{"rendered":"<p>Creare cont d\u014dTERRA &#8211; Avantaje Cand am cunoscut\u00a0 doTerra, nu am dormit o luna, decat cateva ore pe noapte. De atunci continui alergarea, dar \u201cmai profesionist\u201d, in sensul ca de atunci am fost la cel putin 5 congrese internationale, cateva team-buildinguri, m-am specializat in Aromaterapie cu Diploma Internationala, si aplic zilnic aceste uleiuri si produse [&hellip;]<\/p>\n","protected":false},"author":1,"featured_media":0,"parent":0,"menu_order":0,"comment_status":"closed","ping_status":"closed","template":"","meta":{"_acf_changed":false,"_et_pb_use_builder":"on","_et_pb_old_content":"","_et_gb_content_width":"","inline_featured_image":false,"footnotes":""},"class_list":["post-51551","page","type-page","status-publish","hentry"],"acf":[],"_links":{"self":[{"href":"https:\/\/www.dianagubas.com\/en\/wp-json\/wp\/v2\/pages\/51551","targetHints":{"allow":["GET"]}}],"collection":[{"href":"https:\/\/www.dianagubas.com\/en\/wp-json\/wp\/v2\/pages"}],"about":[{"href":"https:\/\/www.dianagubas.com\/en\/wp-json\/wp\/v2\/types\/page"}],"author":[{"embeddable":true,"href":"https:\/\/www.dianagubas.com\/en\/wp-json\/wp\/v2\/users\/1"}],"replies":[{"embeddable":true,"href":"https:\/\/www.dianagubas.com\/en\/wp-json\/wp\/v2\/comments?post=51551"}],"version-history":[{"count":54,"href":"https:\/\/www.dianagubas.com\/en\/wp-json\/wp\/v2\/pages\/51551\/revisions"}],"predecessor-version":[{"id":52208,"href":"https:\/\/www.dianagubas.com\/en\/wp-json\/wp\/v2\/pages\/51551\/revisions\/52208"}],"wp:attachment":[{"href":"https:\/\/www.dianagubas.com\/en\/wp-json\/wp\/v2\/media?parent=51551"}],"curies":[{"name":"wp","href":"https:\/\/api.w.org\/{rel}","templated":true}]}}