{"id":993,"date":"2020-12-24T17:31:15","date_gmt":"2020-12-24T15:31:15","guid":{"rendered":"https:\/\/www.dianagubas.com\/?page_id=993"},"modified":"2020-12-24T17:45:42","modified_gmt":"2020-12-24T15:45:42","slug":"termeni-conditii","status":"publish","type":"page","link":"https:\/\/www.dianagubas.com\/en\/termeni-conditii\/","title":{"rendered":"Termeni &#038; Condi\u021bii"},"content":{"rendered":"<p>[vc_row unlock_row_content=&#8221;yes&#8221; row_height_percent=&#8221;0&#8243; override_padding=&#8221;yes&#8221; h_padding=&#8221;7&#8243; top_padding=&#8221;2&#8243; bottom_padding=&#8221;2&#8243; overlay_alpha=&#8221;50&#8243; gutter_size=&#8221;3&#8243; column_width_percent=&#8221;100&#8243; shift_y=&#8221;0&#8243; z_index=&#8221;0&#8243;][vc_column column_width_percent=&#8221;100&#8243; gutter_size=&#8221;2&#8243; overlay_alpha=&#8221;50&#8243; shift_x=&#8221;0&#8243; shift_y=&#8221;0&#8243; shift_y_down=&#8221;0&#8243; z_index=&#8221;0&#8243; medium_width=&#8221;0&#8243; mobile_width=&#8221;0&#8243;][vc_custom_heading heading_semantic=&#8221;h6&#8243; text_font=&#8221;font-191838&#8243; text_size=&#8221;h6&#8243; text_weight=&#8221;400&#8243; text_transform=&#8221;uppercase&#8221; text_height=&#8221;fontheight-122900&#8243; text_space=&#8221;fontspace-775570&#8243;]INFORMA\u021aII PREALABILE IMPORTANTE[\/vc_custom_heading][vc_column_text]Bine a\u021bi venit DIANAGUBAS.COM (denumit \u00een cele ce urmeaz\u0103 \u0219i \u201cServiciul. Pentru alte informa\u021bii privind domeniul de aplicare al Serviciului.<\/p>\n<p>Utilizarea Serviciului nu poate fi realizat\u0103 dec\u00e2t dup\u0103 ce, \u00een prealabil, a\u021bi citit \u00een integralitate \u0219i v-a\u021bi manifestat consim\u021b\u0103m\u00e2ntul cu privire la Termenii \u0219i condi\u021biile generale, inclusiv cu privire la politica privind Prelucrarea datelor cu caracter personal.<\/p>\n<p>Prin bifarea c\u0103su\u021bei \u201cSunt de acord\u201d , declara\u021bi c\u0103 a\u021bi citit integral Termenii \u0219i condi\u021biile generale, inclusiv termenii privind prelucrarea datelor cu caracter personal \u2014 \u201dPolitica de confiden\u021bialitate\u201d (denumite \u00een cele ce urmeaz\u0103 \u00eempreun\u0103 \u201dTermenii \u0219i Condi\u021biile\u201d), sunte\u021bi de acord cu ace\u0219tia \u0219i v\u0103 exprima\u021bi acordul pentru a intra sub inciden\u021ba acestor termeni \u0219i condi\u021bii.<\/p>\n<p>Dac\u0103 nu sunte\u021bi de acord cu Termenii \u0219i Condi\u021biile mai sus men\u021bionate, v\u0103 rug\u0103m s\u0103 nu utiliza\u021bi\u00a0de stocare.[\/vc_column_text][vc_empty_space empty_h=&#8221;2&#8243;][vc_custom_heading heading_semantic=&#8221;h6&#8243; text_font=&#8221;font-191838&#8243; text_size=&#8221;h6&#8243; text_weight=&#8221;400&#8243; text_transform=&#8221;uppercase&#8221; text_height=&#8221;fontheight-122900&#8243; text_space=&#8221;fontspace-775570&#8243;]SUSPENDAREA ACCESULUI LA SERVICIU[\/vc_custom_heading][vc_column_text]DIANAGUBAS.COM are dreptul de a suspenda sau restric\u021biona accesul dumneavoastr\u0103 la Serviciu, \u00een orice moment, din orice motiv sau f\u0103r\u0103 niciun motiv.<\/p>\n<p>DIANAGUBAS.COM are dreptul (dar nu obliga\u021bia) de a refuza accesul oric\u0103rei persoane, agen\u021bii sau organiza\u021bii \u00een orice moment, din orice motiv sau f\u0103r\u0103 niciun motiv, la alegerea sa.<\/p>\n<p>DIANAGUBAS.COM \u00ee\u0219i rezerv\u0103 dreptul de a modifica, opri \u00een \u00eentregime sau par\u021bial Serviciul, temporar sau permanent, f\u0103r\u0103 notificare prealabil\u0103. DIANAGUBAS.COM \u00ee\u0219i rezerv\u0103 dreptul de a \u0219terge sau modifica orice nume de utilizator sau parol\u0103 \u00een orice moment, din orice motiv sau f\u0103r\u0103 niciun motiv, \u00een interesul corectitudinii fa\u021b\u0103 de utilizatori. \u00cen asemenea cazuri \u0219i situa\u021bii ve\u021bi fi notificat la adresa de email folosit\u0103 pentru \u00eenregistrare.[\/vc_column_text][vc_empty_space empty_h=&#8221;2&#8243;][vc_custom_heading heading_semantic=&#8221;h6&#8243; text_font=&#8221;font-191838&#8243; text_size=&#8221;h6&#8243; text_weight=&#8221;400&#8243; text_transform=&#8221;uppercase&#8221; text_height=&#8221;fontheight-122900&#8243; text_space=&#8221;fontspace-775570&#8243;]LINK-uri[\/vc_custom_heading][vc_column_text]Anumite zone ale Servicului DIANAGUBAS.COM sau ale platformei pot con\u021bine link-uri c\u0103tre alte website-uri. V\u0103 rug\u0103m s\u0103 lua\u021bi la cuno\u0219tin\u021b\u0103 faptul c\u0103 atunci c\u00e2nd da\u021bi click pe aceste link-uri, ve\u021bi accesa un alt website pentru care nu ne asum\u0103m r\u0103spunderea \u0219i asupra c\u0103ruia nu de\u021binem controlul. Includerea altor link-uri nu implic\u0103 afilierea cu acestea, promovarea sau acceptarea din partea noastr\u0103 a site-ului c\u0103tre care se face trimitere sau a oric\u0103ror informa\u021bii medicale din con\u021binutul acestora. \u00cencuraj\u0103m parcurgerea cu aten\u021bie a Termenilor \u0219i Condi\u021biilor, a practicilor privind colectarea datelor \u0219i a politicilor de confiden\u021bialitate ale tuturor site-urilor din link-uri, deoarece pot diferi substan\u021bial fa\u021b\u0103 de cele practicate de noi.<\/p>\n<p>Prin accesarea platformei noastre, v\u0103 da\u021bi acordul privind faptul c\u0103 noi nu ne facem responsabili pentru pierderile sau defec\u021biunile cauzate de accesarea acestor link-uri sau ca rezultat al existen\u021bei acestor link-uri pe site-ul nostru.[\/vc_column_text][vc_empty_space empty_h=&#8221;2&#8243;][vc_custom_heading heading_semantic=&#8221;h6&#8243; text_font=&#8221;font-191838&#8243; text_size=&#8221;h6&#8243; text_weight=&#8221;400&#8243; text_transform=&#8221;uppercase&#8221; text_height=&#8221;fontheight-122900&#8243; text_space=&#8221;fontspace-775570&#8243;]POLITICA DE COOKIE-URI[\/vc_custom_heading][vc_column_text]Atunci c\u00e2nd vizita\u021bi DIANAGUBAS.COM pentru prima dat\u0103 v\u0103 aducem la cuno\u0219tin\u021ba \u00een mod special faptul ca folosim cookie-uri. Continu\u00e2nd s\u0103 utiliza\u021bi platforma accepta\u021bi \u0219i sunte\u021bi de acord cu Politica privind Cookie-urile. Vom continua s\u0103 v\u0103 aducem la cuno\u0219tin\u021ba acest lucru de fiecare dat\u0103 c\u00e2nd vizita\u021bi site-ul DIANAGUBAS.COM, p\u00e2n\u0103 c\u00e2nd confirma\u021bi luarea la cuno\u0219tin\u021ba.[\/vc_column_text][vc_empty_space empty_h=&#8221;2&#8243;][vc_custom_heading heading_semantic=&#8221;h6&#8243; text_font=&#8221;font-191838&#8243; text_size=&#8221;h6&#8243; text_weight=&#8221;400&#8243; text_transform=&#8221;uppercase&#8221; text_height=&#8221;fontheight-122900&#8243; text_space=&#8221;fontspace-775570&#8243;]NOTIFIC\u0102RI DIGITALE (NEWSLETTER)[\/vc_custom_heading][vc_column_text]Prin acceptarea termenilor acestui Contract, sunte\u021bi de acord s\u0103 primi\u021bi mesaje digitale de comunicare, notific\u0103ri, documente sau alte \u00eenregistr\u0103ri privitoare la Servicii, sau a\u0219a numitele mesaje comerciale nesolicitate (newsletter). Este posibil s\u0103 v\u0103 trimitem notific\u0103ri pe e-mail, la adresa de e-mail oferit\u0103 la \u00eenregistrare sau la num\u0103rul de telefon oferit la \u00eenregistrare.<\/p>\n<p>V\u0103 pute\u021bi retrage consim\u021b\u0103m\u00e2ntul privitor la primirea mesajelor electronice, declar\u00e2nd c\u0103 nu sunte\u021bi de acord s\u0103 primi\u021bi astfel de mesaje sau informa\u021bii.[\/vc_column_text][vc_empty_space empty_h=&#8221;2&#8243;][vc_custom_heading heading_semantic=&#8221;h6&#8243; text_font=&#8221;font-191838&#8243; text_size=&#8221;h6&#8243; text_weight=&#8221;400&#8243; text_transform=&#8221;uppercase&#8221; text_height=&#8221;fontheight-122900&#8243; text_space=&#8221;fontspace-775570&#8243;]PROPRIETATEA INTELECTUAL\u0102[\/vc_custom_heading][vc_column_text]\u00centreg con\u021binutul disponibil \u00een sau prin Serviciu face parte din proprietatea GUBASDIANA.COM \u0219i este protejat de drepturi de autor, marc\u0103 \u00eenregistrat\u0103, licen\u021be, informa\u021bii confiden\u021biale \u0219i alte drepturi de proprietate intelectual\u0103. V\u0103 oferim permisiunea de a afi\u0219a, desc\u0103rca, stoca \u0219i imprima con\u021binutul doar \u00een scopuri personale, necomerciale. Sunte\u021bi de acord s\u0103 nu reproduce\u021bi, transmite\u021bi, distribui\u021bi, comercializa\u021bi, publica\u021bi c\u0103tre ter\u021be p\u0103r\u021bi con\u021binutul Serviciului, f\u0103r\u0103 consim\u021b\u0103m\u00e2ntul scris al \/ f\u0103r\u0103 aprobarea DIANAGUBAS.COM.<\/p>\n<p>Beneficiarul declar\u0103 c\u0103 \u00eentelege \u0219i accept\u0103 ca, prin \u00eenregistrarea sa \u00een platform\u0103 \u0219i prin utilizarea Serviciului, nu dobandeste niciun drept cu privire la aceasta, inclusiv, dar fara a se limita la drepturi de autor si drepturi de proprietate intelectuala.<\/p>\n<p>Orice copiere, reproducere sau redistribuire a platformei este interzisa, inclusiv copierea sau redistribuirea aplicatiei pe alt server sau folosirea acesteia in scopuri comerciale sau de productie.<\/p>\n<p>Orice tentativa de accesare neautorizata a platformei si a infrastructurii pe care aceasta ruleaza va fi pedepsita conform legii in vigoare. Utilizatorul\/beneficiarul nu va decompila, nu va utiliza ingineria reversibila si nu va incerca in nicio alta maniera descoperirea codului sursa al platformei.<\/p>\n<p>In cazul in care utilizatorul\/beneficiarul va aduce atingeri dreptului de autor asupra plaformei, va suporta sanctiunile prevazute de Legea nr. 8\/1996 privind drepturile de autor, cu modificarile si completarile ulterioare, precum si a altor acte normative in materie, in vigoare.<\/p>\n<p>Orice utilizare ilegal\u0103 sau oricare dintre ac\u0163iunile sau comportamentele men\u0163ionate anterior vor constitui o \u00eenc\u0103lcare material\u0103 a drepturilor noastre de proprietate intelectual\u0103.[\/vc_column_text][vc_empty_space empty_h=&#8221;2&#8243;][vc_custom_heading heading_semantic=&#8221;h6&#8243; text_font=&#8221;font-191838&#8243; text_size=&#8221;h6&#8243; text_weight=&#8221;400&#8243; text_transform=&#8221;uppercase&#8221; text_height=&#8221;fontheight-122900&#8243; text_space=&#8221;fontspace-775570&#8243;]CONFIDEN\u021aIALITATE[\/vc_custom_heading][vc_column_text]DIANAGUBAS.COM va respecta confidentialitatea tuturor informatiilor, datelor si\/sau documentelor de care ia cunostinta si care nu sunt destinate publicitatii, asigurandu-ne ca oricare reprezentanti sau colaboratori ai no\u0219tri, participan\u021bi direct sau indirect la prestarea Serviciului, vor fi instiintati despre obligatia de confidentialitate.[\/vc_column_text][vc_empty_space empty_h=&#8221;2&#8243;][vc_custom_heading heading_semantic=&#8221;h6&#8243; text_font=&#8221;font-191838&#8243; text_size=&#8221;h6&#8243; text_weight=&#8221;400&#8243; text_transform=&#8221;uppercase&#8221; text_height=&#8221;fontheight-122900&#8243; text_space=&#8221;fontspace-775570&#8243;]DATE CU CARACTER PERSONAL[\/vc_custom_heading][vc_column_text]DIANAGUBAS.COM va lua toate masurile tehnice si organizatorice adecvate in vederea protejarii datelor cu caracter personal de care ia cunostinta pentru executarea Serviciului, precum si pentru a preintampina\/impiedica distrugerea accidentala sau ilegala, pierderea, modificarea, dezvaluirea sau accesul neautorizat asupra acestor date, sau orice alte forme de prelucrare ilegala.[\/vc_column_text][vc_empty_space empty_h=&#8221;2&#8243;][vc_custom_heading heading_semantic=&#8221;h6&#8243; text_font=&#8221;font-191838&#8243; text_size=&#8221;h6&#8243; text_weight=&#8221;400&#8243; text_transform=&#8221;uppercase&#8221; text_height=&#8221;fontheight-122900&#8243; text_space=&#8221;fontspace-775570&#8243;]LEGISLA\u021aIE[\/vc_custom_heading][vc_column_text]Legea romana este legea aplicabila prezentului Contract.<\/p>\n<p>\u00cen m\u0103sura permis\u0103 de lege, ace\u0219ti termeni \u0219i condi\u021bii, precum \u0219i furnizarea Serviciilor, vor fi guvernate \u0219i interpretate \u00een conformitate cu legisla\u021bia romana, iar in situatia ivirii unui litigiu intre parti, acestea se obliga sa depuna intreaga diligenta in vederea unei solutionari amiabile. In situatia in care, partile nu ajung la o intelegere amiabila, litigiul va fi dedus spre justa solutionare instantei de judecata competenta material in a carei raza teritoriala isi are sediul DIANAGUBAS.COM.<\/p>\n<p>\u00cen cazul \u00een care orice prevedere a acestor Termeni \u015fi Condi\u0163ii este sau devine invalid\u0103, neaplicabil\u0103 sau neobligatorie, ve\u0163i r\u0103m\u00e2ne sub obligativitatea tuturor celorlalte prevederi ale acestora. \u00cen acest caz, prevederile invalide vor fi totu\u015fi aplicate pe at\u00e2t pe c\u00e2t permite legislatura \u00een vigoare \u015fi ve\u0163i fi cel pu\u0163in de acord s\u0103 accepta\u0163i un efect similar cu cel al prevederilor invalide, neaplicabile sau neobligatorii, conform con\u0163inutului \u015fi scopului acestor Termeni \u015fi Condi\u0163ii.[\/vc_column_text][vc_empty_space empty_h=&#8221;2&#8243;][\/vc_column][\/vc_row]<\/p>\n","protected":false},"excerpt":{"rendered":"<p>[vc_row unlock_row_content=&#8221;yes&#8221; row_height_percent=&#8221;0&#8243; override_padding=&#8221;yes&#8221; h_padding=&#8221;7&#8243; top_padding=&#8221;2&#8243; bottom_padding=&#8221;2&#8243; overlay_alpha=&#8221;50&#8243; gutter_size=&#8221;3&#8243; column_width_percent=&#8221;100&#8243; shift_y=&#8221;0&#8243; z_index=&#8221;0&#8243;][vc_column column_width_percent=&#8221;100&#8243; gutter_size=&#8221;2&#8243; overlay_alpha=&#8221;50&#8243; shift_x=&#8221;0&#8243; shift_y=&#8221;0&#8243; shift_y_down=&#8221;0&#8243; z_index=&#8221;0&#8243; medium_width=&#8221;0&#8243; mobile_width=&#8221;0&#8243;][vc_custom_heading heading_semantic=&#8221;h6&#8243; text_font=&#8221;font-191838&#8243; text_size=&#8221;h6&#8243; text_weight=&#8221;400&#8243; text_transform=&#8221;uppercase&#8221; text_height=&#8221;fontheight-122900&#8243; text_space=&#8221;fontspace-775570&#8243;]INFORMA\u021aII PREALABILE IMPORTANTE[\/vc_custom_heading][vc_column_text]Bine a\u021bi venit DIANAGUBAS.COM (denumit \u00een cele ce urmeaz\u0103 \u0219i \u201cServiciul. Pentru alte informa\u021bii privind domeniul de aplicare al Serviciului. Utilizarea Serviciului nu poate fi realizat\u0103 [&hellip;]<\/p>\n","protected":false},"author":1,"featured_media":0,"parent":0,"menu_order":0,"comment_status":"closed","ping_status":"closed","template":"","meta":{"_acf_changed":false,"_et_pb_use_builder":"","_et_pb_old_content":"","_et_gb_content_width":"","inline_featured_image":false,"footnotes":""},"class_list":["post-993","page","type-page","status-publish","hentry"],"acf":[],"_links":{"self":[{"href":"https:\/\/www.dianagubas.com\/en\/wp-json\/wp\/v2\/pages\/993","targetHints":{"allow":["GET"]}}],"collection":[{"href":"https:\/\/www.dianagubas.com\/en\/wp-json\/wp\/v2\/pages"}],"about":[{"href":"https:\/\/www.dianagubas.com\/en\/wp-json\/wp\/v2\/types\/page"}],"author":[{"embeddable":true,"href":"https:\/\/www.dianagubas.com\/en\/wp-json\/wp\/v2\/users\/1"}],"replies":[{"embeddable":true,"href":"https:\/\/www.dianagubas.com\/en\/wp-json\/wp\/v2\/comments?post=993"}],"version-history":[{"count":8,"href":"https:\/\/www.dianagubas.com\/en\/wp-json\/wp\/v2\/pages\/993\/revisions"}],"predecessor-version":[{"id":1001,"href":"https:\/\/www.dianagubas.com\/en\/wp-json\/wp\/v2\/pages\/993\/revisions\/1001"}],"wp:attachment":[{"href":"https:\/\/www.dianagubas.com\/en\/wp-json\/wp\/v2\/media?parent=993"}],"curies":[{"name":"wp","href":"https:\/\/api.w.org\/{rel}","templated":true}]}}