{"id":50096,"date":"2021-08-06T11:33:30","date_gmt":"2021-08-06T09:33:30","guid":{"rendered":"https:\/\/www.dianagubas.com\/new\/?post_type=product&#038;p=50096"},"modified":"2024-03-01T15:42:15","modified_gmt":"2024-03-01T13:42:15","slug":"ulei-esential-de-piper-roz-doterra-5-ml","status":"publish","type":"product","link":"https:\/\/www.dianagubas.com\/en\/aromaterapie\/ulei-esential-de-piper-roz-doterra-5-ml\/","title":{"rendered":"Ulei esen\u021bial de Piper Roz doTerra (5 ml)"},"content":{"rendered":"<p>[et_pb_section fb_built=&#8221;1&#8243; _builder_version=&#8221;4.16&#8243; _module_preset=&#8221;default&#8221; global_colors_info=&#8221;{}&#8221;][et_pb_row _builder_version=&#8221;4.16&#8243; _module_preset=&#8221;default&#8221; global_colors_info=&#8221;{}&#8221;][et_pb_column type=&#8221;4_4&#8243; _builder_version=&#8221;4.16&#8243; _module_preset=&#8221;default&#8221; global_colors_info=&#8221;{}&#8221;][et_pb_wc_title _builder_version=&#8221;4.16&#8243; _module_preset=&#8221;default&#8221; header_text_align=&#8221;center&#8221; global_colors_info=&#8221;{}&#8221;][\/et_pb_wc_title][et_pb_video src=&#8221;https:\/\/youtu.be\/AOQr8WA0x18&#8243; _builder_version=&#8221;4.16&#8243; _module_preset=&#8221;default&#8221; global_colors_info=&#8221;{}&#8221;][\/et_pb_video][\/et_pb_column][\/et_pb_row][\/et_pb_section][et_pb_section fb_built=&#8221;1&#8243; _builder_version=&#8221;4.16&#8243; _module_preset=&#8221;default&#8221; global_colors_info=&#8221;{}&#8221;][et_pb_row column_structure=&#8221;2_5,3_5&#8243; _builder_version=&#8221;4.16&#8243; _module_preset=&#8221;default&#8221; global_colors_info=&#8221;{}&#8221;][et_pb_column type=&#8221;2_5&#8243; _builder_version=&#8221;4.16&#8243; _module_preset=&#8221;default&#8221; global_colors_info=&#8221;{}&#8221;][et_pb_wc_images show_sale_badge=&#8221;off&#8221; _builder_version=&#8221;4.16&#8243; _module_preset=&#8221;default&#8221; global_colors_info=&#8221;{}&#8221;][\/et_pb_wc_images][\/et_pb_column][et_pb_column type=&#8221;3_5&#8243; _builder_version=&#8221;4.16&#8243; _module_preset=&#8221;default&#8221; global_colors_info=&#8221;{}&#8221;][et_pb_text admin_label=&#8221;Descriere&#8221; _builder_version=&#8221;4.16&#8243; _module_preset=&#8221;default&#8221; global_colors_info=&#8221;{}&#8221;]<\/p>\n<p><strong>Uleiul esen\u021bial de Piper Roz<\/strong> este ob\u021binut prin distilare cu abur din fructele copacului Schinus mole, un arbore peren sacru pentru inca\u0219i, ce poate cre\u0219te p\u00e2n\u0103 la 13-14 metri \u00een\u0103l\u021bime, fiind astfel cel mai mare dintre to\u021bi copacii din specia Schinus.<br \/>Indigenii inca\u0219i venerau acest copac \u0219i foloseau fiecare parte a sa ca remediu natural pentru diverse probleme de s\u0103n\u0103tate.<\/p>\n<p>De\u0219i poate ar\u0103ta similar cu boabele de piper negru, fructele arborelui de piper roz sunt \u00eenrudite mai degrab\u0103 cu caju-ul.<br \/>Uleiul esen\u021bial de Piper Roz doTerra este recoltat doar din dou\u0103 \u021b\u0103ri, Kenya \u0219i Peru, oferind astel oportunit\u0103\u021bi economice foarte bune culeg\u0103torilor.<\/p>\n<p>Fructele sunt culese c\u00e2nd devin roz, sunt cur\u0103\u021bate \u0219i zdrobite \u0219i trebuie s\u0103 fie distilate \u00een aceea\u0219i zi \u00een care au fost recoltate, pentru a asigura uleiului esen\u021bial de Piper Roz doTerra compozi\u021bia bogat\u0103 \u0219i puternic\u0103 de care se bucur\u0103.<\/p>\n<p>[\/et_pb_text][et_pb_divider color=&#8221;#e3e0df&#8221; _builder_version=&#8221;4.16&#8243; _module_preset=&#8221;default&#8221; global_colors_info=&#8221;{}&#8221;][\/et_pb_divider][et_pb_text admin_label=&#8221;Pret fara cont&#8221; module_class=&#8221;regular_price&#8221; _builder_version=&#8221;4.16&#8243; _dynamic_attributes=&#8221;content&#8221; _module_preset=&#8221;default&#8221; global_colors_info=&#8221;{}&#8221;]@ET-DC@eyJkeW5hbWljIjp0cnVlLCJjb250ZW50IjoiY3VzdG9tX21ldGFfX3JlZ3VsYXJfcHJpY2UiLCJzZXR0aW5ncyI6eyJiZWZvcmUiOiJQUkVcdTAyMWEgRlx1MDEwMlJcdTAxMDIgQ09OVCBET1RFUlJBIDogIiwiYWZ0ZXIiOiJcdTIwYWMiLCJlbmFibGVfaHRtbCI6Im9uIn19@[\/et_pb_text][et_pb_text admin_label=&#8221;Pret membru&#8221; module_class=&#8221;member_price&#8221; _builder_version=&#8221;4.16&#8243; _dynamic_attributes=&#8221;content&#8221; _module_preset=&#8221;default&#8221; global_colors_info=&#8221;{}&#8221;]@ET-DC@eyJkeW5hbWljIjp0cnVlLCJjb250ZW50IjoiY3VzdG9tX21ldGFfX3NhbGVfcHJpY2UiLCJzZXR0aW5ncyI6eyJiZWZvcmUiOiJQUkVcdTAyMWEgREUgTUVNQlJVOiIsImFmdGVyIjoiXHUyMGFjIiwiZW5hYmxlX2h0bWwiOiJvbiJ9fQ==@[\/et_pb_text][et_pb_divider color=&#8221;#e3e0df&#8221; _builder_version=&#8221;4.16&#8243; _module_preset=&#8221;default&#8221; global_colors_info=&#8221;{}&#8221;][\/et_pb_divider][et_pb_button button_url=&#8221;@ET-DC@eyJkeW5hbWljIjp0cnVlLCJjb250ZW50IjoiY3VzdG9tX21ldGFfbGlua19jb21hbmRhIiwic2V0dGluZ3MiOnsiYmVmb3JlIjoiIiwiYWZ0ZXIiOiIiLCJlbmFibGVfaHRtbCI6Im9mZiJ9fQ==@&#8221; button_text=&#8221;COMANDA RAPID&#8221; admin_label=&#8221;Buton&#8221; _builder_version=&#8221;4.19.4&#8243; _dynamic_attributes=&#8221;button_url&#8221; _module_preset=&#8221;default&#8221; global_module=&#8221;50890&#8243; saved_tabs=&#8221;all&#8221; global_colors_info=&#8221;{}&#8221;][\/et_pb_button][et_pb_text admin_label=&#8221;Vreau sa devin membru&#8221; _builder_version=&#8221;4.19.4&#8243; _module_preset=&#8221;default&#8221; saved_tabs=&#8221;all&#8221; global_colors_info=&#8221;{}&#8221; global_module=&#8221;52172&#8243; theme_builder_area=&#8221;post_content&#8221;]<\/p>\n<p><a href=\"#membru\">Vreau sa devin membru doTerra!<\/a><\/p>\n<p>[\/et_pb_text][\/et_pb_column][\/et_pb_row][\/et_pb_section][et_pb_section fb_built=&#8221;1&#8243; admin_label=&#8221;Sectiune #f8f2ea bg &#8211; Descriere&#8221; _builder_version=&#8221;4.16&#8243; _module_preset=&#8221;default&#8221; background_color=&#8221;#f8f2ea&#8221; global_colors_info=&#8221;{}&#8221;][et_pb_row _builder_version=&#8221;4.16&#8243; _module_preset=&#8221;default&#8221; global_colors_info=&#8221;{}&#8221;][et_pb_column type=&#8221;4_4&#8243; _builder_version=&#8221;4.16&#8243; _module_preset=&#8221;default&#8221; global_colors_info=&#8221;{}&#8221;][et_pb_text _builder_version=&#8221;4.16&#8243; _module_preset=&#8221;default&#8221; global_colors_info=&#8221;{}&#8221;]<\/p>\n<h2>Ulei esen\u021bial de Piper Roz doTerra \u2013 Descriere<\/h2>\n<p>Uleiul esen\u021bial de Piper Roz doTerra este bine cunoscut pentru capacitatea sa de a contribui la sus\u021binerea unui metabolism s\u0103n\u0103tos \u0219i a sistemului imunitar, atunci c\u00e2nd este administrat intern.<br \/>Utilizarea intern\u0103 a uleiului de Piper Roz poate contribui, de asemenea, la men\u021binerea unei func\u021bii celulare s\u0103n\u0103toase, precum \u0219i la s\u0103n\u0103tatea celular\u0103 general\u0103.<\/p>\n<p>Limonenul \u0219i \u03b1-felandrenul, dou\u0103 dintre principalele componente chimice ale uleiului esen\u021bial de Piper Roz, pot fi calmante pentru sistemul nervos.<br \/>\u00cen plus, Limonenul poate contribui la sus\u021binerea unui nivel s\u0103n\u0103tos al glicemiei \u0219i al colesterolului, atunci c\u00e2nd uleiul este administrat intern.<\/p>\n<p>[\/et_pb_text][\/et_pb_column][\/et_pb_row][\/et_pb_section][et_pb_section fb_built=&#8221;1&#8243; admin_label=&#8221;Sectiune white bg &#8211; Beneficii \u0219i Mod de utilizare&#8221; _builder_version=&#8221;4.16&#8243; _module_preset=&#8221;default&#8221; background_enable_color=&#8221;off&#8221; global_colors_info=&#8221;{}&#8221;][et_pb_row _builder_version=&#8221;4.16&#8243; _module_preset=&#8221;default&#8221; global_colors_info=&#8221;{}&#8221;][et_pb_column type=&#8221;4_4&#8243; _builder_version=&#8221;4.16&#8243; _module_preset=&#8221;default&#8221; global_colors_info=&#8221;{}&#8221;][et_pb_text _builder_version=&#8221;4.16&#8243; _module_preset=&#8221;default&#8221; global_colors_info=&#8221;{}&#8221;]<\/p>\n<h2>Ulei esen\u021bial de Piper Roz doTerra \u2013 Beneficii \u0219i Mod de utilizare<\/h2>\n<p>&#8211; Folose\u0219te uleiul esen\u021bial de Piper Roz \u00een locul Piperului negru atunci c\u00e2nd sim\u021bi nevoia unei arome fructate \u0219i mai subtile.<\/p>\n<p>&#8211; Uleiul esen\u021bial de Piper Roz poate sus\u021bine un sistem digestiv s\u0103n\u0103tos atunci c\u00e2nd este utilizat intern. Po\u021bi dizolva o pic\u0103tur\u0103 de ulei esen\u021bial de Piper Roz \u00een ap\u0103 sau 2 pic\u0103turi \u00eentr-o capsul\u0103 vegetal\u0103 pentru a te bucura de aceste beneficii.<\/p>\n<p>&#8211; Adaug\u0103 1 pic\u0103tur\u0103 de ulei esen\u021bial de Piper Roz \u00een ap\u0103 sau chiar la ceaiul t\u0103u preferat pentru a sus\u021bine un sistem respirator s\u0103n\u0103tos \u0219i o func\u021bie imunitar\u0103 mai bun\u0103.<\/p>\n<p>&#8211; Tot utilizat intern, uleiul esen\u021bial de Piper Roz poate calma \u0219i relaxa sistemul nervos, datorit\u0103 componentelor sale chimice unice \u0219i combina\u021biei dintre Limonen \u0219i \u03b1-Phellandren.<\/p>\n<p>&#8211; Adaug\u0103 ulei esen\u021bial de Piper Roz \u00een cel pu\u021bin 125 de ml de ap\u0103 pentru a oferi metabolismului s\u0103n\u0103tos sprijinul de care are nevoie pentru a arde calorii \u0219i a men\u021bine o greutate s\u0103n\u0103toas\u0103.<\/p>\n<p>&#8211; Uleiul esen\u021bial de Piper Roz te poate ajuta s\u0103 men\u021bii s\u0103n\u0103tatea celular\u0103 general\u0103.<\/p>\n<p>&#8211; Combin\u0103 1-2 pic\u0103turi de ulei esen\u021bial de Piper Roz cu ulei de nuc\u0103 de cocos frac\u021bionat pentru a calma corpul \u00een cadrul terapiei prin masaj.<\/p>\n<p>&#8211; Adaug\u0103 2-3 pic\u0103turi de ulei de Piper Roz \u00een difuzor \u0219i umple casa cu parfumul s\u0103u special, sau inspir\u0103 direct acest ulei, atunci c\u00e2nd sim\u021bi c\u0103 e\u0219ti u\u0219or r\u0103t\u0103cit \u0219i ai nevoie s\u0103 revii pe drumul cel bun.<\/p>\n<p>[\/et_pb_text][\/et_pb_column][\/et_pb_row][\/et_pb_section][et_pb_section fb_built=&#8221;1&#8243; admin_label=&#8221;Sectiune #f8f2ea bg &#8211; Instruc\u021biuni de utilizare&#8221; _builder_version=&#8221;4.16&#8243; _module_preset=&#8221;default&#8221; background_color=&#8221;#f8f2ea&#8221; global_colors_info=&#8221;{}&#8221;][et_pb_row _builder_version=&#8221;4.16&#8243; _module_preset=&#8221;default&#8221; global_colors_info=&#8221;{}&#8221;][et_pb_column type=&#8221;4_4&#8243; _builder_version=&#8221;4.16&#8243; _module_preset=&#8221;default&#8221; global_colors_info=&#8221;{}&#8221;][et_pb_text _builder_version=&#8221;4.16&#8243; _module_preset=&#8221;default&#8221; global_colors_info=&#8221;{}&#8221;]<\/p>\n<h3>Ulei esen\u021bial de Piper Roz doTerra \u2013 Instruc\u021biuni de utilizare<\/h3>\n<p><strong>Difuzare:<\/strong> Pune 3-4 pic\u0103turi \u00eentr-un difuzor la alegere.<br \/><strong>Utilizare ca aromatizant alimentar:<\/strong> Dilueaz\u0103 o pic\u0103tur\u0103 \u00een 125 ml de lichid.<br \/><strong>Uz extern:<\/strong> Pentru masaj, amestec\u0103 5 pic\u0103turi cu 10 ml de ulei c\u0103r\u0103u\u0219. Pentru \u00eemb\u0103iere, amestec\u0103 5 pic\u0103turi cu 5 ml de ulei c\u0103r\u0103u\u0219. Pentru parfumare, amestec\u0103 1 pic\u0103tur\u0103 cu 10 pic\u0103turi de ulei c\u0103r\u0103u\u0219.<br \/><strong>Aplicare local\u0103:<\/strong> Aplic\u0103 una sau dou\u0103 pic\u0103turi pe zona dorit\u0103. Dilueaz\u0103 cu un ulei purt\u0103tor pentru a minimiza orice sensibilitate a pielii.<\/p>\n<p>[\/et_pb_text][\/et_pb_column][\/et_pb_row][\/et_pb_section][et_pb_section fb_built=&#8221;1&#8243; admin_label=&#8221;Sectiune white bg &#8211; Uleiuri care se amestec\u0103 bine&#8221; _builder_version=&#8221;4.16&#8243; _module_preset=&#8221;default&#8221; background_enable_color=&#8221;off&#8221; global_colors_info=&#8221;{}&#8221;][et_pb_row _builder_version=&#8221;4.16&#8243; _module_preset=&#8221;default&#8221; global_colors_info=&#8221;{}&#8221;][et_pb_column type=&#8221;4_4&#8243; _builder_version=&#8221;4.16&#8243; _module_preset=&#8221;default&#8221; global_colors_info=&#8221;{}&#8221;][et_pb_text _builder_version=&#8221;4.16&#8243; _module_preset=&#8221;default&#8221; global_colors_info=&#8221;{}&#8221;]<\/p>\n<h3>Uleiuri care se amestec\u0103 bine cu ulei esen\u021bial de Piper Roz<\/h3>\n<p>Uleiul esen\u021bial de Piper Roz se amestec\u0103 foarte bine cu uleiurile esen\u021biale de citrice sau florale, pentru a crea o arom\u0103 revigorant\u0103. Uleiul esen\u021bial de T\u0103m\u00e2ie, uleiul esen\u021bial de Salvie, uleiul esen\u021bial de Eucalipt, uleiul esen\u021bial de Lev\u0103n\u021bic\u0103, uleiul esen\u021bial de Ment\u0103 crea\u021b\u0103 \u0219i uleiul esen\u021bial de Paciuli sunt op\u021biuni excelente pentru un amestec cu uleiul de Piper Roz.<\/p>\n<p>[\/et_pb_text][\/et_pb_column][\/et_pb_row][\/et_pb_section][et_pb_section fb_built=&#8221;1&#8243; admin_label=&#8221;Sectiune #f8f2ea bg &#8211; M\u0103suri de precau\u021bie&#8221; _builder_version=&#8221;4.16&#8243; _module_preset=&#8221;default&#8221; background_color=&#8221;#f8f2ea&#8221; global_colors_info=&#8221;{}&#8221;][et_pb_row _builder_version=&#8221;4.16&#8243; _module_preset=&#8221;default&#8221; global_colors_info=&#8221;{}&#8221;][et_pb_column type=&#8221;4_4&#8243; _builder_version=&#8221;4.16&#8243; _module_preset=&#8221;default&#8221; global_colors_info=&#8221;{}&#8221;][et_pb_text _builder_version=&#8221;4.16&#8243; _module_preset=&#8221;default&#8221; global_colors_info=&#8221;{}&#8221;]<\/p>\n<h3>Ulei esen\u021bial de Piper Roz doTerra \u2013 M\u0103suri de precau\u021bie<\/h3>\n<p>Posibil\u0103 sensibilitate cutanat\u0103. A nu se l\u0103sa la \u00eendem\u00e2na copiilor. Dac\u0103 e\u0219ti \u00eens\u0103rcinat\u0103, al\u0103ptezi sau e\u0219ti sub supraveghere medical\u0103, stai de vorb\u0103 cu medicul \u00eenainte de a folosi uleiul esen\u021bial. Evit\u0103 contactul cu ochii, urechea intern\u0103 \u0219i zonele sensibile.<\/p>\n<p><strong>Descriere aromatic\u0103:<\/strong> condimentat, fructat, u\u0219or lemnos<br \/><strong>Metod\u0103 de colectare:<\/strong> distilare cu abur<br \/><strong>Partea de plante:<\/strong> fructe<br \/><strong>Constituen\u021bii principali:<\/strong> limonen, \u03b1-Felandren, Myrcene<br \/><strong>Por\u021bia de servire:<\/strong> 1 pic\u0103tur\u0103<br \/><strong>Un flacon de 5 ml:<\/strong> con\u021bine 85 de pic\u0103turi<\/p>\n<p><strong>Furnizor:<\/strong> import USA, doTerra LLC 389 South West Pleasant Grove UT 84062.<\/p>\n<p><strong>Toate produsele doTerra sunt Certificate \u00een USA cu Certificat cu grad terapeutic pur.<\/strong><br \/>* Acest produs nu are rolul de a diagnostica, trata, vindeca sau preveni orice boal\u0103. Consult\u0103 medicul \u00eenainte de utilizare. Dac\u0103 ai alergie la oricare component din compozi\u021bie, nu folosi acest produs.<\/p>\n<p>[\/et_pb_text][\/et_pb_column][\/et_pb_row][\/et_pb_section][et_pb_section fb_built=&#8221;1&#8243; admin_label=&#8221;Disclaimer&#8221; _builder_version=&#8221;4.9.10&#8243; _module_preset=&#8221;default&#8221; custom_margin=&#8221;0px||0px||false|false&#8221; custom_padding=&#8221;30px||30px||true|false&#8221; global_module=&#8221;49931&#8243; saved_tabs=&#8221;all&#8221; global_colors_info=&#8221;{}&#8221;][et_pb_row _builder_version=&#8221;4.16&#8243; _module_preset=&#8221;default&#8221; global_colors_info=&#8221;{}&#8221;][et_pb_column type=&#8221;4_4&#8243; _builder_version=&#8221;4.16&#8243; _module_preset=&#8221;default&#8221; global_colors_info=&#8221;{}&#8221;][et_pb_divider _builder_version=&#8221;4.16&#8243; _module_preset=&#8221;default&#8221; width=&#8221;100px&#8221; max_width=&#8221;100px&#8221; custom_margin=&#8221;0px||0px||false|false&#8221; custom_padding=&#8221;0px||0px||false|false&#8221; global_colors_info=&#8221;{}&#8221;][\/et_pb_divider][et_pb_text _builder_version=&#8221;4.16&#8243; _module_preset=&#8221;default&#8221; global_colors_info=&#8221;{}&#8221;]<\/p>\n<p><img loading=\"lazy\" decoding=\"async\" src=\"https:\/\/www.dianagubas.com\/new\/wp-content\/uploads\/2021\/08\/alert-circle@1x.png\" width=\"24\" height=\"24\" alt=\"\" class=\"wp-image-49942 alignleft size-full\" srcset=\"https:\/\/www.dianagubas.com\/new\/wp-content\/uploads\/2021\/08\/alert-circle@1x.png 24w, https:\/\/www.dianagubas.com\/new\/wp-content\/uploads\/2021\/08\/alert-circle@1x-12x12.png 12w\" sizes=\"(max-width: 24px) 100vw, 24px\" \/>Acest produs nu are rolul de a diagnostica, trata, vindeca sau preveni orice boal\u0103. Consult\u0103 medicul \u00eenainte de utilizare. Dac\u0103 ai alergie la oricare component din compozi\u021bie, nu folosi acest produs.<\/p>\n<p>[\/et_pb_text][\/et_pb_column][\/et_pb_row][\/et_pb_section][et_pb_section fb_built=&#8221;1&#8243; admin_label=&#8221;CTA&#8221; _builder_version=&#8221;4.14.5&#8243; _module_preset=&#8221;default&#8221; background_enable_color=&#8221;off&#8221; width=&#8221;100%&#8221; max_width=&#8221;100%&#8221; custom_margin=&#8221;||50px||false|false&#8221; global_module=&#8221;49932&#8243; saved_tabs=&#8221;all&#8221; global_colors_info=&#8221;{}&#8221;][et_pb_row module_id=&#8221;cta-row&#8221; _builder_version=&#8221;4.16&#8243; _module_preset=&#8221;default&#8221; width=&#8221;96%&#8221; border_radii=&#8221;on|30px|30px|30px|30px&#8221; global_colors_info=&#8221;{}&#8221;][et_pb_column type=&#8221;4_4&#8243; _builder_version=&#8221;4.16&#8243; _module_preset=&#8221;default&#8221; global_colors_info=&#8221;{}&#8221;][et_pb_code module_id=&#8221;cta-section&#8221; _builder_version=&#8221;4.17.4&#8243; _module_preset=&#8221;default&#8221; global_colors_info=&#8221;{}&#8221;]<\/p>\n<style>\/* Animated Call To Action *\/<!-- [et_pb_line_break_holder] --> <!-- [et_pb_line_break_holder] -->\/*** style CTA section and row when waypoint is not triggered ***\/<!-- [et_pb_line_break_holder] -->#cta-section {<!-- [et_pb_line_break_holder] -->    padding: 0 80px;<!-- [et_pb_line_break_holder] -->    transition: all .8s ease;<!-- [et_pb_line_break_holder] -->    -moz-transition: all .8s ease;<!-- [et_pb_line_break_holder] -->    -webkit-transition: all .8s ease;<!-- [et_pb_line_break_holder] -->}<!-- [et_pb_line_break_holder] -->#cta-row {<!-- [et_pb_line_break_holder] -->    margin: 80px auto 0 auto;<!-- [et_pb_line_break_holder] -->    padding: 80px 0;<!-- [et_pb_line_break_holder] -->    max-width: 100%;<!-- [et_pb_line_break_holder] -->    background-color: #cda575;<!-- [et_pb_line_break_holder] -->    -moz-border-radius: 20px;<!-- [et_pb_line_break_holder] -->    -webkit-border-radius: 20px;<!-- [et_pb_line_break_holder] -->    border-radius: 20px;<!-- [et_pb_line_break_holder] -->    box-shadow: 0px 10px 50px #939fa9;<!-- [et_pb_line_break_holder] -->    transition: all .8s ease;<!-- [et_pb_line_break_holder] -->    -moz-transition: all .8s ease;<!-- [et_pb_line_break_holder] -->    -webkit-transition: all .8s ease;<!-- [et_pb_line_break_holder] --> <!-- [et_pb_line_break_holder] -->}<!-- [et_pb_line_break_holder] -->\/*** Style CTA section and row once waypoint toggles animate-cta class ***\/<!-- [et_pb_line_break_holder] -->#cta-section.animate-cta {<!-- [et_pb_line_break_holder] -->    padding: 46px 0 66px 0;<!-- [et_pb_line_break_holder] -->    overflow: hidden;<!-- [et_pb_line_break_holder] -->}<!-- [et_pb_line_break_holder] -->.animate-cta #cta-row {<!-- [et_pb_line_break_holder] -->    margin: 0 auto 0 auto;<!-- [et_pb_line_break_holder] -->    -webkit-transform: scale(1.1);<!-- [et_pb_line_break_holder] -->    transform: scale(1.1);<!-- [et_pb_line_break_holder] -->    background-color: #cda575;<!-- [et_pb_line_break_holder] -->    width: inherit;<!-- [et_pb_line_break_holder] -->}<!-- [et_pb_line_break_holder] -->\/*** style button ***\/<!-- [et_pb_line_break_holder] --> <!-- [et_pb_line_break_holder] -->#sign {<!-- [et_pb_line_break_holder] -->    display: inline-block;<!-- [et_pb_line_break_holder] -->    color: #fff;<!-- [et_pb_line_break_holder] -->    text-transform: uppercase;<!-- [et_pb_line_break_holder] -->    font-size: 16px;<!-- [et_pb_line_break_holder] -->    font-weight: 600;<!-- [et_pb_line_break_holder] -->    background-color: #000000;<!-- [et_pb_line_break_holder] -->    padding: 20px 40px;<!-- [et_pb_line_break_holder] -->    margin-top: 30px;<!-- [et_pb_line_break_holder] -->    border-radius: 60px;<!-- [et_pb_line_break_holder] -->    -webkit-border-radius: 60px;<!-- [et_pb_line_break_holder] -->    -moz-border-radius: 60px;<!-- [et_pb_line_break_holder] -->    transition: all .8s ease;<!-- [et_pb_line_break_holder] -->    -webkit-transition: all .8s ease;<!-- [et_pb_line_break_holder] -->    -webkit-transition: all .8s ease;<!-- [et_pb_line_break_holder] -->    box-shadow: 0px 5px 20px #220901;<!-- [et_pb_line_break_holder] -->    -moz-box-shadow: 0px 5px 20px #220901;<!-- [et_pb_line_break_holder] -->    -webkit-box-shadow: 0px 10px 50px #220901;<!-- [et_pb_line_break_holder] -->}<!-- [et_pb_line_break_holder] -->#sign:hover {<!-- [et_pb_line_break_holder] -->    background-color: #621708;<!-- [et_pb_line_break_holder] -->    box-shadow: 0px 20px 80px #220901;<!-- [et_pb_line_break_holder] -->    -moz-box-shadow: 0px 20px 80px #220901;<!-- [et_pb_line_break_holder] -->    -webkit-box-shadow: 0px 20px 80px #220901;<!-- [et_pb_line_break_holder] -->    color: #fff;<!-- [et_pb_line_break_holder] -->}<!-- [et_pb_line_break_holder] --> <!-- [et_pb_line_break_holder] -->\/*** style content within the code module ***\/<!-- [et_pb_line_break_holder] --> <!-- [et_pb_line_break_holder] -->.cta-info{<!-- [et_pb_line_break_holder] -->    color: #fff;<!-- [et_pb_line_break_holder] -->    text-align: center;<!-- [et_pb_line_break_holder] -->    margin: 0 auto !important;<!-- [et_pb_line_break_holder] -->    max-width: 96%;<!-- [et_pb_line_break_holder] -->    padding: 50px 10px;<!-- [et_pb_line_break_holder] -->}<!-- [et_pb_line_break_holder] -->.cta-info h3 {color: #fff;}<!-- [et_pb_line_break_holder] -->.cta-list {text-align: left;}<!-- [et_pb_line_break_holder] -->ul.cta-list li:before {<!-- [et_pb_line_break_holder] -->  font-family: 'ETmodules'!important;<!-- [et_pb_line_break_holder] -->    speak: none;<!-- [et_pb_line_break_holder] -->    font-style: normal;<!-- [et_pb_line_break_holder] -->    font-weight: 400;<!-- [et_pb_line_break_holder] -->    -webkit-font-feature-settings: normal;<!-- [et_pb_line_break_holder] -->    font-feature-settings: normal;<!-- [et_pb_line_break_holder] -->    font-variant: normal;<!-- [et_pb_line_break_holder] -->    text-transform: none;<!-- [et_pb_line_break_holder] -->    line-height: 1;<!-- [et_pb_line_break_holder] -->    -webkit-font-smoothing: antialiased;<!-- [et_pb_line_break_holder] -->    -moz-osx-font-smoothing: grayscale;<!-- [et_pb_line_break_holder] -->    text-shadow: 0px 0px;<!-- [et_pb_line_break_holder] -->    direction: ltr;<!-- [et_pb_line_break_holder] -->    font-size: 22px;<!-- [et_pb_line_break_holder] -->    content: \"\\4e\";<!-- [et_pb_line_break_holder] -->    position: absolute;<!-- [et_pb_line_break_holder] -->    margin-left: -29px;<!-- [et_pb_line_break_holder] -->    margin-top: 7px;<!-- [et_pb_line_break_holder] -->}<!-- [et_pb_line_break_holder] --><\/style>\n<p><!-- [et_pb_line_break_holder] --><\/p>\n<div class=\"cta-info\"><!-- [et_pb_line_break_holder] --> <!-- [et_pb_line_break_holder] --><\/p>\n<h3>Vrei s\u0103 achizi\u021bionezi uleiurile esen\u021biale sau produsele doTERRA? <\/h3>\n<p><!-- [et_pb_line_break_holder] --> <!-- [et_pb_line_break_holder] --><pee style=\"text-align: left;\">Cea mai avantajoas\u0103 metod\u0103 de a intra \u00een posesia uleiurilor esen\u0163iale \u015fi a produselor de la doTERRA este prin crearea unui cont de membru (client) doTERRA. <!\u2013- [et_pb_br_holder] -\u2013>Cre\u00e2ndu-\u021bi un cont de membru (client) doTERRA ai o mul\u021bime de avantaje:<\/pee><img loading=\"lazy\" decoding=\"async\" class=\"alignright size-full wp-image-51781\" src=\"https:\/\/www.dianagubas.com\/new\/wp-content\/uploads\/2022\/01\/cadou_cont_nou.png\" alt=\"Avantaj client NOU: iti oferim GRATIS fractionate coconut oil si capsule vegetale\" width=\"353\" height=\"389\" srcset=\"https:\/\/www.dianagubas.com\/new\/wp-content\/uploads\/2022\/01\/cadou_cont_nou.png 353w, https:\/\/www.dianagubas.com\/new\/wp-content\/uploads\/2022\/01\/cadou_cont_nou-11x12.png 11w, https:\/\/www.dianagubas.com\/new\/wp-content\/uploads\/2022\/01\/cadou_cont_nou-300x331.png 300w\" sizes=\"(max-width: 353px) 100vw, 353px\" \/><!-- [et_pb_line_break_holder] --><\/p>\n<ul class=\"cta-list\"><!-- [et_pb_line_break_holder] -->  <\/p>\n<li>Reducere 25% \u00eenc\u0103 de la prima cump\u0103ratur\u0103.<\/li>\n<p><!-- [et_pb_line_break_holder] -->  <\/p>\n<li>Programul de loialitate LRP cu acumulare de puncte<\/li>\n<p><!-- [et_pb_line_break_holder] -->  <\/p>\n<li>Promo\u021bii lunare (produsul lunii gratis).<\/li>\n<p><!-- [et_pb_line_break_holder] -->  <\/p>\n<li>Avantaj client NOU: iti oferim GRATIS ulei de cocos fractionat si capsule vegetale<\/li>\n<p><!-- [et_pb_line_break_holder] -->  <\/p>\n<li>Asisten\u021b\u0103 personal\u0103 \u00een utilizarea uleiurilor esen\u021biale doTERRA.<\/li>\n<p><!-- [et_pb_line_break_holder] --><\/ul>\n<p><!-- [et_pb_line_break_holder] --><pee style=\"text-align:center; display:none;\"><!-- [et_pb_line_break_holder] --> <a href=\"\/creare-cont-doterra\/\" style=\"color: #fff; text-decoration: underline;\">Afl\u0103 mai multe despre ce \u00eenseamn\u0103 s\u0103 fii membru doTERRA.<\/a><!-- [et_pb_line_break_holder] --><\/pee><!-- [et_pb_line_break_holder] -->  <pee style=\"text-align:center;\"><a href=\"\/creare-cont-doterra\/\" id=\"sign\">De ce sa imi fac cont doTERRA?<\/a><\/pee><!-- [et_pb_line_break_holder] --><\/div>\n<p>[\/et_pb_code][\/et_pb_column][\/et_pb_row][\/et_pb_section]<\/p>\n","protected":false},"excerpt":{"rendered":"<p>Uleiul esen\u021bial de Piper Roz este ob\u021binut prin distilare cu abur din fructele copacului Schinus mole, un arbore peren sacru pentru inca\u0219i, ce poate cre\u0219te p\u00e2n\u0103 la 13-14 metri \u00een\u0103l\u021bime, fiind astfel cel mai mare dintre to\u021bi copacii din specia Schinus.Indigenii inca\u0219i venerau acest copac \u0219i foloseau fiecare parte a sa ca remediu natural pentru [&hellip;]<\/p>\n","protected":false},"featured_media":50097,"template":"","meta":{"_acf_changed":false,"_et_pb_use_builder":"on","_et_pb_old_content":"","_et_gb_content_width":"","inline_featured_image":false},"product_brand":[],"product_cat":[63,70],"product_tag":[],"class_list":{"0":"post-50096","1":"product","2":"type-product","3":"status-publish","4":"has-post-thumbnail","6":"product_cat-uleiuri-esentiale-doterra","7":"product_cat-uleiuri-individuale","9":"first","10":"instock","11":"sale","12":"shipping-taxable","13":"purchasable","14":"product-type-simple"},"acf":[],"_links":{"self":[{"href":"https:\/\/www.dianagubas.com\/en\/wp-json\/wp\/v2\/product\/50096","targetHints":{"allow":["GET"]}}],"collection":[{"href":"https:\/\/www.dianagubas.com\/en\/wp-json\/wp\/v2\/product"}],"about":[{"href":"https:\/\/www.dianagubas.com\/en\/wp-json\/wp\/v2\/types\/product"}],"wp:featuredmedia":[{"embeddable":true,"href":"https:\/\/www.dianagubas.com\/en\/wp-json\/wp\/v2\/media\/50097"}],"wp:attachment":[{"href":"https:\/\/www.dianagubas.com\/en\/wp-json\/wp\/v2\/media?parent=50096"}],"wp:term":[{"taxonomy":"product_brand","embeddable":true,"href":"https:\/\/www.dianagubas.com\/en\/wp-json\/wp\/v2\/product_brand?post=50096"},{"taxonomy":"product_cat","embeddable":true,"href":"https:\/\/www.dianagubas.com\/en\/wp-json\/wp\/v2\/product_cat?post=50096"},{"taxonomy":"product_tag","embeddable":true,"href":"https:\/\/www.dianagubas.com\/en\/wp-json\/wp\/v2\/product_tag?post=50096"}],"curies":[{"name":"wp","href":"https:\/\/api.w.org\/{rel}","templated":true}]}}