{"id":51029,"date":"2021-09-16T14:45:22","date_gmt":"2021-09-16T12:45:22","guid":{"rendered":"https:\/\/www.dianagubas.com\/?post_type=product&#038;p=51029"},"modified":"2024-03-01T15:25:55","modified_gmt":"2024-03-01T13:25:55","slug":"amestec-roll-on-levantica-touch-lavender-touch-doterra-10-ml","status":"publish","type":"product","link":"https:\/\/www.dianagubas.com\/en\/aromaterapie\/amestec-roll-on-levantica-touch-lavender-touch-doterra-10-ml\/","title":{"rendered":"Amestec roll-on Lev\u0103n\u021bic\u0103 Touch (Lavender Touch) doTerra (10 ml)"},"content":{"rendered":"<p>[et_pb_section fb_built=&#8221;1&#8243; _builder_version=&#8221;4.16&#8243; _module_preset=&#8221;default&#8221; global_colors_info=&#8221;{}&#8221;][et_pb_row _builder_version=&#8221;4.16&#8243; _module_preset=&#8221;default&#8221; global_colors_info=&#8221;{}&#8221;][et_pb_column type=&#8221;4_4&#8243; _builder_version=&#8221;4.16&#8243; _module_preset=&#8221;default&#8221; global_colors_info=&#8221;{}&#8221;][et_pb_wc_title _builder_version=&#8221;4.16&#8243; _module_preset=&#8221;default&#8221; header_text_align=&#8221;center&#8221; global_colors_info=&#8221;{}&#8221;][\/et_pb_wc_title][et_pb_video src=&#8221;https:\/\/youtu.be\/wjbHnTrTeKc&#8221; _builder_version=&#8221;4.16&#8243; _module_preset=&#8221;default&#8221; global_colors_info=&#8221;{}&#8221;][\/et_pb_video][\/et_pb_column][\/et_pb_row][\/et_pb_section][et_pb_section fb_built=&#8221;1&#8243; _builder_version=&#8221;4.16&#8243; _module_preset=&#8221;default&#8221; global_colors_info=&#8221;{}&#8221;][et_pb_row column_structure=&#8221;2_5,3_5&#8243; _builder_version=&#8221;4.16&#8243; _module_preset=&#8221;default&#8221; global_colors_info=&#8221;{}&#8221;][et_pb_column type=&#8221;2_5&#8243; _builder_version=&#8221;4.16&#8243; _module_preset=&#8221;default&#8221; global_colors_info=&#8221;{}&#8221;][et_pb_wc_images show_sale_badge=&#8221;off&#8221; _builder_version=&#8221;4.16&#8243; _module_preset=&#8221;default&#8221; global_colors_info=&#8221;{}&#8221;][\/et_pb_wc_images][\/et_pb_column][et_pb_column type=&#8221;3_5&#8243; _builder_version=&#8221;4.16&#8243; _module_preset=&#8221;default&#8221; global_colors_info=&#8221;{}&#8221;][et_pb_text admin_label=&#8221;Descriere&#8221; _builder_version=&#8221;4.16&#8243; _module_preset=&#8221;default&#8221; global_colors_info=&#8221;{}&#8221;]<\/p>\n<p>Amestecul roll-on Lev\u0103n\u021bic\u0103 Touch de la doTerra combin\u0103 Uleiul esen\u021bial de Lev\u0103n\u021bic\u0103 \u0219i Uleiul de cocos frac\u021bionat pentru a oferi persoanelor cu pielea delicat\u0103 sau sensibil\u0103 acelea\u0219i beneficii calmante \u0219i relaxante ale uleiului esen\u021bial de Lev\u0103n\u021bic\u0103 doTerra.<\/p>\n<p>Cu o arom\u0103 distinct\u0103 \u0219i nenum\u0103rate aplica\u021bii, Lev\u0103n\u021bica este folosit\u0103 de secole. \u00cen antichitate, romanii \u0219i egiptenii o foloseau drept parfum, dar \u0219i pentru baie \u0219i la g\u0103tit.<br \/>De atunci, mul\u021bi au descoperit nenum\u0103ratele beneficii pe care le are Lev\u0103n\u021bica, printre care \u0219i beneficiile deosebite pentru piele, precum \u0219i capacitatea de a ameliora st\u0103rile de tensiune \u0219i de a promova un somn odihnitor.<\/p>\n<p>Propriet\u0103\u021bile versatile ale uleiului esen\u021bial de Lev\u0103n\u021bic\u0103 \u00eel fac un favorit al gamei de uleiuri doTerra, un produs pe care e musai s\u0103 \u00eel ai la \u00eendem\u00e2n\u0103 \u00een orice moment, cu at\u00e2t mai mult \u00een formula Lev\u0103n\u021bic\u0103 Touch de la doTerra, care este comod\u0103 \u0219i u\u0219or de folosit oriunde \u0219i oric\u00e2nd.<\/p>\n<p>[\/et_pb_text][et_pb_divider color=&#8221;#e3e0df&#8221; _builder_version=&#8221;4.16&#8243; _module_preset=&#8221;default&#8221; global_colors_info=&#8221;{}&#8221;][\/et_pb_divider][et_pb_text admin_label=&#8221;Pret fara cont&#8221; module_class=&#8221;regular_price&#8221; _builder_version=&#8221;4.16&#8243; _dynamic_attributes=&#8221;content&#8221; _module_preset=&#8221;default&#8221; global_colors_info=&#8221;{}&#8221;]@ET-DC@eyJkeW5hbWljIjp0cnVlLCJjb250ZW50IjoiY3VzdG9tX21ldGFfX3JlZ3VsYXJfcHJpY2UiLCJzZXR0aW5ncyI6eyJiZWZvcmUiOiJQUkVcdTAyMWEgRlx1MDEwMlJcdTAxMDIgQ09OVCBET1RFUlJBIDogIiwiYWZ0ZXIiOiJcdTIwYWMiLCJlbmFibGVfaHRtbCI6Im9uIn19@[\/et_pb_text][et_pb_text admin_label=&#8221;Pret membru&#8221; module_class=&#8221;member_price&#8221; _builder_version=&#8221;4.16&#8243; _dynamic_attributes=&#8221;content&#8221; _module_preset=&#8221;default&#8221; global_colors_info=&#8221;{}&#8221;]@ET-DC@eyJkeW5hbWljIjp0cnVlLCJjb250ZW50IjoiY3VzdG9tX21ldGFfX3NhbGVfcHJpY2UiLCJzZXR0aW5ncyI6eyJiZWZvcmUiOiJQUkVcdTAyMWEgREUgTUVNQlJVOiIsImFmdGVyIjoiXHUyMGFjIiwiZW5hYmxlX2h0bWwiOiJvbiJ9fQ==@[\/et_pb_text][et_pb_divider color=&#8221;#e3e0df&#8221; _builder_version=&#8221;4.16&#8243; _module_preset=&#8221;default&#8221; global_colors_info=&#8221;{}&#8221;][\/et_pb_divider][et_pb_button button_url=&#8221;@ET-DC@eyJkeW5hbWljIjp0cnVlLCJjb250ZW50IjoiY3VzdG9tX21ldGFfbGlua19jb21hbmRhIiwic2V0dGluZ3MiOnsiYmVmb3JlIjoiIiwiYWZ0ZXIiOiIiLCJlbmFibGVfaHRtbCI6Im9mZiJ9fQ==@&#8221; button_text=&#8221;COMANDA RAPID&#8221; admin_label=&#8221;Buton&#8221; _builder_version=&#8221;4.19.4&#8243; _dynamic_attributes=&#8221;button_url&#8221; _module_preset=&#8221;default&#8221; global_module=&#8221;50890&#8243; saved_tabs=&#8221;all&#8221; global_colors_info=&#8221;{}&#8221;][\/et_pb_button][et_pb_text admin_label=&#8221;Vreau sa devin membru&#8221; _builder_version=&#8221;4.19.4&#8243; _module_preset=&#8221;default&#8221; saved_tabs=&#8221;all&#8221; global_colors_info=&#8221;{}&#8221; global_module=&#8221;52172&#8243; theme_builder_area=&#8221;post_content&#8221;]<\/p>\n<p><a href=\"#membru\">Vreau sa devin membru doTerra!<\/a><\/p>\n<p>[\/et_pb_text][\/et_pb_column][\/et_pb_row][\/et_pb_section][et_pb_section fb_built=&#8221;1&#8243; admin_label=&#8221;Sectiune #f8f2ea bg &#8211; Descriere&#8221; _builder_version=&#8221;4.16&#8243; _module_preset=&#8221;default&#8221; background_color=&#8221;#f8f2ea&#8221; global_colors_info=&#8221;{}&#8221;][et_pb_row _builder_version=&#8221;4.16&#8243; _module_preset=&#8221;default&#8221; global_colors_info=&#8221;{}&#8221;][et_pb_column type=&#8221;4_4&#8243; _builder_version=&#8221;4.16&#8243; _module_preset=&#8221;default&#8221; global_colors_info=&#8221;{}&#8221;][et_pb_text _builder_version=&#8221;4.16&#8243; _module_preset=&#8221;default&#8221; global_colors_info=&#8221;{}&#8221;]<\/p>\n<h3>Amestec roll-on Lev\u0103n\u021bic\u0103 Touch doTerra \u2013 Descriere<\/h3>\n<p>Amestecul roll-n Lev\u0103n\u021bic\u0103 Touch de la doTerra este considerat un produs must-have, datorit\u0103 extraordinarei sale versatilit\u0103\u021bi \u0219i u\u0219urin\u021bei \u00een utilizare.<br \/>\u021aine \u00eentotdeauna Lev\u0103n\u021bic\u0103 Touch la \u00eendem\u00e2n\u0103 pentru a calma un copil nelini\u0219tit, pentru a diminua efectele irita\u021biilor minore ale pielii sau pentru a contribui la reducerea aspectului imperfec\u021biunilor pielii.<br \/>Lev\u0103n\u021bic\u0103 Touch doTerra poate fi aplicat pe t\u00e2mple, pe ceaf\u0103, pe t\u0103lpi, sau pe punctele de puls pentru a te bucura de efectele sale calmante, de \u00eemp\u0103m\u00e2ntare.<br \/>Aroma calmant\u0103 \u0219i relaxant\u0103 a acestui amestec promoveaz\u0103 un mediu pa\u0219nic, induce somnul \u0219i poate ameliora sterile de tensiune \u0219i de anxietate. Astfel, Lev\u0103n\u021bic\u0103 Touch este solu\u021bia perfect\u0103 pentru relaxare la finele unei zile lungi \u0219i obositoare.<\/p>\n<p>[\/et_pb_text][\/et_pb_column][\/et_pb_row][\/et_pb_section][et_pb_section fb_built=&#8221;1&#8243; admin_label=&#8221;Sectiune white bg &#8211; Beneficii \u0219i Mod de utilizare&#8221; _builder_version=&#8221;4.16&#8243; _module_preset=&#8221;default&#8221; background_enable_color=&#8221;off&#8221; global_colors_info=&#8221;{}&#8221;][et_pb_row _builder_version=&#8221;4.16&#8243; _module_preset=&#8221;default&#8221; global_colors_info=&#8221;{}&#8221;][et_pb_column type=&#8221;4_4&#8243; _builder_version=&#8221;4.16&#8243; _module_preset=&#8221;default&#8221; global_colors_info=&#8221;{}&#8221;][et_pb_text _builder_version=&#8221;4.16&#8243; _module_preset=&#8221;default&#8221; global_colors_info=&#8221;{}&#8221;]<\/p>\n<h3>Amestec roll-on Lev\u0103n\u021bic\u0103 Touch doTerra \u2013 Beneficii \u0219i mod de utilizare<\/h3>\n<ul>\n<li>\u00a0Aplic\u0103 amestecul roll-on Lev\u0103n\u021bic\u0103 Touch \u00eenainte de culcare pe t\u0103lpi, pentru o arom\u0103 relaxant\u0103 \u0219i un somn lini\u0219tit.<\/li>\n<li>\u00a0\u021aine tot timpul amestecul roll-on Lev\u0103n\u021bic\u0103 Touch \u00een geant\u0103 sau \u00een portfard \u0219i aplic\u0103-l pe punctele de puls, pentru un efect reconfortant atunci c\u00e2nd nu e\u0219ti acas\u0103.<\/li>\n<li>\u00a0Dup\u0103 o zi lung\u0103 de plaj\u0103 sub soarele puternic, aplic\u0103 Lev\u0103n\u021bic\u0103 Touch pe piele \u0219i bucur\u0103-te de efectul s\u0103u calmant, care \u00eel face ideal pentru calmarea irita\u021biilor ocazionale ale pielii.<\/li>\n<li>\u00a0Aplic\u0103 amestecul Lev\u0103n\u021bic\u0103 Touch de la doTerra pe t\u00e2mple \u0219i pe ceaf\u0103, pentru a te bucura de aroma sa relaxant\u0103 \u0219i pentru a alunga st\u0103rile de stres sau de tensiune.<\/li>\n<li>\u00a0Maseaz\u0103 Lev\u0103n\u021bic\u0103 Touch pe t\u0103lpile copilului t\u0103u dac\u0103 este nelini\u0219tit \u00eenainte de culcare sau dac\u0103 are probleme de somn \u00een ultima perioad\u0103.<\/li>\n<li>\u00a0Aplic\u0103 amestecul pe \u00eencheieturi sau chiar pe pern\u0103, astfel \u00eenc\u00e2t s\u0103-i inspiri aroma \u00een timp ce dormi. Propriet\u0103\u021bile calmante ale acestui ulei contribuie la crearea unui mediu senin, optim pentru odihn\u0103 \u0219i pentru un somn f\u0103r\u0103 tulbur\u0103ri.<\/li>\n<\/ul>\n<p>[\/et_pb_text][\/et_pb_column][\/et_pb_row][\/et_pb_section][et_pb_section fb_built=&#8221;1&#8243; admin_label=&#8221;Sectiune #f8f2ea bg &#8211; Instruc\u021biuni de utilizare&#8221; _builder_version=&#8221;4.16&#8243; _module_preset=&#8221;default&#8221; background_color=&#8221;#f8f2ea&#8221; global_colors_info=&#8221;{}&#8221;][et_pb_row _builder_version=&#8221;4.16&#8243; _module_preset=&#8221;default&#8221; global_colors_info=&#8221;{}&#8221;][et_pb_column type=&#8221;4_4&#8243; _builder_version=&#8221;4.16&#8243; _module_preset=&#8221;default&#8221; global_colors_info=&#8221;{}&#8221;][et_pb_text _builder_version=&#8221;4.16&#8243; _module_preset=&#8221;default&#8221; global_colors_info=&#8221;{}&#8221;]<\/p>\n<h3>Amestec roll-on Lev\u0103n\u021bic\u0103 Touch doTerra \u2013 Instruc\u021biuni de utilizare<\/h3>\n<p><strong>Uz extern:<\/strong> Aplic\u0103 pe piele pentru parfumare \u0219i \u00eengrijirea pielii sau pentru masaj, cu ajutorul flaconului roll-on. Nu necesit\u0103 diluare suplimentar\u0103.<\/p>\n<p>[\/et_pb_text][\/et_pb_column][\/et_pb_row][\/et_pb_section][et_pb_section fb_built=&#8221;1&#8243; admin_label=&#8221;Sectiune white bg &#8211; Ingrediente&#8221; _builder_version=&#8221;4.16&#8243; _module_preset=&#8221;default&#8221; background_enable_color=&#8221;off&#8221; global_colors_info=&#8221;{}&#8221;][et_pb_row _builder_version=&#8221;4.16&#8243; _module_preset=&#8221;default&#8221; global_colors_info=&#8221;{}&#8221;][et_pb_column type=&#8221;4_4&#8243; _builder_version=&#8221;4.16&#8243; _module_preset=&#8221;default&#8221; global_colors_info=&#8221;{}&#8221;][et_pb_text _builder_version=&#8221;4.16&#8243; _module_preset=&#8221;default&#8221; global_colors_info=&#8221;{}&#8221;]<\/p>\n<h3>Amestec roll-on Lev\u0103n\u021bic\u0103 Touch doTerra \u2013 Ingrediente<\/h3>\n<p>Ulei esen\u021bial de Lev\u0103n\u021bic\u0103<br \/>Ulei de cocos frac\u021bionat<\/p>\n<p>[\/et_pb_text][\/et_pb_column][\/et_pb_row][\/et_pb_section][et_pb_section fb_built=&#8221;1&#8243; admin_label=&#8221;Sectiune #f8f2ea bg &#8211; M\u0103suri de precau\u021bie&#8221; _builder_version=&#8221;4.16&#8243; _module_preset=&#8221;default&#8221; background_color=&#8221;#f8f2ea&#8221; global_colors_info=&#8221;{}&#8221;][et_pb_row _builder_version=&#8221;4.16&#8243; _module_preset=&#8221;default&#8221; global_colors_info=&#8221;{}&#8221;][et_pb_column type=&#8221;4_4&#8243; _builder_version=&#8221;4.16&#8243; _module_preset=&#8221;default&#8221; global_colors_info=&#8221;{}&#8221;][et_pb_text _builder_version=&#8221;4.16&#8243; _module_preset=&#8221;default&#8221; global_colors_info=&#8221;{}&#8221;]<\/p>\n<h3>Amestec roll-on Lev\u0103n\u021bic\u0103 Touch doTerra \u2013 M\u0103suri de precau\u021bie<\/h3>\n<p>Posibil\u0103 sensibilitate cutanat\u0103. A nu se l\u0103sa la \u00eendem\u00e2na copiilor. Dac\u0103 e\u0219ti \u00eens\u0103rcinat\u0103, al\u0103ptezi sau e\u0219ti sub supraveghere medical\u0103, stai de vorb\u0103 cu medicul \u00eenainte de a folosi Lev\u0103n\u021bic\u0103 Touch. Evit\u0103 contactul cu ochii, urechea intern\u0103 \u0219i zonele sensibile. Evit\u0103 expunerea la soare sau raze ultraviolete timp de 12 ore dup\u0103 aplicarea produsului.<\/p>\n<p><strong>Descriere aromatic\u0103:<\/strong> pudrat, floral, u\u0219or<br \/><strong>Constituen\u021bii principali:<\/strong> linalool, acetat de linalil<br \/><strong>Por\u021bia de servire:<\/strong> 1 pic\u0103tur\u0103<br \/><strong>Un flacon de 10 ml:<\/strong> con\u021bine 170 de pic\u0103turi<\/p>\n<p><strong>Furnizor:<\/strong> import USA, doTerra LLC 389 South West Pleasant Grove UT 84062.<\/p>\n<p>Toate produsele doTerra sunt Certificate \u00een USA cu Certificat cu grad terapeutic pur.<\/p>\n<p>[\/et_pb_text][\/et_pb_column][\/et_pb_row][\/et_pb_section][et_pb_section fb_built=&#8221;1&#8243; admin_label=&#8221;Disclaimer&#8221; _builder_version=&#8221;4.9.10&#8243; _module_preset=&#8221;default&#8221; custom_margin=&#8221;0px||0px||false|false&#8221; custom_padding=&#8221;30px||30px||true|false&#8221; global_module=&#8221;49931&#8243; saved_tabs=&#8221;all&#8221; global_colors_info=&#8221;{}&#8221;][et_pb_row _builder_version=&#8221;4.16&#8243; _module_preset=&#8221;default&#8221; global_colors_info=&#8221;{}&#8221;][et_pb_column type=&#8221;4_4&#8243; _builder_version=&#8221;4.16&#8243; _module_preset=&#8221;default&#8221; global_colors_info=&#8221;{}&#8221;][et_pb_divider _builder_version=&#8221;4.16&#8243; _module_preset=&#8221;default&#8221; width=&#8221;100px&#8221; max_width=&#8221;100px&#8221; custom_margin=&#8221;0px||0px||false|false&#8221; custom_padding=&#8221;0px||0px||false|false&#8221; global_colors_info=&#8221;{}&#8221;][\/et_pb_divider][et_pb_text _builder_version=&#8221;4.16&#8243; _module_preset=&#8221;default&#8221; global_colors_info=&#8221;{}&#8221;]<\/p>\n<p><img loading=\"lazy\" decoding=\"async\" src=\"https:\/\/www.dianagubas.com\/new\/wp-content\/uploads\/2021\/08\/alert-circle@1x.png\" width=\"24\" height=\"24\" alt=\"\" class=\"wp-image-49942 alignleft size-full\" srcset=\"https:\/\/www.dianagubas.com\/new\/wp-content\/uploads\/2021\/08\/alert-circle@1x.png 24w, https:\/\/www.dianagubas.com\/new\/wp-content\/uploads\/2021\/08\/alert-circle@1x-12x12.png 12w\" sizes=\"(max-width: 24px) 100vw, 24px\" \/>Acest produs nu are rolul de a diagnostica, trata, vindeca sau preveni orice boal\u0103. Consult\u0103 medicul \u00eenainte de utilizare. Dac\u0103 ai alergie la oricare component din compozi\u021bie, nu folosi acest produs.<\/p>\n<p>[\/et_pb_text][\/et_pb_column][\/et_pb_row][\/et_pb_section][et_pb_section fb_built=&#8221;1&#8243; admin_label=&#8221;CTA&#8221; _builder_version=&#8221;4.14.5&#8243; _module_preset=&#8221;default&#8221; background_enable_color=&#8221;off&#8221; width=&#8221;100%&#8221; max_width=&#8221;100%&#8221; custom_margin=&#8221;||50px||false|false&#8221; global_module=&#8221;49932&#8243; saved_tabs=&#8221;all&#8221; global_colors_info=&#8221;{}&#8221;][et_pb_row module_id=&#8221;cta-row&#8221; _builder_version=&#8221;4.16&#8243; _module_preset=&#8221;default&#8221; width=&#8221;96%&#8221; border_radii=&#8221;on|30px|30px|30px|30px&#8221; global_colors_info=&#8221;{}&#8221;][et_pb_column type=&#8221;4_4&#8243; _builder_version=&#8221;4.16&#8243; _module_preset=&#8221;default&#8221; global_colors_info=&#8221;{}&#8221;][et_pb_code module_id=&#8221;cta-section&#8221; _builder_version=&#8221;4.17.4&#8243; _module_preset=&#8221;default&#8221; global_colors_info=&#8221;{}&#8221;]<\/p>\n<style>\/* Animated Call To Action *\/<!-- [et_pb_line_break_holder] --> <!-- [et_pb_line_break_holder] -->\/*** style CTA section and row when waypoint is not triggered ***\/<!-- [et_pb_line_break_holder] -->#cta-section {<!-- [et_pb_line_break_holder] -->    padding: 0 80px;<!-- [et_pb_line_break_holder] -->    transition: all .8s ease;<!-- [et_pb_line_break_holder] -->    -moz-transition: all .8s ease;<!-- [et_pb_line_break_holder] -->    -webkit-transition: all .8s ease;<!-- [et_pb_line_break_holder] -->}<!-- [et_pb_line_break_holder] -->#cta-row {<!-- [et_pb_line_break_holder] -->    margin: 80px auto 0 auto;<!-- [et_pb_line_break_holder] -->    padding: 80px 0;<!-- [et_pb_line_break_holder] -->    max-width: 100%;<!-- [et_pb_line_break_holder] -->    background-color: #cda575;<!-- [et_pb_line_break_holder] -->    -moz-border-radius: 20px;<!-- [et_pb_line_break_holder] -->    -webkit-border-radius: 20px;<!-- [et_pb_line_break_holder] -->    border-radius: 20px;<!-- [et_pb_line_break_holder] -->    box-shadow: 0px 10px 50px #939fa9;<!-- [et_pb_line_break_holder] -->    transition: all .8s ease;<!-- [et_pb_line_break_holder] -->    -moz-transition: all .8s ease;<!-- [et_pb_line_break_holder] -->    -webkit-transition: all .8s ease;<!-- [et_pb_line_break_holder] --> <!-- [et_pb_line_break_holder] -->}<!-- [et_pb_line_break_holder] -->\/*** Style CTA section and row once waypoint toggles animate-cta class ***\/<!-- [et_pb_line_break_holder] -->#cta-section.animate-cta {<!-- [et_pb_line_break_holder] -->    padding: 46px 0 66px 0;<!-- [et_pb_line_break_holder] -->    overflow: hidden;<!-- [et_pb_line_break_holder] -->}<!-- [et_pb_line_break_holder] -->.animate-cta #cta-row {<!-- [et_pb_line_break_holder] -->    margin: 0 auto 0 auto;<!-- [et_pb_line_break_holder] -->    -webkit-transform: scale(1.1);<!-- [et_pb_line_break_holder] -->    transform: scale(1.1);<!-- [et_pb_line_break_holder] -->    background-color: #cda575;<!-- [et_pb_line_break_holder] -->    width: inherit;<!-- [et_pb_line_break_holder] -->}<!-- [et_pb_line_break_holder] -->\/*** style button ***\/<!-- [et_pb_line_break_holder] --> <!-- [et_pb_line_break_holder] -->#sign {<!-- [et_pb_line_break_holder] -->    display: inline-block;<!-- [et_pb_line_break_holder] -->    color: #fff;<!-- [et_pb_line_break_holder] -->    text-transform: uppercase;<!-- [et_pb_line_break_holder] -->    font-size: 16px;<!-- [et_pb_line_break_holder] -->    font-weight: 600;<!-- [et_pb_line_break_holder] -->    background-color: #000000;<!-- [et_pb_line_break_holder] -->    padding: 20px 40px;<!-- [et_pb_line_break_holder] -->    margin-top: 30px;<!-- [et_pb_line_break_holder] -->    border-radius: 60px;<!-- [et_pb_line_break_holder] -->    -webkit-border-radius: 60px;<!-- [et_pb_line_break_holder] -->    -moz-border-radius: 60px;<!-- [et_pb_line_break_holder] -->    transition: all .8s ease;<!-- [et_pb_line_break_holder] -->    -webkit-transition: all .8s ease;<!-- [et_pb_line_break_holder] -->    -webkit-transition: all .8s ease;<!-- [et_pb_line_break_holder] -->    box-shadow: 0px 5px 20px #220901;<!-- [et_pb_line_break_holder] -->    -moz-box-shadow: 0px 5px 20px #220901;<!-- [et_pb_line_break_holder] -->    -webkit-box-shadow: 0px 10px 50px #220901;<!-- [et_pb_line_break_holder] -->}<!-- [et_pb_line_break_holder] -->#sign:hover {<!-- [et_pb_line_break_holder] -->    background-color: #621708;<!-- [et_pb_line_break_holder] -->    box-shadow: 0px 20px 80px #220901;<!-- [et_pb_line_break_holder] -->    -moz-box-shadow: 0px 20px 80px #220901;<!-- [et_pb_line_break_holder] -->    -webkit-box-shadow: 0px 20px 80px #220901;<!-- [et_pb_line_break_holder] -->    color: #fff;<!-- [et_pb_line_break_holder] -->}<!-- [et_pb_line_break_holder] --> <!-- [et_pb_line_break_holder] -->\/*** style content within the code module ***\/<!-- [et_pb_line_break_holder] --> <!-- [et_pb_line_break_holder] -->.cta-info{<!-- [et_pb_line_break_holder] -->    color: #fff;<!-- [et_pb_line_break_holder] -->    text-align: center;<!-- [et_pb_line_break_holder] -->    margin: 0 auto !important;<!-- [et_pb_line_break_holder] -->    max-width: 96%;<!-- [et_pb_line_break_holder] -->    padding: 50px 10px;<!-- [et_pb_line_break_holder] -->}<!-- [et_pb_line_break_holder] -->.cta-info h3 {color: #fff;}<!-- [et_pb_line_break_holder] -->.cta-list {text-align: left;}<!-- [et_pb_line_break_holder] -->ul.cta-list li:before {<!-- [et_pb_line_break_holder] -->  font-family: 'ETmodules'!important;<!-- [et_pb_line_break_holder] -->    speak: none;<!-- [et_pb_line_break_holder] -->    font-style: normal;<!-- [et_pb_line_break_holder] -->    font-weight: 400;<!-- [et_pb_line_break_holder] -->    -webkit-font-feature-settings: normal;<!-- [et_pb_line_break_holder] -->    font-feature-settings: normal;<!-- [et_pb_line_break_holder] -->    font-variant: normal;<!-- [et_pb_line_break_holder] -->    text-transform: none;<!-- [et_pb_line_break_holder] -->    line-height: 1;<!-- [et_pb_line_break_holder] -->    -webkit-font-smoothing: antialiased;<!-- [et_pb_line_break_holder] -->    -moz-osx-font-smoothing: grayscale;<!-- [et_pb_line_break_holder] -->    text-shadow: 0px 0px;<!-- [et_pb_line_break_holder] -->    direction: ltr;<!-- [et_pb_line_break_holder] -->    font-size: 22px;<!-- [et_pb_line_break_holder] -->    content: \"\\4e\";<!-- [et_pb_line_break_holder] -->    position: absolute;<!-- [et_pb_line_break_holder] -->    margin-left: -29px;<!-- [et_pb_line_break_holder] -->    margin-top: 7px;<!-- [et_pb_line_break_holder] -->}<!-- [et_pb_line_break_holder] --><\/style>\n<p><!-- [et_pb_line_break_holder] --><\/p>\n<div class=\"cta-info\"><!-- [et_pb_line_break_holder] --> <!-- [et_pb_line_break_holder] --><\/p>\n<h3>Vrei s\u0103 achizi\u021bionezi uleiurile esen\u021biale sau produsele doTERRA? <\/h3>\n<p><!-- [et_pb_line_break_holder] --> <!-- [et_pb_line_break_holder] --><pee style=\"text-align: left;\">Cea mai avantajoas\u0103 metod\u0103 de a intra \u00een posesia uleiurilor esen\u0163iale \u015fi a produselor de la doTERRA este prin crearea unui cont de membru (client) doTERRA. <!\u2013- [et_pb_br_holder] -\u2013>Cre\u00e2ndu-\u021bi un cont de membru (client) doTERRA ai o mul\u021bime de avantaje:<\/pee><img loading=\"lazy\" decoding=\"async\" class=\"alignright size-full wp-image-51781\" src=\"https:\/\/www.dianagubas.com\/new\/wp-content\/uploads\/2022\/01\/cadou_cont_nou.png\" alt=\"Avantaj client NOU: iti oferim GRATIS fractionate coconut oil si capsule vegetale\" width=\"353\" height=\"389\" srcset=\"https:\/\/www.dianagubas.com\/new\/wp-content\/uploads\/2022\/01\/cadou_cont_nou.png 353w, https:\/\/www.dianagubas.com\/new\/wp-content\/uploads\/2022\/01\/cadou_cont_nou-11x12.png 11w, https:\/\/www.dianagubas.com\/new\/wp-content\/uploads\/2022\/01\/cadou_cont_nou-300x331.png 300w\" sizes=\"(max-width: 353px) 100vw, 353px\" \/><!-- [et_pb_line_break_holder] --><\/p>\n<ul class=\"cta-list\"><!-- [et_pb_line_break_holder] -->  <\/p>\n<li>Reducere 25% \u00eenc\u0103 de la prima cump\u0103ratur\u0103.<\/li>\n<p><!-- [et_pb_line_break_holder] -->  <\/p>\n<li>Programul de loialitate LRP cu acumulare de puncte<\/li>\n<p><!-- [et_pb_line_break_holder] -->  <\/p>\n<li>Promo\u021bii lunare (produsul lunii gratis).<\/li>\n<p><!-- [et_pb_line_break_holder] -->  <\/p>\n<li>Avantaj client NOU: iti oferim GRATIS ulei de cocos fractionat si capsule vegetale<\/li>\n<p><!-- [et_pb_line_break_holder] -->  <\/p>\n<li>Asisten\u021b\u0103 personal\u0103 \u00een utilizarea uleiurilor esen\u021biale doTERRA.<\/li>\n<p><!-- [et_pb_line_break_holder] --><\/ul>\n<p><!-- [et_pb_line_break_holder] --><pee style=\"text-align:center; display:none;\"><!-- [et_pb_line_break_holder] --> <a href=\"\/creare-cont-doterra\/\" style=\"color: #fff; text-decoration: underline;\">Afl\u0103 mai multe despre ce \u00eenseamn\u0103 s\u0103 fii membru doTERRA.<\/a><!-- [et_pb_line_break_holder] --><\/pee><!-- [et_pb_line_break_holder] -->  <pee style=\"text-align:center;\"><a href=\"\/creare-cont-doterra\/\" id=\"sign\">De ce sa imi fac cont doTERRA?<\/a><\/pee><!-- [et_pb_line_break_holder] --><\/div>\n<p>[\/et_pb_code][\/et_pb_column][\/et_pb_row][\/et_pb_section]<\/p>\n","protected":false},"excerpt":{"rendered":"<p>Amestecul roll-on Lev\u0103n\u021bic\u0103 Touch de la doTerra combin\u0103 Uleiul esen\u021bial de Lev\u0103n\u021bic\u0103 \u0219i Uleiul de cocos frac\u021bionat pentru a oferi persoanelor cu pielea delicat\u0103 sau sensibil\u0103 acelea\u0219i beneficii calmante \u0219i relaxante ale uleiului esen\u021bial de Lev\u0103n\u021bic\u0103 doTerra. Cu o arom\u0103 distinct\u0103 \u0219i nenum\u0103rate aplica\u021bii, Lev\u0103n\u021bica este folosit\u0103 de secole. \u00cen antichitate, romanii \u0219i egiptenii o [&hellip;]<\/p>\n","protected":false},"featured_media":51159,"template":"","meta":{"_acf_changed":false,"_et_pb_use_builder":"on","_et_pb_old_content":"","_et_gb_content_width":"","inline_featured_image":false},"product_brand":[],"product_cat":[72,63],"product_tag":[],"class_list":{"0":"post-51029","1":"product","2":"type-product","3":"status-publish","4":"has-post-thumbnail","6":"product_cat-amestecuri-roll-on-touch","7":"product_cat-uleiuri-esentiale-doterra","9":"first","10":"instock","11":"sale","12":"shipping-taxable","13":"purchasable","14":"product-type-simple"},"acf":[],"_links":{"self":[{"href":"https:\/\/www.dianagubas.com\/en\/wp-json\/wp\/v2\/product\/51029","targetHints":{"allow":["GET"]}}],"collection":[{"href":"https:\/\/www.dianagubas.com\/en\/wp-json\/wp\/v2\/product"}],"about":[{"href":"https:\/\/www.dianagubas.com\/en\/wp-json\/wp\/v2\/types\/product"}],"wp:featuredmedia":[{"embeddable":true,"href":"https:\/\/www.dianagubas.com\/en\/wp-json\/wp\/v2\/media\/51159"}],"wp:attachment":[{"href":"https:\/\/www.dianagubas.com\/en\/wp-json\/wp\/v2\/media?parent=51029"}],"wp:term":[{"taxonomy":"product_brand","embeddable":true,"href":"https:\/\/www.dianagubas.com\/en\/wp-json\/wp\/v2\/product_brand?post=51029"},{"taxonomy":"product_cat","embeddable":true,"href":"https:\/\/www.dianagubas.com\/en\/wp-json\/wp\/v2\/product_cat?post=51029"},{"taxonomy":"product_tag","embeddable":true,"href":"https:\/\/www.dianagubas.com\/en\/wp-json\/wp\/v2\/product_tag?post=51029"}],"curies":[{"name":"wp","href":"https:\/\/api.w.org\/{rel}","templated":true}]}}