{"id":51041,"date":"2021-09-17T13:29:55","date_gmt":"2021-09-17T11:29:55","guid":{"rendered":"https:\/\/www.dianagubas.com\/?post_type=product&#038;p=51041"},"modified":"2024-03-01T15:25:56","modified_gmt":"2024-03-01T13:25:56","slug":"amestec-roll-on-tea-tree-melaleuca-touch-arbore-de-ceai-doterra-10-ml","status":"publish","type":"product","link":"https:\/\/www.dianagubas.com\/en\/aromaterapie\/amestec-roll-on-tea-tree-melaleuca-touch-arbore-de-ceai-doterra-10-ml\/","title":{"rendered":"Amestec Roll-on Tea Tree\/Melaleuca Touch (Arbore de ceai) doTerra (10 ml)"},"content":{"rendered":"<p>[et_pb_section fb_built=&#8221;1&#8243; _builder_version=&#8221;4.16&#8243; _module_preset=&#8221;default&#8221; global_colors_info=&#8221;{}&#8221;][et_pb_row _builder_version=&#8221;4.16&#8243; _module_preset=&#8221;default&#8221; global_colors_info=&#8221;{}&#8221;][et_pb_column type=&#8221;4_4&#8243; _builder_version=&#8221;4.16&#8243; _module_preset=&#8221;default&#8221; global_colors_info=&#8221;{}&#8221;][et_pb_wc_title _builder_version=&#8221;4.16&#8243; _module_preset=&#8221;default&#8221; header_text_align=&#8221;center&#8221; global_colors_info=&#8221;{}&#8221;][\/et_pb_wc_title][et_pb_video src=&#8221;https:\/\/youtu.be\/CPqUkdsy83A&#8221; _builder_version=&#8221;4.16&#8243; _module_preset=&#8221;default&#8221; global_colors_info=&#8221;{}&#8221;][\/et_pb_video][\/et_pb_column][\/et_pb_row][\/et_pb_section][et_pb_section fb_built=&#8221;1&#8243; _builder_version=&#8221;4.16&#8243; _module_preset=&#8221;default&#8221; global_colors_info=&#8221;{}&#8221;][et_pb_row column_structure=&#8221;2_5,3_5&#8243; _builder_version=&#8221;4.16&#8243; _module_preset=&#8221;default&#8221; global_colors_info=&#8221;{}&#8221;][et_pb_column type=&#8221;2_5&#8243; _builder_version=&#8221;4.16&#8243; _module_preset=&#8221;default&#8221; global_colors_info=&#8221;{}&#8221;][et_pb_wc_images show_sale_badge=&#8221;off&#8221; _builder_version=&#8221;4.16&#8243; _module_preset=&#8221;default&#8221; global_colors_info=&#8221;{}&#8221;][\/et_pb_wc_images][\/et_pb_column][et_pb_column type=&#8221;3_5&#8243; _builder_version=&#8221;4.16&#8243; _module_preset=&#8221;default&#8221; global_colors_info=&#8221;{}&#8221;][et_pb_text admin_label=&#8221;Descriere&#8221; _builder_version=&#8221;4.16&#8243; _module_preset=&#8221;default&#8221; global_colors_info=&#8221;{}&#8221;]<\/p>\n<p>Amestecul roll-on Tea Tree (Melaleuca) Touch de la doTerra combin\u0103 Uleiul esen\u021bial de Arbore de Ceai (Tea Tree\/Melaleuca) \u0219i Uleiul de cocos frac\u021bionat pentru a oferi acelea\u0219i beneficii topice excelente ale uleiului esen\u021bial, \u00eentr-o formul\u0103 prediluat\u0103, mai delicat\u0103 \u0219i mai rapid de folosit.<br \/>Uleiul de Arbore de Ceai a fost o necesitate zilnic\u0103 pentru multe dintre popoarele antice ale Australiei, iar aborigenii Bundjalung de pe coasta New South Wales aplicau frunzele direct pe piele pentru un efect de r\u0103cire.<\/p>\n<p>Ast\u0103zi beneficiile uleiului esen\u021bial de Arbore de Ceai doTerra sunt extrem de numeroase, astfel \u00eenc\u00e2t nu este deloc de mirare de ce este un ulei at\u00e2t de popular. \u00cen plus, varianta Tea Tree (Melaleuca\/Arbore de Ceai) Touch face ca aceste beneficii s\u0103 fie acum la \u00eendem\u00e2na oricui, \u00eentr-un recipient roll-on confortabil \u0219i rapid.<\/p>\n<p>[\/et_pb_text][et_pb_divider color=&#8221;#e3e0df&#8221; _builder_version=&#8221;4.16&#8243; _module_preset=&#8221;default&#8221; global_colors_info=&#8221;{}&#8221;][\/et_pb_divider][et_pb_text admin_label=&#8221;Pret fara cont&#8221; module_class=&#8221;regular_price&#8221; _builder_version=&#8221;4.16&#8243; _dynamic_attributes=&#8221;content&#8221; _module_preset=&#8221;default&#8221; global_colors_info=&#8221;{}&#8221;]@ET-DC@eyJkeW5hbWljIjp0cnVlLCJjb250ZW50IjoiY3VzdG9tX21ldGFfX3JlZ3VsYXJfcHJpY2UiLCJzZXR0aW5ncyI6eyJiZWZvcmUiOiJQUkVcdTAyMWEgRlx1MDEwMlJcdTAxMDIgQ09OVCBET1RFUlJBIDogIiwiYWZ0ZXIiOiJcdTIwYWMiLCJlbmFibGVfaHRtbCI6Im9uIn19@[\/et_pb_text][et_pb_text admin_label=&#8221;Pret membru&#8221; module_class=&#8221;member_price&#8221; _builder_version=&#8221;4.16&#8243; _dynamic_attributes=&#8221;content&#8221; _module_preset=&#8221;default&#8221; global_colors_info=&#8221;{}&#8221;]@ET-DC@eyJkeW5hbWljIjp0cnVlLCJjb250ZW50IjoiY3VzdG9tX21ldGFfX3NhbGVfcHJpY2UiLCJzZXR0aW5ncyI6eyJiZWZvcmUiOiJQUkVcdTAyMWEgREUgTUVNQlJVOiIsImFmdGVyIjoiXHUyMGFjIiwiZW5hYmxlX2h0bWwiOiJvbiJ9fQ==@[\/et_pb_text][et_pb_divider color=&#8221;#e3e0df&#8221; _builder_version=&#8221;4.16&#8243; _module_preset=&#8221;default&#8221; global_colors_info=&#8221;{}&#8221;][\/et_pb_divider][et_pb_button button_url=&#8221;@ET-DC@eyJkeW5hbWljIjp0cnVlLCJjb250ZW50IjoiY3VzdG9tX21ldGFfbGlua19jb21hbmRhIiwic2V0dGluZ3MiOnsiYmVmb3JlIjoiIiwiYWZ0ZXIiOiIiLCJlbmFibGVfaHRtbCI6Im9mZiJ9fQ==@&#8221; button_text=&#8221;COMANDA RAPID&#8221; admin_label=&#8221;Buton&#8221; _builder_version=&#8221;4.19.4&#8243; _dynamic_attributes=&#8221;button_url&#8221; _module_preset=&#8221;default&#8221; global_module=&#8221;50890&#8243; saved_tabs=&#8221;all&#8221; global_colors_info=&#8221;{}&#8221;][\/et_pb_button][et_pb_text admin_label=&#8221;Vreau sa devin membru&#8221; _builder_version=&#8221;4.19.4&#8243; _module_preset=&#8221;default&#8221; global_module=&#8221;52172&#8243; saved_tabs=&#8221;all&#8221; global_colors_info=&#8221;{}&#8221;]<\/p>\n<p><a href=\"#membru\">Vreau sa devin membru doTerra!<\/a><\/p>\n<p>[\/et_pb_text][\/et_pb_column][\/et_pb_row][\/et_pb_section][et_pb_section fb_built=&#8221;1&#8243; admin_label=&#8221;Sectiune #f8f2ea bg &#8211; Descriere&#8221; _builder_version=&#8221;4.16&#8243; _module_preset=&#8221;default&#8221; background_color=&#8221;#f8f2ea&#8221; global_colors_info=&#8221;{}&#8221;][et_pb_row _builder_version=&#8221;4.16&#8243; _module_preset=&#8221;default&#8221; global_colors_info=&#8221;{}&#8221;][et_pb_column type=&#8221;4_4&#8243; _builder_version=&#8221;4.16&#8243; _module_preset=&#8221;default&#8221; global_colors_info=&#8221;{}&#8221;][et_pb_text _builder_version=&#8221;4.16&#8243; _module_preset=&#8221;default&#8221; global_colors_info=&#8221;{}&#8221;]<\/p>\n<h3>Amestec Roll-on Tea Tree\/Melaleuca Touch (Arbore de ceai) doTerra \u2013 Descriere<\/h3>\n<p>Av\u00e2nd la baz\u0103 un ulei esen\u021bial compus din peste 92 de compu\u0219i diferi\u021bi, amestecul Tea Tree (Melaleuca) Touch este unul dintre cele mai iubite \u0219i mai diverse amestecuri din industrie.<\/p>\n<p>Renumit pentru propriet\u0103\u021bile sale purificatoare, el poate fi folosit topic pentru cur\u0103\u021barea \u0219i purificarea pielii \u0219i a unghiilor. \u00cen plus, contribuie, de asemenea, la calmarea irita\u021biilor ocazionale ale tenului \u0219i la men\u021binerea s\u0103n\u0103t\u0103\u021bii pielii. Amestecul Tea Tree Touch are \u0219i propriet\u0103\u021bi benefice ce pot contribui la reducerea apari\u021biei petelor.<br \/>Tea Tree Touch este ideal \u0219i pentru calmarea pielii dup\u0103 b\u0103rbierit sau pentru hidratarea \u0219i r\u0103corirea picioarelor.<\/p>\n<p>[\/et_pb_text][\/et_pb_column][\/et_pb_row][\/et_pb_section][et_pb_section fb_built=&#8221;1&#8243; admin_label=&#8221;Sectiune white bg &#8211; Beneficii \u0219i Mod de utilizare&#8221; _builder_version=&#8221;4.16&#8243; _module_preset=&#8221;default&#8221; background_enable_color=&#8221;off&#8221; global_colors_info=&#8221;{}&#8221;][et_pb_row _builder_version=&#8221;4.16&#8243; _module_preset=&#8221;default&#8221; global_colors_info=&#8221;{}&#8221;][et_pb_column type=&#8221;4_4&#8243; _builder_version=&#8221;4.16&#8243; _module_preset=&#8221;default&#8221; global_colors_info=&#8221;{}&#8221;][et_pb_text _builder_version=&#8221;4.16&#8243; _module_preset=&#8221;default&#8221; global_colors_info=&#8221;{}&#8221;]<\/p>\n<h3>Amestec Roll-on Tea Tree\/Melaleuca Touch (Arbore de ceai) doTerra\u2013 Beneficii \u0219i Mod de utilizare<\/h3>\n<ul>\n<li>\u00a0Include amestecul Tea Tree (Melaleuca) Touch \u00een rutina ta zilnic\u0103 de \u00eengrijire a pielii, aplic\u00e2nd acest produs pe fa\u021b\u0103 \u00een paralel cu crema hidratant\u0103 obi\u0219nuit\u0103, \u0219i te vei bucura astfel de propriet\u0103\u021bile de cur\u0103\u021bare suplimentare \u0219i de o piele tonifiat\u0103, cu aspect s\u0103n\u0103tos.<\/li>\n<li>\u00a0Aplic\u0103 amestecul Tea Tree (Melaleuca) Touch pe zonele iritate ale pielii, pentru a calma \u0219i a vindeca.<\/li>\n<li>\u00a0Pune un strat sub\u021bire de amestec Tea Tree (Melaleuca) Touch pe unghiile de la m\u00e2ini \u0219i de la picioare, imediat dup\u0103 ce ie\u0219i din du\u0219, pentru un aspect mai frumos, o piele neted\u0103 \u0219i unghii s\u0103n\u0103toase.<\/li>\n<li>\u00a0Aplic\u0103 pe fa\u021b\u0103 amestecul Tea Tree (Melaleuca) Touch singur sau al\u0103turi de ulei esen\u021bial de Cedru, dup\u0103 b\u0103rbierit, pentru revigorarea tenului.<\/li>\n<li>\u00a0Maseaz\u0103 amestecul Tea Tree (Melaleuca) Touch pe picioarele obosite, cu pielea uscat\u0103 sau cr\u0103pat\u0103, pentru a te bucura de relaxarea pe care o confer\u0103 dar \u0219i de un plus de hidratare.<\/li>\n<li>\u00a0Folose\u0219te Tea Tree (Melaleuca) Touch \u00een interiorul \u00eenc\u0103l\u021b\u0103mintei, pentru o arom\u0103 fresh \u0219i o senza\u021bie de prospe\u021bime.<\/li>\n<li>\u00a0Aplic\u0103 amestecul pe zonele cu imperfec\u021biuni ale pielii, pentru un efect purificator care \u00eentinere\u0219te, \u00een acela\u0219i timp, aspectul tenului.<\/li>\n<\/ul>\n<p>[\/et_pb_text][\/et_pb_column][\/et_pb_row][\/et_pb_section][et_pb_section fb_built=&#8221;1&#8243; admin_label=&#8221;Sectiune #f8f2ea bg &#8211; Instruc\u021biuni de utilizare&#8221; _builder_version=&#8221;4.16&#8243; _module_preset=&#8221;default&#8221; background_color=&#8221;#f8f2ea&#8221; global_colors_info=&#8221;{}&#8221;][et_pb_row _builder_version=&#8221;4.16&#8243; _module_preset=&#8221;default&#8221; global_colors_info=&#8221;{}&#8221;][et_pb_column type=&#8221;4_4&#8243; _builder_version=&#8221;4.16&#8243; _module_preset=&#8221;default&#8221; global_colors_info=&#8221;{}&#8221;][et_pb_text _builder_version=&#8221;4.16&#8243; _module_preset=&#8221;default&#8221; global_colors_info=&#8221;{}&#8221;]<\/p>\n<h3>Amestec Roll-on Tea Tree\/Melaleuca Touch (Arbore de ceai) doTerra \u2013 Instruc\u021biuni de utilizare<\/h3>\n<p><strong>Uz extern:<\/strong> Aplic\u0103 pe piele pentru parfumare \u0219i \u00eengrijirea pielii sau pentru masaj, cu ajutorul flaconului roll-on. Nu necesit\u0103 diluare suplimentar\u0103.<\/p>\n<p>[\/et_pb_text][\/et_pb_column][\/et_pb_row][\/et_pb_section][et_pb_section fb_built=&#8221;1&#8243; admin_label=&#8221;Sectiune white bg &#8211; Ingrediente&#8221; _builder_version=&#8221;4.16&#8243; _module_preset=&#8221;default&#8221; background_enable_color=&#8221;off&#8221; global_colors_info=&#8221;{}&#8221;][et_pb_row _builder_version=&#8221;4.16&#8243; _module_preset=&#8221;default&#8221; global_colors_info=&#8221;{}&#8221;][et_pb_column type=&#8221;4_4&#8243; _builder_version=&#8221;4.16&#8243; _module_preset=&#8221;default&#8221; global_colors_info=&#8221;{}&#8221;][et_pb_text _builder_version=&#8221;4.16&#8243; _module_preset=&#8221;default&#8221; global_colors_info=&#8221;{}&#8221;]<\/p>\n<h3>Amestec Roll-on Tea Tree\/Melaleuca Touch (Arbore de ceai) doTerra \u2013 Ingrediente<\/h3>\n<p>Ulei esen\u021bial de Arbore de Ceai (Tea Tree\/Melaleuca)<br \/>\nUlei de cocos frac\u021bionat<\/p>\n<h3><\/h3>\n<p>[\/et_pb_text][\/et_pb_column][\/et_pb_row][\/et_pb_section][et_pb_section fb_built=&#8221;1&#8243; admin_label=&#8221;Sectiune #f8f2ea bg &#8211; M\u0103suri de precau\u021bie&#8221; _builder_version=&#8221;4.16&#8243; _module_preset=&#8221;default&#8221; background_color=&#8221;#f8f2ea&#8221; global_colors_info=&#8221;{}&#8221;][et_pb_row _builder_version=&#8221;4.16&#8243; _module_preset=&#8221;default&#8221; global_colors_info=&#8221;{}&#8221;][et_pb_column type=&#8221;4_4&#8243; _builder_version=&#8221;4.16&#8243; _module_preset=&#8221;default&#8221; global_colors_info=&#8221;{}&#8221;][et_pb_text _builder_version=&#8221;4.16&#8243; _module_preset=&#8221;default&#8221; global_colors_info=&#8221;{}&#8221;]<\/p>\n<h3>Amestec Roll-on Tea Tree\/Melaleuca Touch (Arbore de ceai) doTerra \u2013 M\u0103suri de precau\u021bie<\/h3>\n<p>Posibil\u0103 sensibilitate cutanat\u0103. A nu se l\u0103sa la \u00eendem\u00e2na copiilor. Dac\u0103 e\u0219ti \u00eens\u0103rcinat\u0103, al\u0103ptezi sau e\u0219ti sub supraveghere medical\u0103, stai de vorb\u0103 cu medicul \u00eenainte de a folosi amestecul Tea Tree (Melaleuca) Touch. Evit\u0103 contactul cu ochii, urechea intern\u0103 \u0219i zonele sensibile.<\/p>\n<p><strong>Descriere aromatic\u0103:<\/strong> erbaceu, verde, piele<br \/><strong>Constituen\u021bii principali:<\/strong> terpinen-4-ol, \u03b3-terpinen, \u03b1-terpinen<br \/><strong>Por\u021bia de servire:<\/strong> 1 pic\u0103tur\u0103<br \/><strong>Un flacon de 10 ml:<\/strong> con\u021bine 170 de pic\u0103turi<\/p>\n<p><strong>Furnizor:<\/strong> import USA, doTerra LLC 389 South West Pleasant Grove UT 84062.<\/p>\n<p>Toate produsele doTerra sunt Certificate \u00een USA cu Certificat cu grad terapeutic pur.<\/p>\n<p>[\/et_pb_text][\/et_pb_column][\/et_pb_row][\/et_pb_section][et_pb_section fb_built=&#8221;1&#8243; admin_label=&#8221;Disclaimer&#8221; _builder_version=&#8221;4.9.10&#8243; _module_preset=&#8221;default&#8221; custom_margin=&#8221;0px||0px||false|false&#8221; custom_padding=&#8221;30px||30px||true|false&#8221; global_module=&#8221;49931&#8243; saved_tabs=&#8221;all&#8221; global_colors_info=&#8221;{}&#8221;][et_pb_row _builder_version=&#8221;4.16&#8243; _module_preset=&#8221;default&#8221; global_colors_info=&#8221;{}&#8221;][et_pb_column type=&#8221;4_4&#8243; _builder_version=&#8221;4.16&#8243; _module_preset=&#8221;default&#8221; global_colors_info=&#8221;{}&#8221;][et_pb_divider _builder_version=&#8221;4.16&#8243; _module_preset=&#8221;default&#8221; width=&#8221;100px&#8221; max_width=&#8221;100px&#8221; custom_margin=&#8221;0px||0px||false|false&#8221; custom_padding=&#8221;0px||0px||false|false&#8221; global_colors_info=&#8221;{}&#8221;][\/et_pb_divider][et_pb_text _builder_version=&#8221;4.16&#8243; _module_preset=&#8221;default&#8221; global_colors_info=&#8221;{}&#8221;]<\/p>\n<p><img loading=\"lazy\" decoding=\"async\" src=\"https:\/\/www.dianagubas.com\/new\/wp-content\/uploads\/2021\/08\/alert-circle@1x.png\" width=\"24\" height=\"24\" alt=\"\" class=\"wp-image-49942 alignleft size-full\" srcset=\"https:\/\/www.dianagubas.com\/new\/wp-content\/uploads\/2021\/08\/alert-circle@1x.png 24w, https:\/\/www.dianagubas.com\/new\/wp-content\/uploads\/2021\/08\/alert-circle@1x-12x12.png 12w\" sizes=\"(max-width: 24px) 100vw, 24px\" \/>Acest produs nu are rolul de a diagnostica, trata, vindeca sau preveni orice boal\u0103. Consult\u0103 medicul \u00eenainte de utilizare. Dac\u0103 ai alergie la oricare component din compozi\u021bie, nu folosi acest produs.<\/p>\n<p>[\/et_pb_text][\/et_pb_column][\/et_pb_row][\/et_pb_section][et_pb_section fb_built=&#8221;1&#8243; admin_label=&#8221;CTA&#8221; _builder_version=&#8221;4.14.5&#8243; _module_preset=&#8221;default&#8221; background_enable_color=&#8221;off&#8221; width=&#8221;100%&#8221; max_width=&#8221;100%&#8221; custom_margin=&#8221;||50px||false|false&#8221; global_module=&#8221;49932&#8243; saved_tabs=&#8221;all&#8221; global_colors_info=&#8221;{}&#8221;][et_pb_row module_id=&#8221;cta-row&#8221; _builder_version=&#8221;4.16&#8243; _module_preset=&#8221;default&#8221; width=&#8221;96%&#8221; border_radii=&#8221;on|30px|30px|30px|30px&#8221; global_colors_info=&#8221;{}&#8221;][et_pb_column type=&#8221;4_4&#8243; _builder_version=&#8221;4.16&#8243; _module_preset=&#8221;default&#8221; global_colors_info=&#8221;{}&#8221;][et_pb_code module_id=&#8221;cta-section&#8221; _builder_version=&#8221;4.17.4&#8243; _module_preset=&#8221;default&#8221; global_colors_info=&#8221;{}&#8221;]<\/p>\n<style>\/* Animated Call To Action *\/<!-- [et_pb_line_break_holder] --> <!-- [et_pb_line_break_holder] -->\/*** style CTA section and row when waypoint is not triggered ***\/<!-- [et_pb_line_break_holder] -->#cta-section {<!-- [et_pb_line_break_holder] -->    padding: 0 80px;<!-- [et_pb_line_break_holder] -->    transition: all .8s ease;<!-- [et_pb_line_break_holder] -->    -moz-transition: all .8s ease;<!-- [et_pb_line_break_holder] -->    -webkit-transition: all .8s ease;<!-- [et_pb_line_break_holder] -->}<!-- [et_pb_line_break_holder] -->#cta-row {<!-- [et_pb_line_break_holder] -->    margin: 80px auto 0 auto;<!-- [et_pb_line_break_holder] -->    padding: 80px 0;<!-- [et_pb_line_break_holder] -->    max-width: 100%;<!-- [et_pb_line_break_holder] -->    background-color: #cda575;<!-- [et_pb_line_break_holder] -->    -moz-border-radius: 20px;<!-- [et_pb_line_break_holder] -->    -webkit-border-radius: 20px;<!-- [et_pb_line_break_holder] -->    border-radius: 20px;<!-- [et_pb_line_break_holder] -->    box-shadow: 0px 10px 50px #939fa9;<!-- [et_pb_line_break_holder] -->    transition: all .8s ease;<!-- [et_pb_line_break_holder] -->    -moz-transition: all .8s ease;<!-- [et_pb_line_break_holder] -->    -webkit-transition: all .8s ease;<!-- [et_pb_line_break_holder] --> <!-- [et_pb_line_break_holder] -->}<!-- [et_pb_line_break_holder] -->\/*** Style CTA section and row once waypoint toggles animate-cta class ***\/<!-- [et_pb_line_break_holder] -->#cta-section.animate-cta {<!-- [et_pb_line_break_holder] -->    padding: 46px 0 66px 0;<!-- [et_pb_line_break_holder] -->    overflow: hidden;<!-- [et_pb_line_break_holder] -->}<!-- [et_pb_line_break_holder] -->.animate-cta #cta-row {<!-- [et_pb_line_break_holder] -->    margin: 0 auto 0 auto;<!-- [et_pb_line_break_holder] -->    -webkit-transform: scale(1.1);<!-- [et_pb_line_break_holder] -->    transform: scale(1.1);<!-- [et_pb_line_break_holder] -->    background-color: #cda575;<!-- [et_pb_line_break_holder] -->    width: inherit;<!-- [et_pb_line_break_holder] -->}<!-- [et_pb_line_break_holder] -->\/*** style button ***\/<!-- [et_pb_line_break_holder] --> <!-- [et_pb_line_break_holder] -->#sign {<!-- [et_pb_line_break_holder] -->    display: inline-block;<!-- [et_pb_line_break_holder] -->    color: #fff;<!-- [et_pb_line_break_holder] -->    text-transform: uppercase;<!-- [et_pb_line_break_holder] -->    font-size: 16px;<!-- [et_pb_line_break_holder] -->    font-weight: 600;<!-- [et_pb_line_break_holder] -->    background-color: #000000;<!-- [et_pb_line_break_holder] -->    padding: 20px 40px;<!-- [et_pb_line_break_holder] -->    margin-top: 30px;<!-- [et_pb_line_break_holder] -->    border-radius: 60px;<!-- [et_pb_line_break_holder] -->    -webkit-border-radius: 60px;<!-- [et_pb_line_break_holder] -->    -moz-border-radius: 60px;<!-- [et_pb_line_break_holder] -->    transition: all .8s ease;<!-- [et_pb_line_break_holder] -->    -webkit-transition: all .8s ease;<!-- [et_pb_line_break_holder] -->    -webkit-transition: all .8s ease;<!-- [et_pb_line_break_holder] -->    box-shadow: 0px 5px 20px #220901;<!-- [et_pb_line_break_holder] -->    -moz-box-shadow: 0px 5px 20px #220901;<!-- [et_pb_line_break_holder] -->    -webkit-box-shadow: 0px 10px 50px #220901;<!-- [et_pb_line_break_holder] -->}<!-- [et_pb_line_break_holder] -->#sign:hover {<!-- [et_pb_line_break_holder] -->    background-color: #621708;<!-- [et_pb_line_break_holder] -->    box-shadow: 0px 20px 80px #220901;<!-- [et_pb_line_break_holder] -->    -moz-box-shadow: 0px 20px 80px #220901;<!-- [et_pb_line_break_holder] -->    -webkit-box-shadow: 0px 20px 80px #220901;<!-- [et_pb_line_break_holder] -->    color: #fff;<!-- [et_pb_line_break_holder] -->}<!-- [et_pb_line_break_holder] --> <!-- [et_pb_line_break_holder] -->\/*** style content within the code module ***\/<!-- [et_pb_line_break_holder] --> <!-- [et_pb_line_break_holder] -->.cta-info{<!-- [et_pb_line_break_holder] -->    color: #fff;<!-- [et_pb_line_break_holder] -->    text-align: center;<!-- [et_pb_line_break_holder] -->    margin: 0 auto !important;<!-- [et_pb_line_break_holder] -->    max-width: 96%;<!-- [et_pb_line_break_holder] -->    padding: 50px 10px;<!-- [et_pb_line_break_holder] -->}<!-- [et_pb_line_break_holder] -->.cta-info h3 {color: #fff;}<!-- [et_pb_line_break_holder] -->.cta-list {text-align: left;}<!-- [et_pb_line_break_holder] -->ul.cta-list li:before {<!-- [et_pb_line_break_holder] -->  font-family: 'ETmodules'!important;<!-- [et_pb_line_break_holder] -->    speak: none;<!-- [et_pb_line_break_holder] -->    font-style: normal;<!-- [et_pb_line_break_holder] -->    font-weight: 400;<!-- [et_pb_line_break_holder] -->    -webkit-font-feature-settings: normal;<!-- [et_pb_line_break_holder] -->    font-feature-settings: normal;<!-- [et_pb_line_break_holder] -->    font-variant: normal;<!-- [et_pb_line_break_holder] -->    text-transform: none;<!-- [et_pb_line_break_holder] -->    line-height: 1;<!-- [et_pb_line_break_holder] -->    -webkit-font-smoothing: antialiased;<!-- [et_pb_line_break_holder] -->    -moz-osx-font-smoothing: grayscale;<!-- [et_pb_line_break_holder] -->    text-shadow: 0px 0px;<!-- [et_pb_line_break_holder] -->    direction: ltr;<!-- [et_pb_line_break_holder] -->    font-size: 22px;<!-- [et_pb_line_break_holder] -->    content: \"\\4e\";<!-- [et_pb_line_break_holder] -->    position: absolute;<!-- [et_pb_line_break_holder] -->    margin-left: -29px;<!-- [et_pb_line_break_holder] -->    margin-top: 7px;<!-- [et_pb_line_break_holder] -->}<!-- [et_pb_line_break_holder] --><\/style>\n<p><!-- [et_pb_line_break_holder] --><\/p>\n<div class=\"cta-info\"><!-- [et_pb_line_break_holder] --> <!-- [et_pb_line_break_holder] --><\/p>\n<h3>Vrei s\u0103 achizi\u021bionezi uleiurile esen\u021biale sau produsele doTERRA? <\/h3>\n<p><!-- [et_pb_line_break_holder] --> <!-- [et_pb_line_break_holder] --><pee style=\"text-align: left;\">Cea mai avantajoas\u0103 metod\u0103 de a intra \u00een posesia uleiurilor esen\u0163iale \u015fi a produselor de la doTERRA este prin crearea unui cont de membru (client) doTERRA. <!\u2013- [et_pb_br_holder] -\u2013>Cre\u00e2ndu-\u021bi un cont de membru (client) doTERRA ai o mul\u021bime de avantaje:<\/pee><img loading=\"lazy\" decoding=\"async\" class=\"alignright size-full wp-image-51781\" src=\"https:\/\/www.dianagubas.com\/new\/wp-content\/uploads\/2022\/01\/cadou_cont_nou.png\" alt=\"Avantaj client NOU: iti oferim GRATIS fractionate coconut oil si capsule vegetale\" width=\"353\" height=\"389\" srcset=\"https:\/\/www.dianagubas.com\/new\/wp-content\/uploads\/2022\/01\/cadou_cont_nou.png 353w, https:\/\/www.dianagubas.com\/new\/wp-content\/uploads\/2022\/01\/cadou_cont_nou-11x12.png 11w, https:\/\/www.dianagubas.com\/new\/wp-content\/uploads\/2022\/01\/cadou_cont_nou-300x331.png 300w\" sizes=\"(max-width: 353px) 100vw, 353px\" \/><!-- [et_pb_line_break_holder] --><\/p>\n<ul class=\"cta-list\"><!-- [et_pb_line_break_holder] -->  <\/p>\n<li>Reducere 25% \u00eenc\u0103 de la prima cump\u0103ratur\u0103.<\/li>\n<p><!-- [et_pb_line_break_holder] -->  <\/p>\n<li>Programul de loialitate LRP cu acumulare de puncte<\/li>\n<p><!-- [et_pb_line_break_holder] -->  <\/p>\n<li>Promo\u021bii lunare (produsul lunii gratis).<\/li>\n<p><!-- [et_pb_line_break_holder] -->  <\/p>\n<li>Avantaj client NOU: iti oferim GRATIS ulei de cocos fractionat si capsule vegetale<\/li>\n<p><!-- [et_pb_line_break_holder] -->  <\/p>\n<li>Asisten\u021b\u0103 personal\u0103 \u00een utilizarea uleiurilor esen\u021biale doTERRA.<\/li>\n<p><!-- [et_pb_line_break_holder] --><\/ul>\n<p><!-- [et_pb_line_break_holder] --><pee style=\"text-align:center; display:none;\"><!-- [et_pb_line_break_holder] --> <a href=\"\/creare-cont-doterra\/\" style=\"color: #fff; text-decoration: underline;\">Afl\u0103 mai multe despre ce \u00eenseamn\u0103 s\u0103 fii membru doTERRA.<\/a><!-- [et_pb_line_break_holder] --><\/pee><!-- [et_pb_line_break_holder] -->  <pee style=\"text-align:center;\"><a href=\"\/creare-cont-doterra\/\" id=\"sign\">De ce sa imi fac cont doTERRA?<\/a><\/pee><!-- [et_pb_line_break_holder] --><\/div>\n<p>[\/et_pb_code][\/et_pb_column][\/et_pb_row][\/et_pb_section]<\/p>\n","protected":false},"excerpt":{"rendered":"<p>Amestecul roll-on Tea Tree (Melaleuca) Touch de la doTerra combin\u0103 Uleiul esen\u021bial de Arbore de Ceai (Tea Tree\/Melaleuca) \u0219i Uleiul de cocos frac\u021bionat pentru a oferi acelea\u0219i beneficii topice excelente ale uleiului esen\u021bial, \u00eentr-o formul\u0103 prediluat\u0103, mai delicat\u0103 \u0219i mai rapid de folosit.Uleiul de Arbore de Ceai a fost o necesitate zilnic\u0103 pentru multe dintre [&hellip;]<\/p>\n","protected":false},"featured_media":51150,"template":"","meta":{"_acf_changed":false,"_et_pb_use_builder":"on","_et_pb_old_content":"","_et_gb_content_width":"","inline_featured_image":false},"product_brand":[],"product_cat":[72,63],"product_tag":[],"class_list":{"0":"post-51041","1":"product","2":"type-product","3":"status-publish","4":"has-post-thumbnail","6":"product_cat-amestecuri-roll-on-touch","7":"product_cat-uleiuri-esentiale-doterra","9":"first","10":"instock","11":"sale","12":"shipping-taxable","13":"purchasable","14":"product-type-simple"},"acf":[],"_links":{"self":[{"href":"https:\/\/www.dianagubas.com\/en\/wp-json\/wp\/v2\/product\/51041","targetHints":{"allow":["GET"]}}],"collection":[{"href":"https:\/\/www.dianagubas.com\/en\/wp-json\/wp\/v2\/product"}],"about":[{"href":"https:\/\/www.dianagubas.com\/en\/wp-json\/wp\/v2\/types\/product"}],"wp:featuredmedia":[{"embeddable":true,"href":"https:\/\/www.dianagubas.com\/en\/wp-json\/wp\/v2\/media\/51150"}],"wp:attachment":[{"href":"https:\/\/www.dianagubas.com\/en\/wp-json\/wp\/v2\/media?parent=51041"}],"wp:term":[{"taxonomy":"product_brand","embeddable":true,"href":"https:\/\/www.dianagubas.com\/en\/wp-json\/wp\/v2\/product_brand?post=51041"},{"taxonomy":"product_cat","embeddable":true,"href":"https:\/\/www.dianagubas.com\/en\/wp-json\/wp\/v2\/product_cat?post=51041"},{"taxonomy":"product_tag","embeddable":true,"href":"https:\/\/www.dianagubas.com\/en\/wp-json\/wp\/v2\/product_tag?post=51041"}],"curies":[{"name":"wp","href":"https:\/\/api.w.org\/{rel}","templated":true}]}}