{"id":51258,"date":"2021-11-04T14:58:15","date_gmt":"2021-11-04T12:58:15","guid":{"rendered":"https:\/\/www.dianagubas.com\/?post_type=product&#038;p=51258"},"modified":"2024-03-01T15:42:18","modified_gmt":"2024-03-01T13:42:18","slug":"lotiune-pentru-maini-citrus-bliss-doterra-spa","status":"publish","type":"product","link":"https:\/\/www.dianagubas.com\/en\/aromaterapie\/lotiune-pentru-maini-citrus-bliss-doterra-spa\/","title":{"rendered":"Lo\u021biune pentru m\u00e2ini Citrus Bliss doTerra Spa"},"content":{"rendered":"<p>[et_pb_section fb_built=&#8221;1&#8243; _builder_version=&#8221;4.16&#8243; _module_preset=&#8221;default&#8221; global_colors_info=&#8221;{}&#8221;][et_pb_row _builder_version=&#8221;4.16&#8243; _module_preset=&#8221;default&#8221; global_colors_info=&#8221;{}&#8221;][et_pb_column type=&#8221;4_4&#8243; _builder_version=&#8221;4.16&#8243; _module_preset=&#8221;default&#8221; global_colors_info=&#8221;{}&#8221;][et_pb_wc_title _builder_version=&#8221;4.16&#8243; _module_preset=&#8221;default&#8221; header_text_align=&#8221;center&#8221; global_colors_info=&#8221;{}&#8221;][\/et_pb_wc_title][et_pb_video src=&#8221;https:\/\/youtu.be\/ifrMEG-yBZ0&#8243; _builder_version=&#8221;4.16&#8243; _module_preset=&#8221;default&#8221; global_colors_info=&#8221;{}&#8221;][\/et_pb_video][\/et_pb_column][\/et_pb_row][\/et_pb_section][et_pb_section fb_built=&#8221;1&#8243; _builder_version=&#8221;4.16&#8243; _module_preset=&#8221;default&#8221; global_colors_info=&#8221;{}&#8221;][et_pb_row column_structure=&#8221;2_5,3_5&#8243; _builder_version=&#8221;4.16&#8243; _module_preset=&#8221;default&#8221; global_colors_info=&#8221;{}&#8221;][et_pb_column type=&#8221;2_5&#8243; _builder_version=&#8221;4.16&#8243; _module_preset=&#8221;default&#8221; global_colors_info=&#8221;{}&#8221;][et_pb_wc_images show_sale_badge=&#8221;off&#8221; _builder_version=&#8221;4.16&#8243; _module_preset=&#8221;default&#8221; global_colors_info=&#8221;{}&#8221;][\/et_pb_wc_images][\/et_pb_column][et_pb_column type=&#8221;3_5&#8243; _builder_version=&#8221;4.16&#8243; _module_preset=&#8221;default&#8221; global_colors_info=&#8221;{}&#8221;][et_pb_text admin_label=&#8221;Descriere&#8221; _builder_version=&#8221;4.16&#8243; _module_preset=&#8221;default&#8221; global_colors_info=&#8221;{}&#8221;]<\/p>\n<p>Lo\u021biunea pentru m\u00e2ini Citrus Bliss din gama doTerra Spa creaz\u0103 o experien\u021b\u0103 superioar\u0103 de hidratare, oferind un boost de energie rutinei tale zilnice \u0219i stimul\u00e2nd tonifierea \u0219i frumuse\u021bea pielii.<\/p>\n<p>\u00cembin\u00e2nd beneficiile uleiurilor esen\u021biale de Portocal\u0103 s\u0103lbatic\u0103, L\u0103m\u00e2ie, Grapefruit, Mandarin\u0103, Bergamot\u0103, Tangerin\u0103 \u0219i Clementin\u0103, cu o not\u0103 de Vanilie Absolut, amestecul revigorant Citrus Bliss doTerra, care st\u0103 la baza Lo\u021biunii pentru m\u00e2ini Citrus Bliss, este un produs unic \u0219i armonios, cu un parfum vesel, dulce \u0219i proasp\u0103t, care \u00eembun\u0103t\u0103\u021be\u0219te starea de spirit \u0219i favorizeaz\u0103 g\u00e2ndirea pozitiv\u0103.<\/p>\n<p>Linia de produse doTerra Spa, din care face parte \u0219i Lo\u021biunea pentru m\u00e2ini Citrus Bliss, folose\u0219te uleiuri esen\u021biale pure CPTG, de cea mai \u00eenalt\u0103 calitate, pentru a-\u021bi oferi produse spa extrem de aromatice \u0219i care hr\u0103nesc pielea.<br \/>Fie c\u0103 te afli \u00eentr-o c\u0103l\u0103torie sau \u00ee\u021bi dore\u0219ti o experien\u021b\u0103 relaxant\u0103 de spa acas\u0103, produsele din colec\u021bia doTerra Spa \u00ee\u021bi vor oferi \u00een mod sigur r\u0103sf\u0103\u021bul dup\u0103 care t\u00e2nje\u0219ti.<\/p>\n<p>[\/et_pb_text][et_pb_divider color=&#8221;#e3e0df&#8221; _builder_version=&#8221;4.16&#8243; _module_preset=&#8221;default&#8221; global_colors_info=&#8221;{}&#8221;][\/et_pb_divider][et_pb_text admin_label=&#8221;Pret fara cont&#8221; module_class=&#8221;regular_price&#8221; _builder_version=&#8221;4.16&#8243; _dynamic_attributes=&#8221;content&#8221; _module_preset=&#8221;default&#8221; global_colors_info=&#8221;{}&#8221;]@ET-DC@eyJkeW5hbWljIjp0cnVlLCJjb250ZW50IjoiY3VzdG9tX21ldGFfX3JlZ3VsYXJfcHJpY2UiLCJzZXR0aW5ncyI6eyJiZWZvcmUiOiJQUkVcdTAyMWEgRlx1MDEwMlJcdTAxMDIgQ09OVCBET1RFUlJBIDogIiwiYWZ0ZXIiOiJcdTIwYWMiLCJlbmFibGVfaHRtbCI6Im9uIn19@[\/et_pb_text][et_pb_text admin_label=&#8221;Pret membru&#8221; module_class=&#8221;member_price&#8221; _builder_version=&#8221;4.16&#8243; _dynamic_attributes=&#8221;content&#8221; _module_preset=&#8221;default&#8221; global_colors_info=&#8221;{}&#8221;]@ET-DC@eyJkeW5hbWljIjp0cnVlLCJjb250ZW50IjoiY3VzdG9tX21ldGFfX3NhbGVfcHJpY2UiLCJzZXR0aW5ncyI6eyJiZWZvcmUiOiJQUkVcdTAyMWEgREUgTUVNQlJVOiIsImFmdGVyIjoiXHUyMGFjIiwiZW5hYmxlX2h0bWwiOiJvbiJ9fQ==@[\/et_pb_text][et_pb_divider color=&#8221;#e3e0df&#8221; _builder_version=&#8221;4.16&#8243; _module_preset=&#8221;default&#8221; global_colors_info=&#8221;{}&#8221;][\/et_pb_divider][et_pb_button button_url=&#8221;@ET-DC@eyJkeW5hbWljIjp0cnVlLCJjb250ZW50IjoiY3VzdG9tX21ldGFfbGlua19jb21hbmRhIiwic2V0dGluZ3MiOnsiYmVmb3JlIjoiIiwiYWZ0ZXIiOiIiLCJlbmFibGVfaHRtbCI6Im9mZiJ9fQ==@&#8221; button_text=&#8221;COMANDA RAPID&#8221; _builder_version=&#8221;4.19.4&#8243; _dynamic_attributes=&#8221;button_url&#8221; _module_preset=&#8221;default&#8221; global_module=&#8221;50890&#8243; saved_tabs=&#8221;all&#8221; global_colors_info=&#8221;{}&#8221;][\/et_pb_button][et_pb_text admin_label=&#8221;Vreau sa devin membru&#8221; _builder_version=&#8221;4.19.4&#8243; _module_preset=&#8221;default&#8221; saved_tabs=&#8221;all&#8221; global_colors_info=&#8221;{}&#8221; global_module=&#8221;52172&#8243; theme_builder_area=&#8221;post_content&#8221;]<\/p>\n<p><a href=\"#membru\">Vreau sa devin membru doTerra!<\/a><\/p>\n<p>[\/et_pb_text][\/et_pb_column][\/et_pb_row][\/et_pb_section][et_pb_section fb_built=&#8221;1&#8243; admin_label=&#8221;Sectiune #f8f2ea bg &#8211; Descriere&#8221; _builder_version=&#8221;4.16&#8243; _module_preset=&#8221;default&#8221; background_color=&#8221;#f8f2ea&#8221; global_colors_info=&#8221;{}&#8221;][et_pb_row _builder_version=&#8221;4.16&#8243; _module_preset=&#8221;default&#8221; global_colors_info=&#8221;{}&#8221;][et_pb_column type=&#8221;4_4&#8243; _builder_version=&#8221;4.16&#8243; _module_preset=&#8221;default&#8221; global_colors_info=&#8221;{}&#8221;][et_pb_text _builder_version=&#8221;4.16&#8243; _module_preset=&#8221;default&#8221; global_colors_info=&#8221;{}&#8221;]<\/p>\n<h3>Lo\u021biune pentru m\u00e2ini Citrus Bliss doTerra \u2013 Descriere<\/h3>\n<p>Formula delicat\u0103 \u0219i hidratant\u0103 a Lo\u021biunii pentru m\u00e2ini Citrus Bliss de la doTerra reduce aspectul imperfec\u021biunilor pielii \u0219i calmeaz\u0103 pielea uscat\u0103 \u0219i deteriorat\u0103, substan\u021bele emoliente de \u00eengrijire \u0219i extractele naturale din plante men\u021bin\u00e2ndu-i s\u0103n\u0103tatea \u0219i hidratarea.<\/p>\n<p>Lo\u021biunea pentru m\u00e2ini se absoarbe u\u0219or, conferind pielii un aspect \u0219i o textur\u0103 catifelat\u0103, non-gras\u0103.<br \/>Extractul de orz este bine cunoscut pentru propriet\u0103\u021bile sale de \u00eentinerire a pielii \u0219i de sus\u021binere a unui aspect uniform al culorii pielii, \u00een timp ce extractul de aloe a fost utilizat de-a lungul secolelor pentru a hidrata \u0219i a conferi pielii o textur\u0103 catifelat\u0103.<\/p>\n<p>Dincolo de beneficiile sale pentru hidratare \u0219i \u00eengrijire a pielii, con\u021binutul de uleiuri esen\u021biale al Lo\u021biunii pentru m\u00e2ini Citrus Bliss te va ajuta s\u0103 te bucuri de aromele revigorante ale amestecului exclusiv Citrus Bliss, ce contribuie la reducerea stresului \u0219i binedispune, \u00een orice moment.<br \/>\u00cen plus, Lo\u021biunea pentru m\u00e2ini Citrus Bliss este ambalat\u0103 \u00eentr-un recipient mic \u0219i u\u0219or de utilizat, fiind perfect\u0103 pentru c\u0103l\u0103torii \u0219i asigur\u00e2nd hidratarea m\u00e2inilor pe tot parcursul zilei.<\/p>\n<p>[\/et_pb_text][\/et_pb_column][\/et_pb_row][\/et_pb_section][et_pb_section fb_built=&#8221;1&#8243; admin_label=&#8221;Sectiune white bg &#8211; Beneficii \u0219i Mod de utilizare&#8221; _builder_version=&#8221;4.16&#8243; _module_preset=&#8221;default&#8221; background_enable_color=&#8221;off&#8221; global_colors_info=&#8221;{}&#8221;][et_pb_row _builder_version=&#8221;4.16&#8243; _module_preset=&#8221;default&#8221; global_colors_info=&#8221;{}&#8221;][et_pb_column type=&#8221;4_4&#8243; _builder_version=&#8221;4.16&#8243; _module_preset=&#8221;default&#8221; global_colors_info=&#8221;{}&#8221;][et_pb_text _builder_version=&#8221;4.16&#8243; _module_preset=&#8221;default&#8221; global_colors_info=&#8221;{}&#8221;]<\/p>\n<h3>Lo\u021biune pentru m\u00e2ini Citrus Bliss doTerra \u2013 Beneficii \u0219i Mod de utilizare<\/h3>\n<ul>\n<li>\u00a0Folose\u0219te Lo\u021biunea pentru m\u00e2ini Citrus Bliss atunci c\u00e2nd vrei s\u0103 te bucuri de aroma r\u0103coritoare a amestecului Citrus Bliss doTerra, sau c\u00e2nd ai nevoie s\u0103 hr\u0103ne\u0219ti pielea uscat\u0103 \u0219i tern\u0103 a m\u00e2inilor.<\/li>\n<li>\u00a0Flaconul de dimensiuni mici al Lo\u021biunii pentru m\u00e2ini Citrus Bliss doTerra \u00ee\u021bi permite s\u0103 \u00eel por\u021bi cu tine \u00een geant\u0103, \u00een ma\u0219in\u0103 sau \u00een rucsacul de c\u0103l\u0103torie, pentru a te bucura de aroma \u0219i de beneficiile sale incredibile, chiar \u0219i atunci c\u00e2nd nu e\u0219ti acas\u0103 \u0219i pentru a-\u021bi men\u021bine m\u00e2inile hidratate oriunde \u0219i oric\u00e2nd.<\/li>\n<li>\u00a0Revigoreaz\u0103-\u021bi sim\u021burile \u0219i d\u0103 un boost bine meritat st\u0103rii tale de spirit, aplic\u00e2nd pe parcursul zilei la birou un strat sub\u021bire de Lo\u021biune pentru m\u00e2ini Citrus Bliss \u0219i inspir\u00e2nd profund. Te vei bucura de aroma energizant\u0103 \u0219i \u00een\u0103l\u021b\u0103toare a acestui amestec, pentru a duce ziua la bun sf\u00e2r\u0219it cu succes.<\/li>\n<li>\u00a0Folose\u0219te Lo\u021biunea pentru m\u00e2ini Citrus Bliss la birou, chiar \u0219i \u00eenainte de a intra \u00eentr-o \u0219edin\u021b\u0103 pentru care ai nevoie de un plus de energie \u0219i de o stare de bine. Formula unic\u0103 a Lo\u021biunii Citrus Bliss va fi imediat asborbit\u0103 \u00een piele \u0219i nu \u00ee\u021bi va l\u0103sa senza\u021bia derajant\u0103 de piele gras\u0103. Vei putea astfel semna \u0219i citi documente \u0219i vei putea str\u00e2nge m\u00e2na celor cu care stai de vorb\u0103, f\u0103r\u0103 s\u0103 le la\u0219i pe m\u00e2ini un strat de crem\u0103. Dimpotriv\u0103, fine\u021bea \u0219i delicate\u021bea m\u00e2inilor tale va fi invidiat\u0103, la fel ca \u0219i mirosul \u00eenc\u00e2nt\u0103tor.<\/li>\n<\/ul>\n<p>[\/et_pb_text][\/et_pb_column][\/et_pb_row][\/et_pb_section][et_pb_section fb_built=&#8221;1&#8243; admin_label=&#8221;Sectiune #f8f2ea bg &#8211; Instruc\u021biuni de utilizare&#8221; _builder_version=&#8221;4.16&#8243; _module_preset=&#8221;default&#8221; background_color=&#8221;#f8f2ea&#8221; global_colors_info=&#8221;{}&#8221;][et_pb_row _builder_version=&#8221;4.16&#8243; _module_preset=&#8221;default&#8221; global_colors_info=&#8221;{}&#8221;][et_pb_column type=&#8221;4_4&#8243; _builder_version=&#8221;4.16&#8243; _module_preset=&#8221;default&#8221; global_colors_info=&#8221;{}&#8221;][et_pb_text _builder_version=&#8221;4.16&#8243; _module_preset=&#8221;default&#8221; global_colors_info=&#8221;{}&#8221;]<\/p>\n<h3>Lo\u021biune pentru m\u00e2ini Citrus Bliss doTerra \u2013 Instruc\u021biuni de utilizare<\/h3>\n<p><strong>Uz extern:<\/strong> Aplic\u0103 pe m\u00e2ini pentru a combate senza\u021bia de piele uscat\u0103 \u0219i pentru a te bucura de aroma perfect\u0103 a amestecului revigorant Citrus Bliss.<\/p>\n<p>[\/et_pb_text][\/et_pb_column][\/et_pb_row][\/et_pb_section][et_pb_section fb_built=&#8221;1&#8243; admin_label=&#8221;Sectiune white bg &#8211; Ingrediente&#8221; _builder_version=&#8221;4.16&#8243; _module_preset=&#8221;default&#8221; background_enable_color=&#8221;off&#8221; global_colors_info=&#8221;{}&#8221;][et_pb_row _builder_version=&#8221;4.16&#8243; _module_preset=&#8221;default&#8221; global_colors_info=&#8221;{}&#8221;][et_pb_column type=&#8221;4_4&#8243; _builder_version=&#8221;4.16&#8243; _module_preset=&#8221;default&#8221; global_colors_info=&#8221;{}&#8221;][et_pb_text _builder_version=&#8221;4.16&#8243; _module_preset=&#8221;default&#8221; global_colors_info=&#8221;{}&#8221;]<\/p>\n<h3>Lo\u021biune pentru m\u00e2ini Citrus Bliss doTerra \u2013 Ingrediente principale<\/h3>\n<p><em>Amestecul revigorant Citrus Bliss doTerra<\/em><br \/>Ulei esen\u021bial de Portocal\u0103 S\u0103lbatic\u0103<br \/>Ulei esen\u021bial de L\u0103m\u00e2ie<br \/>Ulei esen\u021bial de Grapefruit<br \/>Ulei esen\u021bial de Mandarin\u0103<br \/>Ulei esen\u021bial de Bergamot\u0103<br \/>Ulei esen\u021bial de Tangerin\u0103<br \/>Ulei esen\u021bial de Clementin\u0103<\/p>\n<p>Ulei din Semin\u021be de Floarea-soarelui<br \/>Ulei din Semin\u021be de Macadamia<br \/>Extract de Orz<br \/>Extract de Aloe<\/p>\n<p>[\/et_pb_text][\/et_pb_column][\/et_pb_row][\/et_pb_section][et_pb_section fb_built=&#8221;1&#8243; admin_label=&#8221;Sectiune #f8f2ea bg &#8211; M\u0103suri de precau\u021bie&#8221; _builder_version=&#8221;4.16&#8243; _module_preset=&#8221;default&#8221; background_color=&#8221;#f8f2ea&#8221; global_colors_info=&#8221;{}&#8221;][et_pb_row _builder_version=&#8221;4.16&#8243; _module_preset=&#8221;default&#8221; global_colors_info=&#8221;{}&#8221;][et_pb_column type=&#8221;4_4&#8243; _builder_version=&#8221;4.16&#8243; _module_preset=&#8221;default&#8221; global_colors_info=&#8221;{}&#8221;][et_pb_text _builder_version=&#8221;4.16&#8243; _module_preset=&#8221;default&#8221; global_colors_info=&#8221;{}&#8221;]<\/p>\n<h3>Lo\u021biune pentru m\u00e2ini Citrus Bliss doTerra \u2013 M\u0103suri de precau\u021bie<\/h3>\n<p>Evit\u0103 contactul direct cu ochii. Evit\u0103 c\u0103ldura excesiv\u0103. Dac\u0103 apare o irita\u021bie a pielii, \u00eentrerupe utilizarea.<\/p>\n<p><strong>Furnizor:<\/strong> import USA, doTerra LLC 389 South West Pleasant Grove UT 84062.<br \/><strong>Modalitate de prezentare:<\/strong> 1 recipient de 75 ml<\/p>\n<p>Toate produsele doTerra sunt Certificate \u00een USA cu Certificat cu grad terapeutic pur.<\/p>\n<p>[\/et_pb_text][\/et_pb_column][\/et_pb_row][\/et_pb_section][et_pb_section fb_built=&#8221;1&#8243; admin_label=&#8221;Disclaimer&#8221; _builder_version=&#8221;4.9.10&#8243; _module_preset=&#8221;default&#8221; custom_margin=&#8221;0px||0px||false|false&#8221; custom_padding=&#8221;30px||30px||true|false&#8221; global_module=&#8221;49931&#8243; saved_tabs=&#8221;all&#8221; global_colors_info=&#8221;{}&#8221;][et_pb_row _builder_version=&#8221;4.16&#8243; _module_preset=&#8221;default&#8221; global_colors_info=&#8221;{}&#8221;][et_pb_column type=&#8221;4_4&#8243; _builder_version=&#8221;4.16&#8243; _module_preset=&#8221;default&#8221; global_colors_info=&#8221;{}&#8221;][et_pb_divider _builder_version=&#8221;4.16&#8243; _module_preset=&#8221;default&#8221; width=&#8221;100px&#8221; max_width=&#8221;100px&#8221; custom_margin=&#8221;0px||0px||false|false&#8221; custom_padding=&#8221;0px||0px||false|false&#8221; global_colors_info=&#8221;{}&#8221;][\/et_pb_divider][et_pb_text _builder_version=&#8221;4.16&#8243; _module_preset=&#8221;default&#8221; global_colors_info=&#8221;{}&#8221;]<\/p>\n<p><img loading=\"lazy\" decoding=\"async\" src=\"https:\/\/www.dianagubas.com\/new\/wp-content\/uploads\/2021\/08\/alert-circle@1x.png\" width=\"24\" height=\"24\" alt=\"\" class=\"wp-image-49942 alignleft size-full\" srcset=\"https:\/\/www.dianagubas.com\/new\/wp-content\/uploads\/2021\/08\/alert-circle@1x.png 24w, https:\/\/www.dianagubas.com\/new\/wp-content\/uploads\/2021\/08\/alert-circle@1x-12x12.png 12w\" sizes=\"(max-width: 24px) 100vw, 24px\" \/>Acest produs nu are rolul de a diagnostica, trata, vindeca sau preveni orice boal\u0103. Consult\u0103 medicul \u00eenainte de utilizare. Dac\u0103 ai alergie la oricare component din compozi\u021bie, nu folosi acest produs.<\/p>\n<p>[\/et_pb_text][\/et_pb_column][\/et_pb_row][\/et_pb_section][et_pb_section fb_built=&#8221;1&#8243; admin_label=&#8221;CTA&#8221; _builder_version=&#8221;4.14.5&#8243; _module_preset=&#8221;default&#8221; background_enable_color=&#8221;off&#8221; width=&#8221;100%&#8221; max_width=&#8221;100%&#8221; custom_margin=&#8221;||50px||false|false&#8221; global_module=&#8221;49932&#8243; saved_tabs=&#8221;all&#8221; global_colors_info=&#8221;{}&#8221;][et_pb_row module_id=&#8221;cta-row&#8221; _builder_version=&#8221;4.16&#8243; _module_preset=&#8221;default&#8221; width=&#8221;96%&#8221; border_radii=&#8221;on|30px|30px|30px|30px&#8221; global_colors_info=&#8221;{}&#8221;][et_pb_column type=&#8221;4_4&#8243; _builder_version=&#8221;4.16&#8243; _module_preset=&#8221;default&#8221; global_colors_info=&#8221;{}&#8221;][et_pb_code module_id=&#8221;cta-section&#8221; _builder_version=&#8221;4.17.4&#8243; _module_preset=&#8221;default&#8221; global_colors_info=&#8221;{}&#8221;]<\/p>\n<style>\/* Animated Call To Action *\/<!-- [et_pb_line_break_holder] --> <!-- [et_pb_line_break_holder] -->\/*** style CTA section and row when waypoint is not triggered ***\/<!-- [et_pb_line_break_holder] -->#cta-section {<!-- [et_pb_line_break_holder] -->    padding: 0 80px;<!-- [et_pb_line_break_holder] -->    transition: all .8s ease;<!-- [et_pb_line_break_holder] -->    -moz-transition: all .8s ease;<!-- [et_pb_line_break_holder] -->    -webkit-transition: all .8s ease;<!-- [et_pb_line_break_holder] -->}<!-- [et_pb_line_break_holder] -->#cta-row {<!-- [et_pb_line_break_holder] -->    margin: 80px auto 0 auto;<!-- [et_pb_line_break_holder] -->    padding: 80px 0;<!-- [et_pb_line_break_holder] -->    max-width: 100%;<!-- [et_pb_line_break_holder] -->    background-color: #cda575;<!-- [et_pb_line_break_holder] -->    -moz-border-radius: 20px;<!-- [et_pb_line_break_holder] -->    -webkit-border-radius: 20px;<!-- [et_pb_line_break_holder] -->    border-radius: 20px;<!-- [et_pb_line_break_holder] -->    box-shadow: 0px 10px 50px #939fa9;<!-- [et_pb_line_break_holder] -->    transition: all .8s ease;<!-- [et_pb_line_break_holder] -->    -moz-transition: all .8s ease;<!-- [et_pb_line_break_holder] -->    -webkit-transition: all .8s ease;<!-- [et_pb_line_break_holder] --> <!-- [et_pb_line_break_holder] -->}<!-- [et_pb_line_break_holder] -->\/*** Style CTA section and row once waypoint toggles animate-cta class ***\/<!-- [et_pb_line_break_holder] -->#cta-section.animate-cta {<!-- [et_pb_line_break_holder] -->    padding: 46px 0 66px 0;<!-- [et_pb_line_break_holder] -->    overflow: hidden;<!-- [et_pb_line_break_holder] -->}<!-- [et_pb_line_break_holder] -->.animate-cta #cta-row {<!-- [et_pb_line_break_holder] -->    margin: 0 auto 0 auto;<!-- [et_pb_line_break_holder] -->    -webkit-transform: scale(1.1);<!-- [et_pb_line_break_holder] -->    transform: scale(1.1);<!-- [et_pb_line_break_holder] -->    background-color: #cda575;<!-- [et_pb_line_break_holder] -->    width: inherit;<!-- [et_pb_line_break_holder] -->}<!-- [et_pb_line_break_holder] -->\/*** style button ***\/<!-- [et_pb_line_break_holder] --> <!-- [et_pb_line_break_holder] -->#sign {<!-- [et_pb_line_break_holder] -->    display: inline-block;<!-- [et_pb_line_break_holder] -->    color: #fff;<!-- [et_pb_line_break_holder] -->    text-transform: uppercase;<!-- [et_pb_line_break_holder] -->    font-size: 16px;<!-- [et_pb_line_break_holder] -->    font-weight: 600;<!-- [et_pb_line_break_holder] -->    background-color: #000000;<!-- [et_pb_line_break_holder] -->    padding: 20px 40px;<!-- [et_pb_line_break_holder] -->    margin-top: 30px;<!-- [et_pb_line_break_holder] -->    border-radius: 60px;<!-- [et_pb_line_break_holder] -->    -webkit-border-radius: 60px;<!-- [et_pb_line_break_holder] -->    -moz-border-radius: 60px;<!-- [et_pb_line_break_holder] -->    transition: all .8s ease;<!-- [et_pb_line_break_holder] -->    -webkit-transition: all .8s ease;<!-- [et_pb_line_break_holder] -->    -webkit-transition: all .8s ease;<!-- [et_pb_line_break_holder] -->    box-shadow: 0px 5px 20px #220901;<!-- [et_pb_line_break_holder] -->    -moz-box-shadow: 0px 5px 20px #220901;<!-- [et_pb_line_break_holder] -->    -webkit-box-shadow: 0px 10px 50px #220901;<!-- [et_pb_line_break_holder] -->}<!-- [et_pb_line_break_holder] -->#sign:hover {<!-- [et_pb_line_break_holder] -->    background-color: #621708;<!-- [et_pb_line_break_holder] -->    box-shadow: 0px 20px 80px #220901;<!-- [et_pb_line_break_holder] -->    -moz-box-shadow: 0px 20px 80px #220901;<!-- [et_pb_line_break_holder] -->    -webkit-box-shadow: 0px 20px 80px #220901;<!-- [et_pb_line_break_holder] -->    color: #fff;<!-- [et_pb_line_break_holder] -->}<!-- [et_pb_line_break_holder] --> <!-- [et_pb_line_break_holder] -->\/*** style content within the code module ***\/<!-- [et_pb_line_break_holder] --> <!-- [et_pb_line_break_holder] -->.cta-info{<!-- [et_pb_line_break_holder] -->    color: #fff;<!-- [et_pb_line_break_holder] -->    text-align: center;<!-- [et_pb_line_break_holder] -->    margin: 0 auto !important;<!-- [et_pb_line_break_holder] -->    max-width: 96%;<!-- [et_pb_line_break_holder] -->    padding: 50px 10px;<!-- [et_pb_line_break_holder] -->}<!-- [et_pb_line_break_holder] -->.cta-info h3 {color: #fff;}<!-- [et_pb_line_break_holder] -->.cta-list {text-align: left;}<!-- [et_pb_line_break_holder] -->ul.cta-list li:before {<!-- [et_pb_line_break_holder] -->  font-family: 'ETmodules'!important;<!-- [et_pb_line_break_holder] -->    speak: none;<!-- [et_pb_line_break_holder] -->    font-style: normal;<!-- [et_pb_line_break_holder] -->    font-weight: 400;<!-- [et_pb_line_break_holder] -->    -webkit-font-feature-settings: normal;<!-- [et_pb_line_break_holder] -->    font-feature-settings: normal;<!-- [et_pb_line_break_holder] -->    font-variant: normal;<!-- [et_pb_line_break_holder] -->    text-transform: none;<!-- [et_pb_line_break_holder] -->    line-height: 1;<!-- [et_pb_line_break_holder] -->    -webkit-font-smoothing: antialiased;<!-- [et_pb_line_break_holder] -->    -moz-osx-font-smoothing: grayscale;<!-- [et_pb_line_break_holder] -->    text-shadow: 0px 0px;<!-- [et_pb_line_break_holder] -->    direction: ltr;<!-- [et_pb_line_break_holder] -->    font-size: 22px;<!-- [et_pb_line_break_holder] -->    content: \"\\4e\";<!-- [et_pb_line_break_holder] -->    position: absolute;<!-- [et_pb_line_break_holder] -->    margin-left: -29px;<!-- [et_pb_line_break_holder] -->    margin-top: 7px;<!-- [et_pb_line_break_holder] -->}<!-- [et_pb_line_break_holder] --><\/style>\n<p><!-- [et_pb_line_break_holder] --><\/p>\n<div class=\"cta-info\"><!-- [et_pb_line_break_holder] --> <!-- [et_pb_line_break_holder] --><\/p>\n<h3>Vrei s\u0103 achizi\u021bionezi uleiurile esen\u021biale sau produsele doTERRA? <\/h3>\n<p><!-- [et_pb_line_break_holder] --> <!-- [et_pb_line_break_holder] --><pee style=\"text-align: left;\">Cea mai avantajoas\u0103 metod\u0103 de a intra \u00een posesia uleiurilor esen\u0163iale \u015fi a produselor de la doTERRA este prin crearea unui cont de membru (client) doTERRA. <!\u2013- [et_pb_br_holder] -\u2013>Cre\u00e2ndu-\u021bi un cont de membru (client) doTERRA ai o mul\u021bime de avantaje:<\/pee><img loading=\"lazy\" decoding=\"async\" class=\"alignright size-full wp-image-51781\" src=\"https:\/\/www.dianagubas.com\/new\/wp-content\/uploads\/2022\/01\/cadou_cont_nou.png\" alt=\"Avantaj client NOU: iti oferim GRATIS fractionate coconut oil si capsule vegetale\" width=\"353\" height=\"389\" srcset=\"https:\/\/www.dianagubas.com\/new\/wp-content\/uploads\/2022\/01\/cadou_cont_nou.png 353w, https:\/\/www.dianagubas.com\/new\/wp-content\/uploads\/2022\/01\/cadou_cont_nou-11x12.png 11w, https:\/\/www.dianagubas.com\/new\/wp-content\/uploads\/2022\/01\/cadou_cont_nou-300x331.png 300w\" sizes=\"(max-width: 353px) 100vw, 353px\" \/><!-- [et_pb_line_break_holder] --><\/p>\n<ul class=\"cta-list\"><!-- [et_pb_line_break_holder] -->  <\/p>\n<li>Reducere 25% \u00eenc\u0103 de la prima cump\u0103ratur\u0103.<\/li>\n<p><!-- [et_pb_line_break_holder] -->  <\/p>\n<li>Programul de loialitate LRP cu acumulare de puncte<\/li>\n<p><!-- [et_pb_line_break_holder] -->  <\/p>\n<li>Promo\u021bii lunare (produsul lunii gratis).<\/li>\n<p><!-- [et_pb_line_break_holder] -->  <\/p>\n<li>Avantaj client NOU: iti oferim GRATIS ulei de cocos fractionat si capsule vegetale<\/li>\n<p><!-- [et_pb_line_break_holder] -->  <\/p>\n<li>Asisten\u021b\u0103 personal\u0103 \u00een utilizarea uleiurilor esen\u021biale doTERRA.<\/li>\n<p><!-- [et_pb_line_break_holder] --><\/ul>\n<p><!-- [et_pb_line_break_holder] --><pee style=\"text-align:center; display:none;\"><!-- [et_pb_line_break_holder] --> <a href=\"\/creare-cont-doterra\/\" style=\"color: #fff; text-decoration: underline;\">Afl\u0103 mai multe despre ce \u00eenseamn\u0103 s\u0103 fii membru doTERRA.<\/a><!-- [et_pb_line_break_holder] --><\/pee><!-- [et_pb_line_break_holder] -->  <pee style=\"text-align:center;\"><a href=\"\/creare-cont-doterra\/\" id=\"sign\">De ce sa imi fac cont doTERRA?<\/a><\/pee><!-- [et_pb_line_break_holder] --><\/div>\n<p>[\/et_pb_code][\/et_pb_column][\/et_pb_row][\/et_pb_section]<\/p>\n","protected":false},"excerpt":{"rendered":"<p>Lo\u021biunea pentru m\u00e2ini Citrus Bliss din gama doTerra Spa creaz\u0103 o experien\u021b\u0103 superioar\u0103 de hidratare, oferind un boost de energie rutinei tale zilnice \u0219i stimul\u00e2nd tonifierea \u0219i frumuse\u021bea pielii. \u00cembin\u00e2nd beneficiile uleiurilor esen\u021biale de Portocal\u0103 s\u0103lbatic\u0103, L\u0103m\u00e2ie, Grapefruit, Mandarin\u0103, Bergamot\u0103, Tangerin\u0103 \u0219i Clementin\u0103, cu o not\u0103 de Vanilie Absolut, amestecul revigorant Citrus Bliss doTerra, care [&hellip;]<\/p>\n","protected":false},"featured_media":51328,"template":"","meta":{"_acf_changed":false,"_et_pb_use_builder":"on","_et_pb_old_content":"","_et_gb_content_width":"","inline_featured_image":false},"product_brand":[],"product_cat":[76,78],"product_tag":[],"class_list":{"0":"post-51258","1":"product","2":"type-product","3":"status-publish","4":"has-post-thumbnail","6":"product_cat-ingrijire-personala","7":"product_cat-ingrijirea-corpului","9":"first","10":"instock","11":"sale","12":"shipping-taxable","13":"purchasable","14":"product-type-simple"},"acf":[],"_links":{"self":[{"href":"https:\/\/www.dianagubas.com\/en\/wp-json\/wp\/v2\/product\/51258","targetHints":{"allow":["GET"]}}],"collection":[{"href":"https:\/\/www.dianagubas.com\/en\/wp-json\/wp\/v2\/product"}],"about":[{"href":"https:\/\/www.dianagubas.com\/en\/wp-json\/wp\/v2\/types\/product"}],"wp:featuredmedia":[{"embeddable":true,"href":"https:\/\/www.dianagubas.com\/en\/wp-json\/wp\/v2\/media\/51328"}],"wp:attachment":[{"href":"https:\/\/www.dianagubas.com\/en\/wp-json\/wp\/v2\/media?parent=51258"}],"wp:term":[{"taxonomy":"product_brand","embeddable":true,"href":"https:\/\/www.dianagubas.com\/en\/wp-json\/wp\/v2\/product_brand?post=51258"},{"taxonomy":"product_cat","embeddable":true,"href":"https:\/\/www.dianagubas.com\/en\/wp-json\/wp\/v2\/product_cat?post=51258"},{"taxonomy":"product_tag","embeddable":true,"href":"https:\/\/www.dianagubas.com\/en\/wp-json\/wp\/v2\/product_tag?post=51258"}],"curies":[{"name":"wp","href":"https:\/\/api.w.org\/{rel}","templated":true}]}}